{"id":260672,"date":"2025-12-29T16:34:39","date_gmt":"2025-12-29T14:34:39","guid":{"rendered":"https:\/\/totalblue.ro\/?post_type=product&#038;p=260672"},"modified":"2025-12-29T16:36:12","modified_gmt":"2025-12-29T14:36:12","slug":"galeata-joppie-original-sos-25-l-olanda","status":"publish","type":"product","link":"https:\/\/totalblue.ro\/de\/produs\/galeata-joppie-original-sos-25-l-olanda\/","title":{"rendered":"Galeata Joppie Original Sos 2,5 l, Olanda"},"content":{"rendered":"<p><strong>Zutat<\/strong>: Pflanzen\u00f6l (Raps, R\u00fcbe), Wasser, Zucker 15%, Zwiebel 11%, Lebensmittels\u00e4uren: (Essigs\u00e4ure, Zitronens\u00e4ure, Milchs\u00e4ure, Natriumlactat), Eigelb, modifizierte Maisst\u00e4rke, Weizenst\u00e4rke (Gluten), Salz, Konservierungsmittel: E202\/E211, Maltodextrin, Verdickungsmittel: E412\/E415, Antioxidantien: E392\/E385, Kartoffelst\u00e4rke, Farbstoffe: (Carotin, Lutein, E150c), Kr\u00e4uter, Tomatenmark, Aroma (Soja), Weizenmehl (Gluten), Gem\u00fcsepulver, Gew\u00fcrze, Erbsenfaser, S\u00fc\u00dfstoffe: (Acesulfam-K, Aspartam (enth\u00e4lt eine Phenylalaninquelle)), Sellerie, Senf.<br \/>\n<strong>Allergene<\/strong>Enth\u00e4lt: Eier, glutenhaltiges Getreide, Soja, Sellerie, Senf, Weizen.<br \/>\n<strong>N\u00e4hrwertangaben pro 100 g:<\/strong><br \/>\nEnergie 1268 kJ (305 kcal)<br \/>\nFett 23,1 g, davon ges\u00e4ttigtes Fett 1,7 g<br \/>\nKohlenhydrate 23,3 g, davon Zucker 16,1 g<br \/>\nEiwei\u00df 0,8 g<br \/>\nSalz 1,3 g<br \/>\nLagerung: Im K\u00fchlschrank: 1-7\u2103<\/p>\n<p>Hergestellt von Elite Salads &amp; Snacks B.V., Postbus 121, 7160 AC Neede, Die Niederlande<br \/>\nEinf\u00fchrer und H\u00e4ndler Total Blue Impex SRL<\/p>","protected":false},"excerpt":{"rendered":"<p>Atentie: PRODUS CU PRECOMANDA!<br \/>\nAcest produs este disponibil la comanda ferma. Termen de livrare incepand cu 21 de zile lucratoare.<\/p>","protected":false},"featured_media":260673,"comment_status":"open","ping_status":"closed","template":"","meta":{"_acf_changed":false,"_seopress_robots_primary_cat":"1767","_seopress_titles_title":"","_seopress_titles_desc":"","_seopress_robots_index":""},"product_brand":[22364,5929],"product_cat":[1555,3280,31336,1767],"giftcard-category":[],"class_list":{"0":"post-260672","1":"product","2":"type-product","3":"status-publish","4":"has-post-thumbnail","6":"product_brand-elite","7":"product_brand-joppie","8":"product_cat-bacanie","9":"product_cat-condimente-sosuri","10":"product_cat-precomanda","11":"product_cat-produse-olanda","13":"first","14":"onbackorder","15":"taxable","16":"shipping-taxable","17":"purchasable","18":"product-type-simple"},"acf":[],"_links":{"self":[{"href":"https:\/\/totalblue.ro\/de\/wp-json\/wp\/v2\/product\/260672","targetHints":{"allow":["GET"]}}],"collection":[{"href":"https:\/\/totalblue.ro\/de\/wp-json\/wp\/v2\/product"}],"about":[{"href":"https:\/\/totalblue.ro\/de\/wp-json\/wp\/v2\/types\/product"}],"replies":[{"embeddable":true,"href":"https:\/\/totalblue.ro\/de\/wp-json\/wp\/v2\/comments?post=260672"}],"wp:featuredmedia":[{"embeddable":true,"href":"https:\/\/totalblue.ro\/de\/wp-json\/wp\/v2\/media\/260673"}],"wp:attachment":[{"href":"https:\/\/totalblue.ro\/de\/wp-json\/wp\/v2\/media?parent=260672"}],"wp:term":[{"taxonomy":"product_brand","embeddable":true,"href":"https:\/\/totalblue.ro\/de\/wp-json\/wp\/v2\/product_brand?post=260672"},{"taxonomy":"product_cat","embeddable":true,"href":"https:\/\/totalblue.ro\/de\/wp-json\/wp\/v2\/product_cat?post=260672"},{"taxonomy":"giftcard-category","embeddable":true,"href":"https:\/\/totalblue.ro\/de\/wp-json\/wp\/v2\/giftcard-category?post=260672"}],"curies":[{"name":"wp","href":"https:\/\/api.w.org\/{rel}","templated":true}]}}