{"id":26195,"date":"2020-11-16T16:14:58","date_gmt":"2020-11-16T14:14:58","guid":{"rendered":"https:\/\/totalblue.ro\/?post_type=product&#038;p=26195"},"modified":"2025-08-05T15:04:35","modified_gmt":"2025-08-05T12:04:35","slug":"ladorna-lapte-uht-1-5-grasime-1-litru","status":"publish","type":"product","link":"https:\/\/totalblue.ro\/de\/produs\/ladorna-lapte-uht-1-5-grasime-1-litru\/","title":{"rendered":"LaDorna Lapte UHT 1.5% grasime 1 Litru"},"content":{"rendered":"<p>LaDorna Lapte UHT 1.5% grasime 1 Litru<\/p>\n<p>Lapte simplu, \u00een toat\u0103 puritatea sa. Bun\u0103tatea \u0162\u0103rii Dornelor vine la tine acas\u0103 \u015fi e acolo oric\u00e2nd ai nevoie de un pahar plin de gust, rece sau cald, simplu sau ca ingredient-cheie \u00een re\u0163etele tale gustoase.<br \/>\nLapte de consum semidegresat, 1.5% grasime, capacitate 1 litru<br \/>\nUltrapasteurizat<br \/>\nIngrediente: lapte de vaca semidegresat 1.5% grasime, standardizat, omogenizat si ultrapasteurizat<br \/>\nNu necesita fierbere!<br \/>\nSe pastreaza la temperatura mediului ambiant maxim 32\u00b0C. Dupa deschidere , produsul se pastreaza la temperatura de +2\u00b0C&#8230;+4\u00b0C si se consuma in maxim 3 zile.<\/p>","protected":false},"excerpt":{"rendered":"<p>Lapte simplu, \u00een toat\u0103 puritatea sa. Bun\u0103tatea \u0162\u0103rii Dornelor vine la tine acas\u0103 \u015fi e acolo oric\u00e2nd ai nevoie de un pahar plin de gust, rece sau cald, simplu sau ca ingredient-cheie \u00een re\u0163etele tale gustoase.<\/p>","protected":false},"featured_media":26197,"comment_status":"open","ping_status":"closed","template":"","meta":{"_acf_changed":false,"_seopress_robots_primary_cat":"none","_seopress_titles_title":"LaDorna Lapte UHT 1.5% grasime 1 Litru, lapte vaca","_seopress_titles_desc":"Cauti lapte LaDorna? Cumpara Lapte UHT semidegresat 1.5 grasime livrare rapida. Pret ieftin lapte UHT ultrapasteurizat, lapte vaca, lapte dulce.","_seopress_robots_index":""},"product_brand":[1862],"product_cat":[1555],"giftcard-category":[],"class_list":{"0":"post-26195","1":"product","2":"type-product","3":"status-publish","4":"has-post-thumbnail","6":"product_brand-ladorna","7":"product_cat-bacanie","9":"first","10":"outofstock","11":"taxable","12":"shipping-taxable","13":"purchasable","14":"product-type-simple"},"acf":[],"_links":{"self":[{"href":"https:\/\/totalblue.ro\/de\/wp-json\/wp\/v2\/product\/26195","targetHints":{"allow":["GET"]}}],"collection":[{"href":"https:\/\/totalblue.ro\/de\/wp-json\/wp\/v2\/product"}],"about":[{"href":"https:\/\/totalblue.ro\/de\/wp-json\/wp\/v2\/types\/product"}],"replies":[{"embeddable":true,"href":"https:\/\/totalblue.ro\/de\/wp-json\/wp\/v2\/comments?post=26195"}],"wp:featuredmedia":[{"embeddable":true,"href":"https:\/\/totalblue.ro\/de\/wp-json\/wp\/v2\/media\/26197"}],"wp:attachment":[{"href":"https:\/\/totalblue.ro\/de\/wp-json\/wp\/v2\/media?parent=26195"}],"wp:term":[{"taxonomy":"product_brand","embeddable":true,"href":"https:\/\/totalblue.ro\/de\/wp-json\/wp\/v2\/product_brand?post=26195"},{"taxonomy":"product_cat","embeddable":true,"href":"https:\/\/totalblue.ro\/de\/wp-json\/wp\/v2\/product_cat?post=26195"},{"taxonomy":"giftcard-category","embeddable":true,"href":"https:\/\/totalblue.ro\/de\/wp-json\/wp\/v2\/giftcard-category?post=26195"}],"curies":[{"name":"wp","href":"https:\/\/api.w.org\/{rel}","templated":true}]}}