{"id":26241,"date":"2020-11-23T14:07:57","date_gmt":"2020-11-23T12:07:57","guid":{"rendered":"https:\/\/totalblue.ro\/?post_type=product&#038;p=26241"},"modified":"2025-08-07T11:42:28","modified_gmt":"2025-08-07T08:42:28","slug":"mazare-verde-680-g-olympia","status":"publish","type":"product","link":"https:\/\/totalblue.ro\/de\/produs\/mazare-verde-680-g-olympia\/","title":{"rendered":"Mazare verde 680 g Olympia"},"content":{"rendered":"<p>Mazare verde boabe, produs sterilizat.F\u0103r\u0103 conservan\u0163i, bogat\u0103 \u00een fibre.<br \/>\nInhaltsstoff:<br \/>\nMazare, apa, sare.<br \/>\nAn einem k\u00fchlen, trockenen Ort aufbewahren.<br \/>\nDupa deschidere, a se pastra in frigider la max. 4 grade Celsius, intr-un recipient alimentar curat si inchis, si a se consuma in max 48h.<\/p>","protected":false},"excerpt":{"rendered":"<p>Mazare verde boabe, produs sterilizat.F\u0103r\u0103 conservan\u0163i, bogat\u0103 \u00een fibre.<\/p>","protected":false},"featured_media":26242,"comment_status":"open","ping_status":"closed","template":"","meta":{"_acf_changed":false,"_seopress_robots_primary_cat":"none","_seopress_titles_title":"","_seopress_titles_desc":"Mazare verde boabe, produs sterilizat. F\u0103r\u0103 conservan\u0163i, bogat\u0103 \u00een fibre. livrare rapida din stoc Bucuresti! Preturi mici, transport gratuit","_seopress_robots_index":""},"product_brand":[1887],"product_cat":[1555,1683],"giftcard-category":[],"class_list":{"0":"post-26241","1":"product","2":"type-product","3":"status-publish","4":"has-post-thumbnail","6":"product_brand-olympia","7":"product_cat-bacanie","8":"product_cat-conserve-mancare-gatita","10":"first","11":"outofstock","12":"taxable","13":"shipping-taxable","14":"purchasable","15":"product-type-simple"},"acf":[],"_links":{"self":[{"href":"https:\/\/totalblue.ro\/de\/wp-json\/wp\/v2\/product\/26241","targetHints":{"allow":["GET"]}}],"collection":[{"href":"https:\/\/totalblue.ro\/de\/wp-json\/wp\/v2\/product"}],"about":[{"href":"https:\/\/totalblue.ro\/de\/wp-json\/wp\/v2\/types\/product"}],"replies":[{"embeddable":true,"href":"https:\/\/totalblue.ro\/de\/wp-json\/wp\/v2\/comments?post=26241"}],"wp:featuredmedia":[{"embeddable":true,"href":"https:\/\/totalblue.ro\/de\/wp-json\/wp\/v2\/media\/26242"}],"wp:attachment":[{"href":"https:\/\/totalblue.ro\/de\/wp-json\/wp\/v2\/media?parent=26241"}],"wp:term":[{"taxonomy":"product_brand","embeddable":true,"href":"https:\/\/totalblue.ro\/de\/wp-json\/wp\/v2\/product_brand?post=26241"},{"taxonomy":"product_cat","embeddable":true,"href":"https:\/\/totalblue.ro\/de\/wp-json\/wp\/v2\/product_cat?post=26241"},{"taxonomy":"giftcard-category","embeddable":true,"href":"https:\/\/totalblue.ro\/de\/wp-json\/wp\/v2\/giftcard-category?post=26241"}],"curies":[{"name":"wp","href":"https:\/\/api.w.org\/{rel}","templated":true}]}}