{"id":26247,"date":"2020-11-23T14:42:21","date_gmt":"2020-11-23T12:42:21","guid":{"rendered":"https:\/\/totalblue.ro\/?post_type=product&#038;p=26247"},"modified":"2025-08-05T13:35:36","modified_gmt":"2025-08-05T10:35:36","slug":"ulei-de-floarea-soarelui-bidon-cu-maner-bunica-1-8-litri","status":"publish","type":"product","link":"https:\/\/totalblue.ro\/de\/produs\/ulei-de-floarea-soarelui-bidon-cu-maner-bunica-1-8-litri\/","title":{"rendered":"Sonnenblumen\u00f6lkanister mit Griff Bunica 1,8 Liter"},"content":{"rendered":"<p>Produkt mit Lieferung <strong>NUR in Bukarest und Ilfov.<\/strong><\/p>\n<p>Uleiul de floarea-soarelui este o bucurie pentru s\u0103n\u0103tate.<br \/>\nAtunci c\u00e2nd Bunica \u0219i-a pus iscusin\u021ba la b\u0103taie, din \u00een\u021belepciunea ei de ani de zile, a ie\u0219it Untdelemn de la Bunica. \u0218i pentru c\u0103 este preocupat\u0103 constant de s\u0103n\u0103tatea ta a scos la iveal\u0103 uleiul de floarea-soarelui \u00eembog\u0103\u021bit cu vitamina D.<br \/>\nUntdelemn de la Bunica \u00eembog\u0103\u021bit cu Vitamina D este disponibil \u00een varianta de bidon cu maner de 1.8 litri.<br \/>\nEs wird empfohlen, es an einem k\u00fchlen, trockenen Ort bei einer Temperatur zwischen 15 und 25 Grad Celsius zu lagern und vor Licht zu sch\u00fctzen.<br \/>\nPrin ce se diferen\u021biaz\u0103?<br \/>\nEste primul ulei \u00eembog\u0103\u021bit cu vitamina D.<br \/>\nDintre toate uleiurile vegetale, cel de floarea-soarelui este cea mai bogat\u0103 surs\u0103 de vitamina E, un antioxidant natural cu puternice propriet\u0103\u021bi pentru regenerarea pielii, stimuleaz\u0103 activitatea sistemului imunitar, previne \u0219i \u00eent\u00e2rzie apari\u021bia bolilor de inim\u0103. Untdelemn de la Bunica bogat \u00een vitamina E \u0219i \u00eembog\u0103\u021bit cu vitamina D aduce beneficiile celor dou\u0103 vitamine \u00een alimenta\u021bia ta, cu respectarea indica\u021biilor de pe etichet\u0103.<br \/>\nLa nivel vizual se distinge prin sticla cu eticheta verde.<br \/>\nMarke: BUNICA<br \/>\nCantitate: 1.8 litri<\/p>\n<p>HINWEIS!!!! Aufgrund des relativ gro\u00dfen Gewichts und Volumens werden folgende Produkte geliefert <strong>NUR in Bukarest und Ilfov:<\/strong><br \/>\n- Mineralwasser \/ stilles Wasser verpackt in 1,5l \/ 2l \/ 5l pet.<br \/>\n- S\u00e4fte mit Kohlens\u00e4ure in 1,25l \/ 1,5l \/ 2l \/ 2,5l pet 1,25l \/ 1,5l \/ 2,5l<br \/>\n- \u00d6l oder andere Produkte mit mehr als 1 Liter Inhalt.<\/p>\n<h3>Ern\u00e4hrung<\/h3>\n<div class=\"wrapper-table-responsive m-t-3\">\n<table class=\"table table-striped table-bordered table-responsive TableResponsive responsive\">\n<thead>\n<tr>\n<th>Fette<\/th>\n<th>100 g\/100 g<\/th>\n<\/tr>\n<\/thead>\n<tbody>\n<tr>\n<td>Energiewert<\/td>\n<td>900 kcal\/100 g<\/td>\n<\/tr>\n<tr>\n<td>Kohlenhydrate<\/td>\n<td>0 g\/100 g<\/td>\n<\/tr>\n<tr>\n<td>Natrium<\/td>\n<td>0 g\/100 g<\/td>\n<\/tr>\n<tr>\n<td>Eiwei\u00df<\/td>\n<td>0 g\/100 g<\/td>\n<\/tr>\n<tr>\n<td>Ges\u00e4ttigte Fette<\/td>\n<td>10 g\/100 g<\/td>\n<\/tr>\n<\/tbody>\n<\/table>\n<\/div>","protected":false},"excerpt":{"rendered":"<p>Produkt mit Lieferung <strong>NUR in Bukarest und Ilfov.<\/strong><\/p>","protected":false},"featured_media":26248,"comment_status":"open","ping_status":"closed","template":"","meta":{"_acf_changed":false,"_seopress_robots_primary_cat":"none","_seopress_titles_title":"","_seopress_titles_desc":"Cauti Ulei de floarea-soarelui bidon cu maner Bunica 1.8 litri? Livrare rapida si pret avantajos pentru ulei Bunica.","_seopress_robots_index":""},"product_brand":[1809],"product_cat":[1555,1362],"giftcard-category":[],"class_list":{"0":"post-26247","1":"product","2":"type-product","3":"status-publish","4":"has-post-thumbnail","6":"product_brand-bunica","7":"product_cat-bacanie","8":"product_cat-ulei-orez-faina-zahar","10":"first","11":"outofstock","12":"taxable","13":"shipping-taxable","14":"purchasable","15":"product-type-simple"},"acf":[],"_links":{"self":[{"href":"https:\/\/totalblue.ro\/de\/wp-json\/wp\/v2\/product\/26247","targetHints":{"allow":["GET"]}}],"collection":[{"href":"https:\/\/totalblue.ro\/de\/wp-json\/wp\/v2\/product"}],"about":[{"href":"https:\/\/totalblue.ro\/de\/wp-json\/wp\/v2\/types\/product"}],"replies":[{"embeddable":true,"href":"https:\/\/totalblue.ro\/de\/wp-json\/wp\/v2\/comments?post=26247"}],"wp:featuredmedia":[{"embeddable":true,"href":"https:\/\/totalblue.ro\/de\/wp-json\/wp\/v2\/media\/26248"}],"wp:attachment":[{"href":"https:\/\/totalblue.ro\/de\/wp-json\/wp\/v2\/media?parent=26247"}],"wp:term":[{"taxonomy":"product_brand","embeddable":true,"href":"https:\/\/totalblue.ro\/de\/wp-json\/wp\/v2\/product_brand?post=26247"},{"taxonomy":"product_cat","embeddable":true,"href":"https:\/\/totalblue.ro\/de\/wp-json\/wp\/v2\/product_cat?post=26247"},{"taxonomy":"giftcard-category","embeddable":true,"href":"https:\/\/totalblue.ro\/de\/wp-json\/wp\/v2\/giftcard-category?post=26247"}],"curies":[{"name":"wp","href":"https:\/\/api.w.org\/{rel}","templated":true}]}}