{"id":26255,"date":"2020-11-23T15:28:08","date_gmt":"2020-11-23T13:28:08","guid":{"rendered":"https:\/\/totalblue.ro\/?post_type=product&#038;p=26255"},"modified":"2025-08-05T13:23:59","modified_gmt":"2025-08-05T10:23:59","slug":"gris-din-grau-500g-boromir","status":"publish","type":"product","link":"https:\/\/totalblue.ro\/de\/produs\/gris-din-grau-500g-boromir\/","title":{"rendered":"Gris din grau 500g Boromir"},"content":{"rendered":"<p>Gri\u0219ul Boromir, un ajutor de n\u0103dejde \u00een buc\u0103t\u0103ria ta.<br \/>\nProdus ob\u021binut prin m\u0103cinarea gr\u00e2ului.<br \/>\nIngrediente:gri\u0219 din gr\u00e2u.<br \/>\nCon\u021binut de cenu\u0219\u0103 raportat la substan\u021b\u0103 uscat\u0103:max.0,48%.Umiditate:maximum 14,5%.<\/p>","protected":false},"excerpt":{"rendered":"<p>Gri\u0219ul Boromir, un ajutor de n\u0103dejde \u00een buc\u0103t\u0103ria ta.<\/p>","protected":false},"featured_media":26256,"comment_status":"open","ping_status":"closed","template":"","meta":{"_acf_changed":false,"_seopress_robots_primary_cat":"none","_seopress_titles_title":"","_seopress_titles_desc":"Cauti gris Boromir?Livrare rapida gris din garu Boromir. Gris Boromir pret ieftin. Transport gratuit.Gris Boromir nelipsit din bucataria ta.","_seopress_robots_index":""},"product_brand":[1805],"product_cat":[1555],"giftcard-category":[],"class_list":{"0":"post-26255","1":"product","2":"type-product","3":"status-publish","4":"has-post-thumbnail","6":"product_brand-boromir","7":"product_cat-bacanie","9":"first","10":"outofstock","11":"taxable","12":"shipping-taxable","13":"purchasable","14":"product-type-simple"},"acf":[],"_links":{"self":[{"href":"https:\/\/totalblue.ro\/de\/wp-json\/wp\/v2\/product\/26255","targetHints":{"allow":["GET"]}}],"collection":[{"href":"https:\/\/totalblue.ro\/de\/wp-json\/wp\/v2\/product"}],"about":[{"href":"https:\/\/totalblue.ro\/de\/wp-json\/wp\/v2\/types\/product"}],"replies":[{"embeddable":true,"href":"https:\/\/totalblue.ro\/de\/wp-json\/wp\/v2\/comments?post=26255"}],"wp:featuredmedia":[{"embeddable":true,"href":"https:\/\/totalblue.ro\/de\/wp-json\/wp\/v2\/media\/26256"}],"wp:attachment":[{"href":"https:\/\/totalblue.ro\/de\/wp-json\/wp\/v2\/media?parent=26255"}],"wp:term":[{"taxonomy":"product_brand","embeddable":true,"href":"https:\/\/totalblue.ro\/de\/wp-json\/wp\/v2\/product_brand?post=26255"},{"taxonomy":"product_cat","embeddable":true,"href":"https:\/\/totalblue.ro\/de\/wp-json\/wp\/v2\/product_cat?post=26255"},{"taxonomy":"giftcard-category","embeddable":true,"href":"https:\/\/totalblue.ro\/de\/wp-json\/wp\/v2\/giftcard-category?post=26255"}],"curies":[{"name":"wp","href":"https:\/\/api.w.org\/{rel}","templated":true}]}}