{"id":26311,"date":"2020-11-25T10:00:14","date_gmt":"2020-11-25T08:00:14","guid":{"rendered":"https:\/\/totalblue.ro\/?post_type=product&#038;p=26311"},"modified":"2025-08-05T15:04:33","modified_gmt":"2025-08-05T12:04:33","slug":"ladorna-lapte-3-5-grasime-1-litru","status":"publish","type":"product","link":"https:\/\/totalblue.ro\/de\/produs\/ladorna-lapte-3-5-grasime-1-litru\/","title":{"rendered":"LaDorna Lapte 3.5% grasime 1 Litru"},"content":{"rendered":"<p>LaDorna Lapte 3.5% grasime 1 Litru<\/p>\n<p>Oric\u00e2nd ai nevoie de pu\u0163in\u0103 bun\u0103tate \u00een via\u0163a ta, clasicul lapte LaDORNA este acolo. Nelipsit de la micul dejun sau din re\u0163etele preferate ale familiei, el v\u0103 cunoa\u015fte cel mai bine \u015fi \u015ftie exact de ce ave\u0163i nevoie: gust bun \u015fi nutrien\u0163ii esen\u0163iali.<br \/>\nIngrediente: Lapte de vaca.<br \/>\nNu necesita fierbere!<br \/>\nErn\u00e4hrung:<\/p>\n<table class=\"table table-striped table-bordered table-responsive TableResponsive responsive\" style=\"height: 190px\" width=\"305\">\n<thead>\n<tr>\n<th>Fette<\/th>\n<th>3.5 g\/100 ml<\/th>\n<\/tr>\n<\/thead>\n<tbody>\n<tr>\n<td>Energiewert<\/td>\n<td>62 kcal\/100 ml<\/td>\n<\/tr>\n<tr>\n<td>Kohlenhydrate<\/td>\n<td>4.5 g\/100 ml<\/td>\n<\/tr>\n<tr>\n<td>Natrium<\/td>\n<td>0.133 g\/100 ml<\/td>\n<\/tr>\n<tr>\n<td>Eiwei\u00df<\/td>\n<td>3 g\/100 ml<\/td>\n<\/tr>\n<tr>\n<td>Ges\u00e4ttigte Fette<\/td>\n<td>2.1 g\/100 ml<\/td>\n<\/tr>\n<\/tbody>\n<\/table>\n<p>A se pastra la o temperatura cuprinsa intre 2 si 4 grade Celsius.<\/p>","protected":false},"excerpt":{"rendered":"<p>Oric\u00e2nd ai nevoie de pu\u0163in\u0103 bun\u0103tate \u00een via\u0163a ta, clasicul lapte LaDORNA este acolo. Nelipsit de la micul dejun sau din re\u0163etele preferate ale familiei, el v\u0103 cunoa\u015fte cel mai bine \u015fi \u015ftie exact de ce ave\u0163i nevoie: gust bun \u015fi nutrien\u0163ii esen\u0163iali.<\/p>","protected":false},"featured_media":26313,"comment_status":"open","ping_status":"closed","template":"","meta":{"_acf_changed":false,"_seopress_robots_primary_cat":"none","_seopress_titles_title":"LaDorna Lapte 3.5% grasime, lapte dulce LaDorna, lapte vaca","_seopress_titles_desc":"Cauti lapte de LaDorna? Cumpara acum lapte LaDorna, lapte de vaca, lapte dulce, lapte pasteurizat. lapte 3,5% grasime. Lapte LaDorna ieftin.","_seopress_robots_index":""},"product_brand":[1862],"product_cat":[1555],"giftcard-category":[],"class_list":{"0":"post-26311","1":"product","2":"type-product","3":"status-publish","4":"has-post-thumbnail","6":"product_brand-ladorna","7":"product_cat-bacanie","9":"first","10":"instock","11":"taxable","12":"shipping-taxable","13":"purchasable","14":"product-type-simple"},"acf":[],"_links":{"self":[{"href":"https:\/\/totalblue.ro\/de\/wp-json\/wp\/v2\/product\/26311","targetHints":{"allow":["GET"]}}],"collection":[{"href":"https:\/\/totalblue.ro\/de\/wp-json\/wp\/v2\/product"}],"about":[{"href":"https:\/\/totalblue.ro\/de\/wp-json\/wp\/v2\/types\/product"}],"replies":[{"embeddable":true,"href":"https:\/\/totalblue.ro\/de\/wp-json\/wp\/v2\/comments?post=26311"}],"wp:featuredmedia":[{"embeddable":true,"href":"https:\/\/totalblue.ro\/de\/wp-json\/wp\/v2\/media\/26313"}],"wp:attachment":[{"href":"https:\/\/totalblue.ro\/de\/wp-json\/wp\/v2\/media?parent=26311"}],"wp:term":[{"taxonomy":"product_brand","embeddable":true,"href":"https:\/\/totalblue.ro\/de\/wp-json\/wp\/v2\/product_brand?post=26311"},{"taxonomy":"product_cat","embeddable":true,"href":"https:\/\/totalblue.ro\/de\/wp-json\/wp\/v2\/product_cat?post=26311"},{"taxonomy":"giftcard-category","embeddable":true,"href":"https:\/\/totalblue.ro\/de\/wp-json\/wp\/v2\/giftcard-category?post=26311"}],"curies":[{"name":"wp","href":"https:\/\/api.w.org\/{rel}","templated":true}]}}