{"id":26330,"date":"2020-11-25T12:02:36","date_gmt":"2020-11-25T10:02:36","guid":{"rendered":"https:\/\/totalblue.ro\/?post_type=product&#038;p=26330"},"modified":"2025-08-07T11:42:28","modified_gmt":"2025-08-07T08:42:28","slug":"salata-de-sfecla-rosie-cuburi-olympia-720-ml","status":"publish","type":"product","link":"https:\/\/totalblue.ro\/de\/produs\/salata-de-sfecla-rosie-cuburi-olympia-720-ml\/","title":{"rendered":"Salata de sfecla rosie cuburi Olympia 720 ml"},"content":{"rendered":"<p>Salata de sfecla rosie cuburi, produs pasteurizat.<br \/>\n<strong>Inhaltsstoff:<\/strong> Sfecla rosie, apa, sare, zahar, acidifianti (acid acetic, acid citric), agent de intarire (clorura de calciu).<br \/>\nA se depozita in incaperi curate, aerisite, ferite de razele solare si inghet. Dupa deschidere a se pastra la rece (4-8 grade C) maxim 7 zile.<br \/>\nLocul de provenienta sfecla rosie Romania. A se consuma de preferinta inainte de data inscriptionata pe capac.<\/p>","protected":false},"excerpt":{"rendered":"<p>Salata de sfecla rosie cuburi, produs pasteurizat.<\/p>","protected":false},"featured_media":26331,"comment_status":"open","ping_status":"closed","template":"","meta":{"_acf_changed":false,"_seopress_robots_primary_cat":"none","_seopress_titles_title":"","_seopress_titles_desc":"Salata de sfecla rosie cuburi, produs pasteurizat. F\u0103r\u0103 conservan\u0163i,livrare rapida din stoc Bucuresti! Preturi mici, transport gratuit","_seopress_robots_index":""},"product_brand":[1887],"product_cat":[1555,1683],"giftcard-category":[],"class_list":{"0":"post-26330","1":"product","2":"type-product","3":"status-publish","4":"has-post-thumbnail","6":"product_brand-olympia","7":"product_cat-bacanie","8":"product_cat-conserve-mancare-gatita","10":"first","11":"outofstock","12":"taxable","13":"shipping-taxable","14":"purchasable","15":"product-type-simple"},"acf":[],"_links":{"self":[{"href":"https:\/\/totalblue.ro\/de\/wp-json\/wp\/v2\/product\/26330","targetHints":{"allow":["GET"]}}],"collection":[{"href":"https:\/\/totalblue.ro\/de\/wp-json\/wp\/v2\/product"}],"about":[{"href":"https:\/\/totalblue.ro\/de\/wp-json\/wp\/v2\/types\/product"}],"replies":[{"embeddable":true,"href":"https:\/\/totalblue.ro\/de\/wp-json\/wp\/v2\/comments?post=26330"}],"wp:featuredmedia":[{"embeddable":true,"href":"https:\/\/totalblue.ro\/de\/wp-json\/wp\/v2\/media\/26331"}],"wp:attachment":[{"href":"https:\/\/totalblue.ro\/de\/wp-json\/wp\/v2\/media?parent=26330"}],"wp:term":[{"taxonomy":"product_brand","embeddable":true,"href":"https:\/\/totalblue.ro\/de\/wp-json\/wp\/v2\/product_brand?post=26330"},{"taxonomy":"product_cat","embeddable":true,"href":"https:\/\/totalblue.ro\/de\/wp-json\/wp\/v2\/product_cat?post=26330"},{"taxonomy":"giftcard-category","embeddable":true,"href":"https:\/\/totalblue.ro\/de\/wp-json\/wp\/v2\/giftcard-category?post=26330"}],"curies":[{"name":"wp","href":"https:\/\/api.w.org\/{rel}","templated":true}]}}