{"id":26551,"date":"2020-12-23T12:22:41","date_gmt":"2020-12-23T10:22:41","guid":{"rendered":"https:\/\/totalblue.ro\/?post_type=product&#038;p=26551"},"modified":"2026-03-25T10:30:59","modified_gmt":"2026-03-25T08:30:59","slug":"supa-de-ceapa-originele-unox","status":"publish","type":"product","link":"https:\/\/totalblue.ro\/de\/produs\/supa-de-ceapa-originele-unox\/","title":{"rendered":"Zwiebelsuppe Origins Unox Niederlande 800 ml"},"content":{"rendered":"<p>Cantitate ideala pentru 2-3 portii de supa.<\/p>\n<p>Supa de ceapa Originele Unox\u00a0 &#8211; gata preparata<br \/>\nSupa de ceapa Unox este una dintre cele mai delicioase supe olandeze.<br \/>\nBrandul olandez Unox produce cele mai bune supe olandeze inca din 1957.\u00a0 Deoarece Unox lucreaza in continuu la imbunatatirea produselor sale, pe langa supele clasice, gasim o gama variata de produse delicioase gata preparate.<br \/>\n<strong>Vorbereitung:<\/strong> Die Verpackung nicht in die Mikrowelle stellen! Die Suppe nicht kochen! Geben Sie die Suppe in eine Sch\u00fcssel und erhitzen Sie sie 3 Minuten lang bei ca. 600 Watt in der Mikrowelle oder erhitzen Sie sie direkt in einer Kasserolle oder einem Topf unter leichtem R\u00fchren. Nach dem Erhitzen ist sie bereit zum Genie\u00dfen!<br \/>\n<strong>Inhaltsstoff:<\/strong> ap\u0103, ceap\u0103 24%, amidon de cartofi modificat, sare, ulei de rapi\u021b\u0103, extract de drojdie, arom\u0103, condimente (ceap\u0103, usturoi, piper), zah\u0103r, suc de legume concentrat (CELERY, morcov, praz, ceap\u0103).<br \/>\nA se pastra intr-un loc uscat si racoros. Dupa deschidere, a se pastra acoperita in frigider si a se consuma in max 48h.<br \/>\n<strong>Allergene:<\/strong> telina<br \/>\nO cutie de supa contine aproximativ 2-3 portii. O portie aproximativ 60g.<br \/>\nFara conservanti si coloranti.<br \/>\nCertificat de Uniunea Vegetariana Europeana<br \/>\nHergestellt in den Niederlanden von Unilever Nederland Unox, Postbus 160 3000 AD AD Rotterdam<br \/>\nEinf\u00fchrer und H\u00e4ndler Total Blue Impex SRL<br \/>\n<strong>Ern\u00e4hrung:<\/strong><br \/>\nEnergie 69 kJ (16 kcal)<br \/>\nGrasimi &lt;0,5 g din care saturati &lt;0,1 g<br \/>\nCarbohidrati 2,4 g din care zaharuri 1 g<br \/>\nFibre dietetice &lt;0,5 g<br \/>\nEiwei\u00df 0,6 g<br \/>\nSodiu 0,75 g<br \/>\n<a href=\"https:\/\/totalblue.ro\/wp-content\/uploads\/2021\/02\/vegetarian.jpeg\"><img loading=\"lazy\" decoding=\"async\" class=\"alignnone wp-image-27413\" src=\"https:\/\/totalblue.ro\/wp-content\/uploads\/2021\/02\/vegetarian.jpeg\" alt=\"\" width=\"160\" height=\"160\" srcset=\"https:\/\/totalblue.ro\/wp-content\/uploads\/2021\/02\/vegetarian.jpeg 225w, https:\/\/totalblue.ro\/wp-content\/uploads\/2021\/02\/vegetarian-100x100.jpeg 100w\" sizes=\"auto, (max-width: 160px) 100vw, 160px\" \/><\/a><\/p>","protected":false},"excerpt":{"rendered":"<p>Unox Originele Uien Soep 800ml<br \/>\nSupa de ceapa Originele Unox 800ml &#8211; gata preparata<br \/>\nSupa de ceapa Unox este una dintre cele mai delicioase supe olandeze.<\/p>","protected":false},"featured_media":26552,"comment_status":"open","ping_status":"closed","template":"","meta":{"_acf_changed":false,"_seopress_robots_primary_cat":"none","_seopress_titles_title":"","_seopress_titles_desc":"","_seopress_robots_index":""},"product_brand":[1925],"product_cat":[1555,1683,3272,1767],"giftcard-category":[],"class_list":{"0":"post-26551","1":"product","2":"type-product","3":"status-publish","4":"has-post-thumbnail","6":"product_brand-unox","7":"product_cat-bacanie","8":"product_cat-conserve-mancare-gatita","9":"product_cat-conserve","10":"product_cat-produse-olanda","12":"first","13":"instock","14":"taxable","15":"shipping-taxable","16":"purchasable","17":"product-type-simple"},"acf":[],"_links":{"self":[{"href":"https:\/\/totalblue.ro\/de\/wp-json\/wp\/v2\/product\/26551","targetHints":{"allow":["GET"]}}],"collection":[{"href":"https:\/\/totalblue.ro\/de\/wp-json\/wp\/v2\/product"}],"about":[{"href":"https:\/\/totalblue.ro\/de\/wp-json\/wp\/v2\/types\/product"}],"replies":[{"embeddable":true,"href":"https:\/\/totalblue.ro\/de\/wp-json\/wp\/v2\/comments?post=26551"}],"wp:featuredmedia":[{"embeddable":true,"href":"https:\/\/totalblue.ro\/de\/wp-json\/wp\/v2\/media\/26552"}],"wp:attachment":[{"href":"https:\/\/totalblue.ro\/de\/wp-json\/wp\/v2\/media?parent=26551"}],"wp:term":[{"taxonomy":"product_brand","embeddable":true,"href":"https:\/\/totalblue.ro\/de\/wp-json\/wp\/v2\/product_brand?post=26551"},{"taxonomy":"product_cat","embeddable":true,"href":"https:\/\/totalblue.ro\/de\/wp-json\/wp\/v2\/product_cat?post=26551"},{"taxonomy":"giftcard-category","embeddable":true,"href":"https:\/\/totalblue.ro\/de\/wp-json\/wp\/v2\/giftcard-category?post=26551"}],"curies":[{"name":"wp","href":"https:\/\/api.w.org\/{rel}","templated":true}]}}