{"id":26571,"date":"2020-12-23T14:29:42","date_gmt":"2020-12-23T12:29:42","guid":{"rendered":"https:\/\/totalblue.ro\/?post_type=product&#038;p=26571"},"modified":"2025-02-20T09:16:46","modified_gmt":"2025-02-20T07:16:46","slug":"fulgi-de-ciocolata-cu-lapte-de-ruijter-olanda","status":"publish","type":"product","link":"https:\/\/totalblue.ro\/de\/produs\/fulgi-de-ciocolata-cu-lapte-de-ruijter-olanda\/","title":{"rendered":"Vollmilchschokoladenflocken De Ruijter - Niederlande 300g"},"content":{"rendered":"<p>Fulgi de ciocolata cu lapte De Ruijter &#8211; Olanda<br \/>\nIdeali pentru sandwichuri cu paine si unt \/ margarina.<br \/>\nPentru un mic-dejun rapid si delicios ai nevoie doar de putin unt, 2 felii de paine si fulgii aromati De Ruijter. Fulgii de ciocolata sunt realizati din ingrediente naturale si reprezinta o varianta mai sanatoasa a gemurilor mult prea dulci pentru tine si cei mici. Fulgii pot fi folositi, de asemenea, si in topping-uri pentru deserturi, inghetata, mixuri cu iaurt, etc.<br \/>\n<strong>Inhaltsstoff:<\/strong> Zah\u0103r, cacao degresat\u0103, unt de cacao, pudr\u0103 de lapte degresat\u0103, lactoz\u0103, dextroz\u0103, gr\u0103sime din lapte frac\u021bionat\u0103 (frac\u021bie tare), emulgator (LECITINA DE SOIA), arom\u0103 (con\u021bine LAPTE)<br \/>\n<strong>Cacao certificat\u0103 Rainforest Alliance<\/strong><br \/>\n<strong>Allergene:<\/strong> lapte, soia<br \/>\nAn einem k\u00fchlen, trockenen Ort aufbewahren.<br \/>\n<strong>Ern\u00e4hrung:<\/strong><br \/>\nEnergie 1889 kJ (452 \u200b\u200bkcal)<br \/>\nGr\u0103sime 15 g din care satura\u021bi 9,3 g<br \/>\nCarbohidra\u021bi 72 g din care zaharuri 70 g<br \/>\nProteine \u200b\u200b5,8 g<br \/>\nSalz 0,12 g<br \/>\nFabricat in Olanda de De Ruijter Consumentenservice<br \/>\nGustav Mahlerlaan 1228 1081 LA Amsterdam Postbus 87118 1080 JC Amsterdam<br \/>\n1080 JC Amsterdam<br \/>\nEinf\u00fchrer und H\u00e4ndler Total Blue Impex SRL<br \/>\n<a href=\"https:\/\/totalblue.ro\/wp-content\/uploads\/2020\/12\/Rainforest-Alliance.jpeg\"><img loading=\"lazy\" decoding=\"async\" class=\"alignnone wp-image-27609\" src=\"https:\/\/totalblue.ro\/wp-content\/uploads\/2020\/12\/Rainforest-Alliance-699x400.jpeg\" alt=\"\" width=\"254\" height=\"145\" srcset=\"https:\/\/totalblue.ro\/wp-content\/uploads\/2020\/12\/Rainforest-Alliance-699x400.jpeg 699w, https:\/\/totalblue.ro\/wp-content\/uploads\/2020\/12\/Rainforest-Alliance-510x292.jpeg 510w, https:\/\/totalblue.ro\/wp-content\/uploads\/2020\/12\/Rainforest-Alliance-768x440.jpeg 768w, https:\/\/totalblue.ro\/wp-content\/uploads\/2020\/12\/Rainforest-Alliance-600x343.jpeg 600w, https:\/\/totalblue.ro\/wp-content\/uploads\/2020\/12\/Rainforest-Alliance-100x57.jpeg 100w, https:\/\/totalblue.ro\/wp-content\/uploads\/2020\/12\/Rainforest-Alliance.jpeg 959w\" sizes=\"auto, (max-width: 254px) 100vw, 254px\" \/><\/a><\/p>","protected":false},"excerpt":{"rendered":"<p>De Ruijter &#8211; Chocoladevlokken melk<br \/>\nFulgi de ciocolata cu lapte De Ruijter &#8211; Olanda<br \/>\nIdeali pentru sandwichuri cu paine si unt \/ margarina.<\/p>","protected":false},"featured_media":26572,"comment_status":"open","ping_status":"closed","template":"","meta":{"_acf_changed":false,"_seopress_robots_primary_cat":"none","_seopress_titles_title":"","_seopress_titles_desc":"Fulgi cu aroma de cacao De Ruijter - Olanda. Ideali pentru sandwichuri cu paine si unt \/ margarina.","_seopress_robots_index":""},"product_brand":[1823],"product_cat":[1555,1506,3338,3304,1767],"giftcard-category":[],"class_list":{"0":"post-26571","1":"product","2":"type-product","3":"status-publish","4":"has-post-thumbnail","6":"product_brand-de-ruijter","7":"product_cat-bacanie","8":"product_cat-cafea-ceai-mic-dejun","9":"product_cat-dulciuri-snacksuri","10":"product_cat-mic-dejun-produse-olanda","11":"product_cat-produse-olanda","13":"first","14":"outofstock","15":"taxable","16":"shipping-taxable","17":"purchasable","18":"product-type-simple"},"acf":[],"_links":{"self":[{"href":"https:\/\/totalblue.ro\/de\/wp-json\/wp\/v2\/product\/26571","targetHints":{"allow":["GET"]}}],"collection":[{"href":"https:\/\/totalblue.ro\/de\/wp-json\/wp\/v2\/product"}],"about":[{"href":"https:\/\/totalblue.ro\/de\/wp-json\/wp\/v2\/types\/product"}],"replies":[{"embeddable":true,"href":"https:\/\/totalblue.ro\/de\/wp-json\/wp\/v2\/comments?post=26571"}],"wp:featuredmedia":[{"embeddable":true,"href":"https:\/\/totalblue.ro\/de\/wp-json\/wp\/v2\/media\/26572"}],"wp:attachment":[{"href":"https:\/\/totalblue.ro\/de\/wp-json\/wp\/v2\/media?parent=26571"}],"wp:term":[{"taxonomy":"product_brand","embeddable":true,"href":"https:\/\/totalblue.ro\/de\/wp-json\/wp\/v2\/product_brand?post=26571"},{"taxonomy":"product_cat","embeddable":true,"href":"https:\/\/totalblue.ro\/de\/wp-json\/wp\/v2\/product_cat?post=26571"},{"taxonomy":"giftcard-category","embeddable":true,"href":"https:\/\/totalblue.ro\/de\/wp-json\/wp\/v2\/giftcard-category?post=26571"}],"curies":[{"name":"wp","href":"https:\/\/api.w.org\/{rel}","templated":true}]}}