{"id":26847,"date":"2021-01-08T16:59:45","date_gmt":"2021-01-08T14:59:45","guid":{"rendered":"https:\/\/totalblue.ro\/?post_type=product&#038;p=26847"},"modified":"2026-01-28T09:53:29","modified_gmt":"2026-01-28T07:53:29","slug":"ciorba-de-pui-cu-smantana-scandia-sibiu-400g","status":"publish","type":"product","link":"https:\/\/totalblue.ro\/de\/produs\/ciorba-de-pui-cu-smantana-scandia-sibiu-400g\/","title":{"rendered":"Ciorba de pui cu smantana Scandia Sibiu 400g"},"content":{"rendered":"<p><span class=\"base\" data-ui-id=\"page-title-wrapper\">Ciorba de pui cu smantana Scandia Sibiu 400g<br \/>\n<\/span>Scandia Sibiu este o marca romaneasca premium cu o experienta de peste 90 de ani in a oferi romanilor si nu numai, mancaruri preparate cu grija, fara nici un aditiv artificial, ce au la baza ingrediente de calitate superioara si retete unice.<br \/>\nProdusele Scandia Sibiu sunt inspirate din retete de demult, de pe vremea cand mancarea era tratata cu grija si respect.<br \/>\nIngrediente: ap\u0103, piept de pui (15%), sm\u00e2nt\u00e2n\u0103 12%, morcovi, gr\u0103sime de pas\u0103re, orez, morcovi, f\u0103in\u0103 de gr\u00e2u, sare de mas\u0103 iodat\u0103, ceap\u0103, g\u0103lbenu\u0219 de ou, ulei de floarea-soarelui, \u021belin\u0103, verde, piper, ardei ro\u0219u.<\/p>\n<div class=\"product-page-description-text\">\n<div class=\"text-left collapse-button-inside\">\n<p>Recomandam a se consuma calda. Pentru incalzire la microunde, goliti continutul produsului intr-o farfurie si reglati cuptorul la 3 minute si 800W. Atentie! Nu introduceti in cuptor direct in ambalajul metalic!<\/p>\n<\/div>\n<\/div>\n<p>&nbsp;<\/p>","protected":false},"excerpt":{"rendered":"<p class=\"page-title\"><span class=\"base\" data-ui-id=\"page-title-wrapper\">Ciorba de pui cu smantana Scandia Sibiu 400g<\/span><\/p>","protected":false},"featured_media":26848,"comment_status":"open","ping_status":"closed","template":"","meta":{"_acf_changed":false,"_seopress_robots_primary_cat":"none","_seopress_titles_title":"","_seopress_titles_desc":"Ciorba de pui cu smantana Scandia Sibiu 400g\u00a0 - gata preparata. Ciorba delicioasa de pui cu smantana Scandia Sibiu","_seopress_robots_index":""},"product_brand":[1914],"product_cat":[1555,1683],"giftcard-category":[],"class_list":{"0":"post-26847","1":"product","2":"type-product","3":"status-publish","4":"has-post-thumbnail","6":"product_brand-scandia-sibiu","7":"product_cat-bacanie","8":"product_cat-conserve-mancare-gatita","10":"first","11":"outofstock","12":"taxable","13":"shipping-taxable","14":"purchasable","15":"product-type-simple"},"acf":[],"_links":{"self":[{"href":"https:\/\/totalblue.ro\/de\/wp-json\/wp\/v2\/product\/26847","targetHints":{"allow":["GET"]}}],"collection":[{"href":"https:\/\/totalblue.ro\/de\/wp-json\/wp\/v2\/product"}],"about":[{"href":"https:\/\/totalblue.ro\/de\/wp-json\/wp\/v2\/types\/product"}],"replies":[{"embeddable":true,"href":"https:\/\/totalblue.ro\/de\/wp-json\/wp\/v2\/comments?post=26847"}],"wp:featuredmedia":[{"embeddable":true,"href":"https:\/\/totalblue.ro\/de\/wp-json\/wp\/v2\/media\/26848"}],"wp:attachment":[{"href":"https:\/\/totalblue.ro\/de\/wp-json\/wp\/v2\/media?parent=26847"}],"wp:term":[{"taxonomy":"product_brand","embeddable":true,"href":"https:\/\/totalblue.ro\/de\/wp-json\/wp\/v2\/product_brand?post=26847"},{"taxonomy":"product_cat","embeddable":true,"href":"https:\/\/totalblue.ro\/de\/wp-json\/wp\/v2\/product_cat?post=26847"},{"taxonomy":"giftcard-category","embeddable":true,"href":"https:\/\/totalblue.ro\/de\/wp-json\/wp\/v2\/giftcard-category?post=26847"}],"curies":[{"name":"wp","href":"https:\/\/api.w.org\/{rel}","templated":true}]}}