{"id":26874,"date":"2021-01-10T16:40:11","date_gmt":"2021-01-10T14:40:11","guid":{"rendered":"https:\/\/totalblue.ro\/?post_type=product&#038;p=26874"},"modified":"2025-08-12T10:13:34","modified_gmt":"2025-08-12T07:13:34","slug":"nissin-soba-noodles-sos-clasic-90","status":"publish","type":"product","link":"https:\/\/totalblue.ro\/de\/produs\/nissin-soba-noodles-sos-clasic-90\/","title":{"rendered":"Nissin Soba Noodles cu sos clasic 90g"},"content":{"rendered":"<p><strong>Vorbereiten:<\/strong> Taiteii Nissin se pregatesc rapid, pur si simplu se toarna apa clocotita in cana pana la linia de umplere, se lasa 3 minute la infuzat, se scurge lichidul prin orificiile din capac, se pune sosul &#8211; gata!<\/p>\n<p><span class=\"vtex-product-specifications-1-x-specificationValue vtex-product-specifications-1-x-specificationValue--first vtex-product-specifications-1-x-specificationValue--last\" data-specification-group=\"Informatii Generale\" data-specification-name=\"Ingrediente\" data-specification-value=\"Taitei 72.3% (faina de GRAU, ulei de palmier, sare, potentiator de aroma: E621, agent de tratare a fainii, E500, E451), antioxidant E306, corector de aciditate: acid citric). Sos de asezonare 19.9% (zahar, apa, ulei de rapita, sos SOIA (apa, pastai de SOIA, sare, GRAU), potentioatori de aroma: E621, E635, colorant: E150c, dextroza, melasa, otet, sare, condimente, proteine vegetale hidrolizate, pudra de rosii, corector de aciditate: acid citric, aroma), varza, pui cuburi.\">Ingrediente: Taitei 74% (faina de GRAU, ulei de palmier, sare, potentiator de aroma: E621, agent de tratare a fainii, E500, E451), antioxidant E306, corector de aciditate: acid citric). Sos de asezonare 19.9% (zahar, apa, ulei de rapita, sos SOIA (apa, pastai de SOIA, sare, GRAU), potentioatori de aroma: E621, E635, colorant: E150c, dextroza, melasa, otet, sare, condimente, proteine vegetale hidrolizate, pudra de rosii, corector de aciditate: acid citric, aroma), varza, pui cuburi.<br \/>\nN\u00e4hrwertangaben \/ 100 g:<br \/>\nEnergie 866 kJ (206 kcal)<br \/>\nGrasimi 8.3 g din care saturate 3.6 g<br \/>\nGlucide 25.8 g din care zaharuri 4.4 g<br \/>\nEiwei\u00df 5,9 g<br \/>\nSalz 1,3 g<br \/>\n<\/span><\/p>","protected":false},"excerpt":{"rendered":"<p>Preparare: Taiteii Nissin se pregatesc rapid, pur si simplu se toarna apa clocotita in cana pana la linia de umplere, se lasa 3 minute la infuzat, se scurge lichidul prin orificiile din capac, se pune sosul &#8211; gata! Ingrediente: Taitei 74% (faina de GRAU, ulei de palmier, sare, potentiator de aroma: E621, agent de tratare [&#8230;]\n","protected":false},"featured_media":130216,"comment_status":"open","ping_status":"closed","template":"","meta":{"_acf_changed":false,"_seopress_robots_primary_cat":"none","_seopress_titles_title":"","_seopress_titles_desc":"Chio Maxi Mix con\u021bine o combina\u021bie de snacksuri coapte ce ofer\u0103 o experien\u021b\u0103 complet\u0103. Gustarea perfect\u0103 pentru pofta de ron\u021b\u0103it","_seopress_robots_index":""},"product_brand":[22913],"product_cat":[17494,21594,1950,3364],"giftcard-category":[],"class_list":{"0":"post-26874","1":"product","2":"type-product","3":"status-publish","4":"has-post-thumbnail","6":"product_brand-nissin","7":"product_cat-influente-asiatice","8":"product_cat-noodles-supe-instant","9":"product_cat-produse-germania","10":"product_cat-supe-produse-germania","12":"first","13":"outofstock","14":"taxable","15":"shipping-taxable","16":"purchasable","17":"product-type-simple"},"acf":[],"_links":{"self":[{"href":"https:\/\/totalblue.ro\/de\/wp-json\/wp\/v2\/product\/26874","targetHints":{"allow":["GET"]}}],"collection":[{"href":"https:\/\/totalblue.ro\/de\/wp-json\/wp\/v2\/product"}],"about":[{"href":"https:\/\/totalblue.ro\/de\/wp-json\/wp\/v2\/types\/product"}],"replies":[{"embeddable":true,"href":"https:\/\/totalblue.ro\/de\/wp-json\/wp\/v2\/comments?post=26874"}],"wp:featuredmedia":[{"embeddable":true,"href":"https:\/\/totalblue.ro\/de\/wp-json\/wp\/v2\/media\/130216"}],"wp:attachment":[{"href":"https:\/\/totalblue.ro\/de\/wp-json\/wp\/v2\/media?parent=26874"}],"wp:term":[{"taxonomy":"product_brand","embeddable":true,"href":"https:\/\/totalblue.ro\/de\/wp-json\/wp\/v2\/product_brand?post=26874"},{"taxonomy":"product_cat","embeddable":true,"href":"https:\/\/totalblue.ro\/de\/wp-json\/wp\/v2\/product_cat?post=26874"},{"taxonomy":"giftcard-category","embeddable":true,"href":"https:\/\/totalblue.ro\/de\/wp-json\/wp\/v2\/giftcard-category?post=26874"}],"curies":[{"name":"wp","href":"https:\/\/api.w.org\/{rel}","templated":true}]}}