{"id":26893,"date":"2021-01-11T08:32:24","date_gmt":"2021-01-11T06:32:24","guid":{"rendered":"https:\/\/totalblue.ro\/?post_type=product&#038;p=26893"},"modified":"2023-02-08T11:01:28","modified_gmt":"2023-02-08T09:01:28","slug":"set-6-x-pampers-sensitive-baby-feuchttucher-52-stuck","status":"publish","type":"product","link":"https:\/\/totalblue.ro\/de\/produs\/set-6-x-pampers-sensitive-servetele-umede-bebelusi-52-bucati\/","title":{"rendered":"Set 6 x Pampers Sensitive Baby-Feuchtt\u00fccher 52 St\u00fcck"},"content":{"rendered":"<div id=\"tab-description\" class=\"woocommerce-Tabs-panel woocommerce-Tabs-panel--description panel entry-content active\" role=\"tabpanel\" aria-labelledby=\"tab-title-description\">\n<div id=\"tab-description\" class=\"woocommerce-Tabs-panel woocommerce-Tabs-panel--description panel entry-content active\" role=\"tabpanel\" aria-labelledby=\"tab-title-description\">\n<div id=\"tab-description\" class=\"woocommerce-Tabs-panel woocommerce-Tabs-panel--description panel entry-content active\" role=\"tabpanel\" aria-labelledby=\"tab-title-description\">\n<div id=\"tab-description\" class=\"woocommerce-Tabs-panel woocommerce-Tabs-panel--description panel entry-content active\" role=\"tabpanel\" aria-labelledby=\"tab-title-description\">\n<div id=\"tab-description\" class=\"woocommerce-Tabs-panel woocommerce-Tabs-panel--description panel entry-content active\" role=\"tabpanel\" aria-labelledby=\"tab-title-description\">\n<div id=\"tab-description\" class=\"woocommerce-Tabs-panel woocommerce-Tabs-panel--description panel entry-content active\" role=\"tabpanel\" aria-labelledby=\"tab-title-description\">\n<p>Die zarte Haut Ihres Babys verdient den zuverl\u00e4ssigen Schutz von Pampers.<br \/>\nSet 6 x Pampers Sensitive Feuchtt\u00fccher 52 St\u00fcck<br \/>\nDie zarte Haut Ihres Babys verdient den zuverl\u00e4ssigen Schutz von Pampers. Die dermatologisch getesteten Pampers Sensitive Feuchtt\u00fccher reinigen die Haut auf sanfte Weise - und die einzigartige pH-Wert-ausgleichende Formel von Pampers hilft, Hautreizungen zu vermeiden, indem sie den nat\u00fcrlichen pH-Wert der Haut erh\u00e4lt. Pampers Sensitive Feuchtt\u00fccher sind frei von Duftstoffen und Alkohol und wurden speziell f\u00fcr die empfindliche Haut Ihres Babys entwickelt. Sie k\u00f6nnen vom ersten Tag an bedenkenlos verwendet werden.<\/p>\n<\/div>\n<div id=\"tab-additional_information\" class=\"woocommerce-Tabs-panel woocommerce-Tabs-panel--additional_information panel entry-content\" role=\"tabpanel\" aria-labelledby=\"tab-title-additional_information\"><\/div>\n<\/div>\n<\/div>\n<\/div>\n<\/div>\n<\/div>","protected":false},"excerpt":{"rendered":"<p>Die zarte Haut Ihres Babys verdient den zuverl\u00e4ssigen Schutz von Pampers. Set 6 x Pampers Sensitive Feuchtt\u00fccher 52 St\u00fcck<\/p>","protected":false},"featured_media":26894,"comment_status":"open","ping_status":"closed","template":"","meta":{"_acf_changed":false,"_seopress_robots_primary_cat":"none","_seopress_titles_title":"","_seopress_titles_desc":"Pielea delicata a bebelusului tau merita protectia de incredere oferita de Pampers. Set 6 x Pampers Sensitive servetele umede 52 buc","_seopress_robots_index":""},"product_brand":[],"product_cat":[1520,1938],"giftcard-category":[],"class_list":{"0":"post-26893","1":"product","2":"type-product","3":"status-publish","4":"has-post-thumbnail","6":"product_cat-mama-copilul","7":"product_cat-scutece-servetele-umede","9":"first","10":"outofstock","11":"taxable","12":"shipping-taxable","13":"purchasable","14":"product-type-simple"},"acf":[],"_links":{"self":[{"href":"https:\/\/totalblue.ro\/de\/wp-json\/wp\/v2\/product\/26893","targetHints":{"allow":["GET"]}}],"collection":[{"href":"https:\/\/totalblue.ro\/de\/wp-json\/wp\/v2\/product"}],"about":[{"href":"https:\/\/totalblue.ro\/de\/wp-json\/wp\/v2\/types\/product"}],"replies":[{"embeddable":true,"href":"https:\/\/totalblue.ro\/de\/wp-json\/wp\/v2\/comments?post=26893"}],"wp:featuredmedia":[{"embeddable":true,"href":"https:\/\/totalblue.ro\/de\/wp-json\/wp\/v2\/media\/26894"}],"wp:attachment":[{"href":"https:\/\/totalblue.ro\/de\/wp-json\/wp\/v2\/media?parent=26893"}],"wp:term":[{"taxonomy":"product_brand","embeddable":true,"href":"https:\/\/totalblue.ro\/de\/wp-json\/wp\/v2\/product_brand?post=26893"},{"taxonomy":"product_cat","embeddable":true,"href":"https:\/\/totalblue.ro\/de\/wp-json\/wp\/v2\/product_cat?post=26893"},{"taxonomy":"giftcard-category","embeddable":true,"href":"https:\/\/totalblue.ro\/de\/wp-json\/wp\/v2\/giftcard-category?post=26893"}],"curies":[{"name":"wp","href":"https:\/\/api.w.org\/{rel}","templated":true}]}}