{"id":27049,"date":"2021-02-01T10:50:54","date_gmt":"2021-02-01T08:50:54","guid":{"rendered":"https:\/\/totalblue.ro\/?post_type=product&#038;p=27049"},"modified":"2025-12-04T16:44:54","modified_gmt":"2025-12-04T14:44:54","slug":"supa-crema-de-ciuperci-de-padure-unox-olanda-570-ml","status":"publish","type":"product","link":"https:\/\/totalblue.ro\/de\/produs\/supa-crema-de-ciuperci-de-padure-unox-olanda-570-ml\/","title":{"rendered":"Unox Holland Champignoncremesuppe 570 ml"},"content":{"rendered":"<p>Cantitate ideala pentru 2 portii de supa.<\/p>\n<p>Supa crema de ciuperci de padure Unox Olanda 570 ml<br \/>\nSupa crema de ciuperci de padure Unox este o supa delicioasa, bogata in arome si preparata cu cele mai bune ingrediente!<br \/>\nBrandul olandez Unox produce cele mai bune supe olandeze inca din 1957.\u00a0 Deoarece Unox lucreaza in continuu la imbunatatirea produselor sale, pe langa supele clasice, gasim o gama variata de produse delicioase gata preparate.<br \/>\n<strong>Vorbereitung:<\/strong>Die Verpackung nicht in die Mikrowelle stellen! Die Suppe nicht kochen! Geben Sie die Suppe in eine Sch\u00fcssel und erhitzen Sie sie 3 Minuten lang bei ca. 600 Watt in der Mikrowelle oder erhitzen Sie sie direkt in einer Kasserolle oder einem Topf unter leichtem R\u00fchren. Nach dem Erhitzen ist sie bereit zum Genie\u00dfen!<br \/>\n<strong>Inhaltsstoff:<\/strong> ap\u0103, ciuperci 7,3% (ciuperci de p\u0103dure 4,9% (bolete 2,4%, nameko, chanterelle 0,5%), ciuperci 2,4%), amidon de porumb modificat, ulei de rapi\u021b\u0103, ceap\u0103 1,4%, f\u0103in\u0103 de gr\u00e2u, pulbere de lapte unt, sare, chervil 0,5%, extract de drojdie, arom\u0103, stabilizator (E451, E452), usturoi.<br \/>\nFara coloranti artificiali, amelioratori de aroma sau conservanti.<br \/>\n<strong>Lagerungsbedingungen:<\/strong><br \/>\nAn einem k\u00fchlen, trockenen Ort aufbewahren.<br \/>\nDupa deschidere, a se pastra acoperita in frigider si a se consuma in max 48h.<br \/>\n<strong>Allergene:<\/strong><br \/>\nContine: lapte, telina, grau<br \/>\nHergestellt in den Niederlanden von Unilever Nederland Unox, Postbus 160 3000 AD AD Rotterdam<br \/>\nEinf\u00fchrer und H\u00e4ndler Total Blue Impex SRL<\/p>\n<p><strong>Ern\u00e4hrung:<\/strong><br \/>\nEnergie 140 kJ \/ 33 kcal<br \/>\nGr\u0103sime 1.5 g din care satura\u021bi 0,2 g<br \/>\nCarbohidra\u021bi 3.5 g din care zaharuri 0.6 g<br \/>\nBallaststoffe &lt; 0,5 g<br \/>\nProteine \u200b\u200b1.1 g<br \/>\nSare 0,67 g<\/p>","protected":false},"excerpt":{"rendered":"<p>Unox Speciaal Romige Paddenstoelen Soep 570ml<br \/>\nSupa crema de ciuperci de padure Unox este o supa delicioasa, bogata in arome si preparata cu cele mai bune ingrediente!<\/p>","protected":false},"featured_media":217726,"comment_status":"open","ping_status":"closed","template":"","meta":{"_acf_changed":false,"_seopress_robots_primary_cat":"none","_seopress_titles_title":"","_seopress_titles_desc":"Comanda acum delicioasa supa-crema de ciuperci de padure Unox Olanda 570 ml. Unox Speciaal Romige Paddenstoelen Soep 570ml","_seopress_robots_index":""},"product_brand":[1925],"product_cat":[1555,1683,3272,1767],"giftcard-category":[],"class_list":{"0":"post-27049","1":"product","2":"type-product","3":"status-publish","4":"has-post-thumbnail","6":"product_brand-unox","7":"product_cat-bacanie","8":"product_cat-conserve-mancare-gatita","9":"product_cat-conserve","10":"product_cat-produse-olanda","12":"first","13":"outofstock","14":"taxable","15":"shipping-taxable","16":"purchasable","17":"product-type-simple"},"acf":[],"_links":{"self":[{"href":"https:\/\/totalblue.ro\/de\/wp-json\/wp\/v2\/product\/27049","targetHints":{"allow":["GET"]}}],"collection":[{"href":"https:\/\/totalblue.ro\/de\/wp-json\/wp\/v2\/product"}],"about":[{"href":"https:\/\/totalblue.ro\/de\/wp-json\/wp\/v2\/types\/product"}],"replies":[{"embeddable":true,"href":"https:\/\/totalblue.ro\/de\/wp-json\/wp\/v2\/comments?post=27049"}],"wp:featuredmedia":[{"embeddable":true,"href":"https:\/\/totalblue.ro\/de\/wp-json\/wp\/v2\/media\/217726"}],"wp:attachment":[{"href":"https:\/\/totalblue.ro\/de\/wp-json\/wp\/v2\/media?parent=27049"}],"wp:term":[{"taxonomy":"product_brand","embeddable":true,"href":"https:\/\/totalblue.ro\/de\/wp-json\/wp\/v2\/product_brand?post=27049"},{"taxonomy":"product_cat","embeddable":true,"href":"https:\/\/totalblue.ro\/de\/wp-json\/wp\/v2\/product_cat?post=27049"},{"taxonomy":"giftcard-category","embeddable":true,"href":"https:\/\/totalblue.ro\/de\/wp-json\/wp\/v2\/giftcard-category?post=27049"}],"curies":[{"name":"wp","href":"https:\/\/api.w.org\/{rel}","templated":true}]}}