{"id":27051,"date":"2021-02-01T11:04:38","date_gmt":"2021-02-01T09:04:38","guid":{"rendered":"https:\/\/totalblue.ro\/?post_type=product&#038;p=27051"},"modified":"2026-01-09T16:34:37","modified_gmt":"2026-01-09T14:34:37","slug":"supa-delicioasa-de-rosii-cu-perisoare-unox-olanda-570-ml","status":"publish","type":"product","link":"https:\/\/totalblue.ro\/de\/produs\/supa-delicioasa-de-rosii-cu-perisoare-unox-olanda-570-ml\/","title":{"rendered":"Leckere Tomatensuppe mit Birnen Unox Niederlande 570 ml"},"content":{"rendered":"<p>Cantitate ideala pentru 2 portii de supa.<\/p>\n<p>Leckere Tomatensuppe mit Birnen Unox Niederlande 570 ml<br \/>\nSupa de rosii cu perisoare Unox este o supa delicioasa, bogata in arome si preparata cu cele mai proaspete legume!<br \/>\nBrandul olandez Unox produce cele mai bune supe olandeze inca din 1957.\u00a0 Deoarece Unox lucreaza in continuu la imbunatatirea produselor sale, pe langa supele clasice, gasim o gama variata de produse delicioase gata preparate.<br \/>\n<strong>Vorbereitung:<\/strong>Die Verpackung nicht in die Mikrowelle stellen! Die Suppe nicht kochen! Geben Sie die Suppe in eine Sch\u00fcssel und erhitzen Sie sie 3 Minuten lang bei ca. 600 Watt in der Mikrowelle oder erhitzen Sie sie direkt in einer Kasserolle oder einem Topf unter leichtem R\u00fchren. Nach dem Erhitzen ist sie bereit zum Genie\u00dfen!<br \/>\n<strong>Inhaltsstoff:<\/strong> Legume 88,7% (ro\u0219ii 77,7% (ro\u0219ii, past\u0103 de ro\u0219ii), ceap\u0103, dovlecei 2,4%, morcovi, TELINA, ardei ro\u0219u 1,5%, piper galben 0,6%), perisoare 5,2% (carne de porc 62%, carne de vit\u0103 19%, ap\u0103 , amidon de cartofi, acid alimentar E330, sare, stabilizator (E451, E452), piper, coriandru, extract de nuc\u0219oar\u0103), zah\u0103r, ulei de rapi\u021b\u0103, amidon de porumb modificat, sare iodat\u0103, extract de drojdie (con\u021bine ORZ), fructoz\u0103, arom\u0103 natural\u0103, sare , maltodextrin\u0103, frunze de dafin, extract de vin alb, o\u021bet balsamic (o\u021bet de vin, must de struguri),<br \/>\n<strong>Lagerungsbedingungen:<\/strong><br \/>\nAn einem k\u00fchlen, trockenen Ort aufbewahren.<br \/>\nDupa deschidere, a se pastra acoperita in frigider si a se consuma in max 48h.<br \/>\n<strong>Allergene:<\/strong><br \/>\nContine: telina, orz<br \/>\nPoate contine: oua, lapte, soia, mustar<br \/>\nHergestellt in den Niederlanden von Unilever Nederland Unox, Postbus 160 3000 AD AD Rotterdam<br \/>\nEinf\u00fchrer und H\u00e4ndler Total Blue Impex SRL<\/p>\n<p><strong>Ern\u00e4hrung:<\/strong><br \/>\nEnergie 202 kJ \/ (48 kcal)<br \/>\nGr\u0103simi 2 g din care satura\u021bi 0,5 g<br \/>\nCarbohidra\u021bi 5.4 g din care zaharuri 3.7 g<br \/>\nFibre alimentare 1.2 g<br \/>\nProteine \u200b\u200b1,6 g<br \/>\nSare 0,58 g<\/p>","protected":false},"excerpt":{"rendered":"<p>Unox Speciaal Klassieke Tomaten Soep 570ml<br \/>\nLeckere Tomatensuppe mit Birnen Unox Niederlande 570 ml<\/p>","protected":false},"featured_media":217732,"comment_status":"open","ping_status":"closed","template":"","meta":{"_acf_changed":false,"_seopress_robots_primary_cat":"none","_seopress_titles_title":"","_seopress_titles_desc":"Comanda acum delicioasa supa de rosii cu perisoare Unox Olanda 570 ml. Unox Speciaal Klassieke Tomaten Soep 570ml","_seopress_robots_index":""},"product_brand":[1925],"product_cat":[1555,1683,3272,1767],"giftcard-category":[],"class_list":{"0":"post-27051","1":"product","2":"type-product","3":"status-publish","4":"has-post-thumbnail","6":"product_brand-unox","7":"product_cat-bacanie","8":"product_cat-conserve-mancare-gatita","9":"product_cat-conserve","10":"product_cat-produse-olanda","12":"first","13":"outofstock","14":"taxable","15":"shipping-taxable","16":"purchasable","17":"product-type-simple"},"acf":[],"_links":{"self":[{"href":"https:\/\/totalblue.ro\/de\/wp-json\/wp\/v2\/product\/27051","targetHints":{"allow":["GET"]}}],"collection":[{"href":"https:\/\/totalblue.ro\/de\/wp-json\/wp\/v2\/product"}],"about":[{"href":"https:\/\/totalblue.ro\/de\/wp-json\/wp\/v2\/types\/product"}],"replies":[{"embeddable":true,"href":"https:\/\/totalblue.ro\/de\/wp-json\/wp\/v2\/comments?post=27051"}],"wp:featuredmedia":[{"embeddable":true,"href":"https:\/\/totalblue.ro\/de\/wp-json\/wp\/v2\/media\/217732"}],"wp:attachment":[{"href":"https:\/\/totalblue.ro\/de\/wp-json\/wp\/v2\/media?parent=27051"}],"wp:term":[{"taxonomy":"product_brand","embeddable":true,"href":"https:\/\/totalblue.ro\/de\/wp-json\/wp\/v2\/product_brand?post=27051"},{"taxonomy":"product_cat","embeddable":true,"href":"https:\/\/totalblue.ro\/de\/wp-json\/wp\/v2\/product_cat?post=27051"},{"taxonomy":"giftcard-category","embeddable":true,"href":"https:\/\/totalblue.ro\/de\/wp-json\/wp\/v2\/giftcard-category?post=27051"}],"curies":[{"name":"wp","href":"https:\/\/api.w.org\/{rel}","templated":true}]}}