{"id":27054,"date":"2021-02-01T11:24:15","date_gmt":"2021-02-01T09:24:15","guid":{"rendered":"https:\/\/totalblue.ro\/?post_type=product&#038;p=27054"},"modified":"2025-08-01T15:43:47","modified_gmt":"2025-08-01T12:43:47","slug":"supa-de-linte-cu-bacon-unox-olanda-570-ml","status":"publish","type":"product","link":"https:\/\/totalblue.ro\/de\/produs\/supa-de-linte-cu-bacon-unox-olanda-570-ml\/","title":{"rendered":"Supa de linte cu bacon Unox Olanda 570 ml"},"content":{"rendered":"<p>Cantitate ideala pentru 2 portii de supa.<\/p>\n<p>Supa de linte cu bacon Unox Olanda 570 ml<br \/>\nBogata in linte, bucati tocate de morcov, cartofi si bacon, supa este de-a dreptul delicioasa. Punga contine mai mult de doua castroane de supa, cu 64 de grame de legume pe castron.<br \/>\nBrandul olandez Unox produce cele mai bune supe olandeze inca din 1957.\u00a0 Deoarece Unox lucreaza in continuu la imbunatatirea produselor sale, pe langa supele clasice, gasim o gama variata de produse delicioase gata preparate.<br \/>\n<strong>Vorbereitung:\u00a0<\/strong>Die Verpackung nicht in die Mikrowelle stellen! Die Suppe nicht kochen! Geben Sie die Suppe in eine Sch\u00fcssel und erhitzen Sie sie 3 Minuten lang bei ca. 600 Watt in der Mikrowelle oder erhitzen Sie sie direkt in einer Kasserolle oder einem Topf unter leichtem R\u00fchren. Nach dem Erhitzen ist sie bereit zum Genie\u00dfen!<br \/>\n<strong>Zutat<\/strong>: Incalziti supa la cuptorul cu microunde timp de 2 minute si 30 secunde (la aprox. 750 wati) sau incalziti-o direct intr-o craticioara sau oala amestecand usor. Dupa incalzire este gata de savurat!<br \/>\n<strong>Inhaltsstoff:<\/strong> ap\u0103, legume 24,7% (ro\u0219ie 19%, morcov 5,7%), linte 23,4%, cartof 5,7%, sl\u0103nin\u0103 afumat\u0103 2,7% (carne de porc 2,6%, sare, piper, fum), amidon de cartofi, ulei de rapi\u021b\u0103, sare, drojdie extract (con\u021bine ORZ), o\u021bet de vin alb, zah\u0103r, arom\u0103, boia 0,1%, piure de usturoi, pulbere de ceap\u0103, extract de vin alb, o\u021bet balsamic (must de struguri, o\u021bet de vin)<br \/>\n<strong>Lagerungsbedingungen:<\/strong><br \/>\nAn einem k\u00fchlen, trockenen Ort aufbewahren.<br \/>\nDupa deschidere, a se pastra acoperita in frigider si a se consuma in max 48h.<br \/>\n<strong>Allergene:<\/strong><br \/>\nContine: orz<br \/>\nHergestellt in den Niederlanden von Unilever Nederland Unox, Postbus 160 3000 AD AD Rotterdam<br \/>\nEinf\u00fchrer und H\u00e4ndler Total Blue Impex SRL<\/p>\n<p><strong>Ern\u00e4hrung:<\/strong><br \/>\nEnergie 308 kJ (73 kcal) \/ 100 ml<br \/>\nGr\u0103sime 2,1 g<br \/>\ndin care satureaz\u0103 0,4 g<br \/>\nCarbohidra\u021bi 7,3 g<br \/>\ndin care zaharuri 1,4 g<br \/>\nFibre dietetice 4,1 g<br \/>\nProteine \u200b\u200b4,4 g<br \/>\nSare 0,85 g<\/p>","protected":false},"excerpt":{"rendered":"<p>Unox Extra Rijkgevuld Linzen Soep 570ml<br \/>\nBogata in linte, bucati tocate de morcov, cartofi si bacon, supa este de-a dreptul delicioasa. Punga contine mai mult de doua castroane de supa, cu 64 de grame de legume pe castron.<\/p>","protected":false},"featured_media":27055,"comment_status":"open","ping_status":"closed","template":"","meta":{"_acf_changed":false,"_seopress_robots_primary_cat":"none","_seopress_titles_title":"","_seopress_titles_desc":"Comanda acum delicioasa supa de linte cu bacon Unox Olanda 570 ml. Unox Extra Rijkgevuld Linzen Soep 570ml","_seopress_robots_index":""},"product_brand":[1925],"product_cat":[1555,1683,3272,1767],"giftcard-category":[],"class_list":{"0":"post-27054","1":"product","2":"type-product","3":"status-publish","4":"has-post-thumbnail","6":"product_brand-unox","7":"product_cat-bacanie","8":"product_cat-conserve-mancare-gatita","9":"product_cat-conserve","10":"product_cat-produse-olanda","12":"first","13":"outofstock","14":"taxable","15":"shipping-taxable","16":"purchasable","17":"product-type-simple"},"acf":[],"_links":{"self":[{"href":"https:\/\/totalblue.ro\/de\/wp-json\/wp\/v2\/product\/27054","targetHints":{"allow":["GET"]}}],"collection":[{"href":"https:\/\/totalblue.ro\/de\/wp-json\/wp\/v2\/product"}],"about":[{"href":"https:\/\/totalblue.ro\/de\/wp-json\/wp\/v2\/types\/product"}],"replies":[{"embeddable":true,"href":"https:\/\/totalblue.ro\/de\/wp-json\/wp\/v2\/comments?post=27054"}],"wp:featuredmedia":[{"embeddable":true,"href":"https:\/\/totalblue.ro\/de\/wp-json\/wp\/v2\/media\/27055"}],"wp:attachment":[{"href":"https:\/\/totalblue.ro\/de\/wp-json\/wp\/v2\/media?parent=27054"}],"wp:term":[{"taxonomy":"product_brand","embeddable":true,"href":"https:\/\/totalblue.ro\/de\/wp-json\/wp\/v2\/product_brand?post=27054"},{"taxonomy":"product_cat","embeddable":true,"href":"https:\/\/totalblue.ro\/de\/wp-json\/wp\/v2\/product_cat?post=27054"},{"taxonomy":"giftcard-category","embeddable":true,"href":"https:\/\/totalblue.ro\/de\/wp-json\/wp\/v2\/giftcard-category?post=27054"}],"curies":[{"name":"wp","href":"https:\/\/api.w.org\/{rel}","templated":true}]}}