{"id":27058,"date":"2021-02-01T11:46:09","date_gmt":"2021-02-01T09:46:09","guid":{"rendered":"https:\/\/totalblue.ro\/?post_type=product&#038;p=27058"},"modified":"2025-08-01T15:43:45","modified_gmt":"2025-08-01T12:43:45","slug":"supa-crema-de-broccoli-si-conopida-unox-olanda-570-ml","status":"publish","type":"product","link":"https:\/\/totalblue.ro\/de\/produs\/supa-crema-de-broccoli-si-conopida-unox-olanda-570-ml\/","title":{"rendered":"Supa-crema de broccoli si conopida Unox Olanda 570 ml"},"content":{"rendered":"<p>Cantitate ideala pentru 2 portii de supa.<\/p>\n<p>Supa-crema de broccoli si conopida Unox Olanda 570 ml<br \/>\nSupa-crema de broccoli si conopida cu fenicul si parmezan este una dintre supele delicioase ale Unox.<br \/>\nBrandul olandez Unox produce cele mai bune supe olandeze inca din 1957.\u00a0 Deoarece Unox lucreaza in continuu la imbunatatirea produselor sale, pe langa supele clasice, gasim o gama variata de produse delicioase gata preparate.<br \/>\n<strong>Vorbereitung:\u00a0<\/strong>Die Verpackung nicht in die Mikrowelle stellen! Die Suppe nicht kochen! Geben Sie die Suppe in eine Sch\u00fcssel und erhitzen Sie sie 3 Minuten lang bei ca. 600 Watt in der Mikrowelle oder erhitzen Sie sie direkt in einer Kasserolle oder einem Topf unter leichtem R\u00fchren. Nach dem Erhitzen ist sie bereit zum Genie\u00dfen!<br \/>\n<strong>Inhaltsstoff:<\/strong> ap\u0103, legume 23,3% (conopid\u0103 13%, ceap\u0103 4,5%, broccoli 3,3%, fenicul 2,5%), cartofi 6,5%, CREM\u0102 3,5%, amidon de porumb modificat, unt, sare iodat\u0103, br\u00e2nz\u0103 parmezan 0,6%, extract de drojdie, condimente (nucsoara, piper negru)<br \/>\n<strong>Lagerungsbedingungen:<\/strong><br \/>\nAn einem k\u00fchlen, trockenen Ort aufbewahren.<br \/>\nDupa deschidere, a se pastra acoperita in frigider si a se consuma in max 48h.<br \/>\n<strong>Allergene:<br \/>\n<\/strong>Contine: lapte<br \/>\nHergestellt in den Niederlanden von Unilever Nederland Unox, Postbus 160 3000 AD AD Rotterdam<br \/>\nEinf\u00fchrer und H\u00e4ndler Total Blue Impex SRL<\/p>\n<p><strong>Ern\u00e4hrung:<\/strong><br \/>\nEnergie 146 kJ (34 kcal) \/ 100 ml<br \/>\nGr\u0103sime 2 g<br \/>\ndin care satura\u021bi 1,2 g<br \/>\nCarbohidra\u021bi 2,7 g<br \/>\ndin care zaharuri 0,8 g<br \/>\nFibra dietetic\u0103 0,7 g<br \/>\nProteine \u200b\u200b1 g<br \/>\nSare 0,67 g<\/p>","protected":false},"excerpt":{"rendered":"<p>Unox Speciaal Bloemkool Broccoli Soep 570ml<br \/>\nSupa-crema de broccoli si conopida cu fenicul si parmezan este una dintre supele delicioase ale Unox.<\/p>","protected":false},"featured_media":27059,"comment_status":"open","ping_status":"closed","template":"","meta":{"_acf_changed":false,"_seopress_robots_primary_cat":"none","_seopress_titles_title":"","_seopress_titles_desc":"Comanda acum delicioasa supa-crema de broccoli si conopida Unox Olanda 570 ml. Unox Speciaal Bloemkool Broccoli Soep 570ml","_seopress_robots_index":""},"product_brand":[1925],"product_cat":[1555,1683,3272,1767],"giftcard-category":[],"class_list":{"0":"post-27058","1":"product","2":"type-product","3":"status-publish","4":"has-post-thumbnail","6":"product_brand-unox","7":"product_cat-bacanie","8":"product_cat-conserve-mancare-gatita","9":"product_cat-conserve","10":"product_cat-produse-olanda","12":"first","13":"outofstock","14":"taxable","15":"shipping-taxable","16":"purchasable","17":"product-type-simple"},"acf":[],"_links":{"self":[{"href":"https:\/\/totalblue.ro\/de\/wp-json\/wp\/v2\/product\/27058","targetHints":{"allow":["GET"]}}],"collection":[{"href":"https:\/\/totalblue.ro\/de\/wp-json\/wp\/v2\/product"}],"about":[{"href":"https:\/\/totalblue.ro\/de\/wp-json\/wp\/v2\/types\/product"}],"replies":[{"embeddable":true,"href":"https:\/\/totalblue.ro\/de\/wp-json\/wp\/v2\/comments?post=27058"}],"wp:featuredmedia":[{"embeddable":true,"href":"https:\/\/totalblue.ro\/de\/wp-json\/wp\/v2\/media\/27059"}],"wp:attachment":[{"href":"https:\/\/totalblue.ro\/de\/wp-json\/wp\/v2\/media?parent=27058"}],"wp:term":[{"taxonomy":"product_brand","embeddable":true,"href":"https:\/\/totalblue.ro\/de\/wp-json\/wp\/v2\/product_brand?post=27058"},{"taxonomy":"product_cat","embeddable":true,"href":"https:\/\/totalblue.ro\/de\/wp-json\/wp\/v2\/product_cat?post=27058"},{"taxonomy":"giftcard-category","embeddable":true,"href":"https:\/\/totalblue.ro\/de\/wp-json\/wp\/v2\/giftcard-category?post=27058"}],"curies":[{"name":"wp","href":"https:\/\/api.w.org\/{rel}","templated":true}]}}