{"id":27068,"date":"2021-02-01T13:03:07","date_gmt":"2021-02-01T11:03:07","guid":{"rendered":"https:\/\/totalblue.ro\/?post_type=product&#038;p=27068"},"modified":"2026-01-29T19:16:29","modified_gmt":"2026-01-29T17:16:29","slug":"pasta-de-condimente-ajam-paniki-conimex-olanda-95g","status":"publish","type":"product","link":"https:\/\/totalblue.ro\/de\/produs\/pasta-de-condimente-ajam-paniki-conimex-olanda-95g\/","title":{"rendered":"Pasta de condimente Ajam Paniki Conimex Olanda 95g"},"content":{"rendered":"<p>Pe baza unei retete autentice indoneziene!<br \/>\nRapid si usor de utilizat (gata in 20 minute)!<br \/>\nCantitate ideala pentru 3-4 portii<br \/>\nFara coloranti artificiali!<br \/>\nCu acest amestec puteti face un preparat picant delicios din bucataria indoneziana. Ajam Paniki sunt amestecuri concentrate de condimente umede din Asia. Sunt facute din ierburi si condimente macinate fin, a caror compozitie variaza de la un fel de mancare la altul si de la sat la sat. Cu acest amestec puteti da cu usurinta gustul, mirosul si culoarea orientala autentica preparatelor din carne, pui si legume.<br \/>\n<strong>Inhaltsstoff:<\/strong> uleiuri vegetale (rapita, floarea soarelui), ceapa, sirop de glucoza, zahar, sambal 12% (ardei rosu, sare, acid alimentar E270, apa, conservant E202), apa, otet, dextroza, amidon de porumb modificat, sare, usturoi, radacina de galanga, grasime de palmier intarita, sos de soia (SOIA, GRAU, maltodextrina, sare), lamaie, boia de praf, chimen, maltodextrina, pasta de rosii, potentiator de aroma E621, pulbere de suc de lamaie, PRAVETA DE CHRIMP, ardei iute, zahar ars, conservant E202<br \/>\n<strong>Allergene:<\/strong> crustacee, soia, grau<br \/>\n<strong>Lagerung:<\/strong> Poate fi pastrat la frigider timp de 3 zile dupa deschidere.<br \/>\nA se consuma inainte de data inscriptionata pe ambalaj.<\/p>\n<p><strong>Ern\u00e4hrung:<\/strong><br \/>\nEnergie 1544 kJ (369 kcal)<br \/>\nGr\u0103sime 20 g din care satureaz\u0103 2.9 g<br \/>\nCarbohidra\u021bi 44 g din care zaharuri 21 g<br \/>\nFibre dietetice 2.8 g<br \/>\nProteine \u200b\u200b2.8 g<br \/>\nSare 4 g<\/p>\n<p><strong>Empfohlene Zubereitung:<\/strong><br \/>\n&#8211; 350 g piept de pui<br \/>\n&#8211; 350 g orez<br \/>\n&#8211; pasta de condimente Ajam Paniki<br \/>\n&#8211; ulei<br \/>\n1. Gatiti orezul conform metodei de preparare de pe ambalaj. Taiati pieptul de pui in cuburi.<br \/>\n2. Incalziti 2 linguri de ulei intr-un wok sau tigaie si prajiti cuburile de pui. Adaugati pasta de condimente si 200 ml apa. Amestecati usor in timp ce fierbe. Lasa totul sa fiarba 5-15 minute la foc mediu pana sosul are grosimea dorita.<br \/>\n3. Puneti compozitia peste orez si amestecati. Pofta buna!<\/p>\n<p>Conimex bezieht seit 1932 k\u00f6stliche authentische orientalische Aromen aus den Niederlanden und hat sich im Laufe der Jahre zu einer bekannten Marke mit einem inspirierenden Sortiment von \u00fcber 150 Produkten entwickelt. Viele der Rohstoffe werden direkt aus L\u00e4ndern des Fernen Ostens wie Indonesien, China und Thailand importiert. Mit den Produkten von Conimex k\u00f6nnen Sie in nur wenigen Schritten ein gro\u00dfartiges Gericht mit k\u00f6stlichen orientalischen Aromen zubereiten.<\/p>","protected":false},"excerpt":{"rendered":"<p>Ajam Paniki &#8211; Bomboe Voor Pittig Kipgerecht<br \/>\n\ud83c\udf36\ufe0f\ud83c\udf36\ufe0f &#8211; Spicy<br \/>\nPasta de condimente Ajam Paniki Conimex Olanda 95g<br \/>\nRapid si usor de utilizat (gata in 20 minute)!<\/p>","protected":false},"featured_media":27070,"comment_status":"open","ping_status":"closed","template":"","meta":{"_acf_changed":false,"_seopress_robots_primary_cat":"none","_seopress_titles_title":"Pasta de condimente Ajam Paniki Conimex Olanda 95g","_seopress_titles_desc":"Cu Ajam Paniki puteti face un preparat picant delicios din bucataria indoneziana! Cumpara online condimente , pasta condimente, mancare Olanda","_seopress_robots_index":""},"product_brand":[1949],"product_cat":[1555,3280,1451,17494,1767],"giftcard-category":[],"class_list":{"0":"post-27068","1":"product","2":"type-product","3":"status-publish","4":"has-post-thumbnail","6":"product_brand-conimex","7":"product_cat-bacanie","8":"product_cat-condimente-sosuri","9":"product_cat-condimente-produse-instant","10":"product_cat-influente-asiatice","11":"product_cat-produse-olanda","13":"first","14":"instock","15":"taxable","16":"shipping-taxable","17":"purchasable","18":"product-type-simple"},"acf":[],"_links":{"self":[{"href":"https:\/\/totalblue.ro\/de\/wp-json\/wp\/v2\/product\/27068","targetHints":{"allow":["GET"]}}],"collection":[{"href":"https:\/\/totalblue.ro\/de\/wp-json\/wp\/v2\/product"}],"about":[{"href":"https:\/\/totalblue.ro\/de\/wp-json\/wp\/v2\/types\/product"}],"replies":[{"embeddable":true,"href":"https:\/\/totalblue.ro\/de\/wp-json\/wp\/v2\/comments?post=27068"}],"wp:featuredmedia":[{"embeddable":true,"href":"https:\/\/totalblue.ro\/de\/wp-json\/wp\/v2\/media\/27070"}],"wp:attachment":[{"href":"https:\/\/totalblue.ro\/de\/wp-json\/wp\/v2\/media?parent=27068"}],"wp:term":[{"taxonomy":"product_brand","embeddable":true,"href":"https:\/\/totalblue.ro\/de\/wp-json\/wp\/v2\/product_brand?post=27068"},{"taxonomy":"product_cat","embeddable":true,"href":"https:\/\/totalblue.ro\/de\/wp-json\/wp\/v2\/product_cat?post=27068"},{"taxonomy":"giftcard-category","embeddable":true,"href":"https:\/\/totalblue.ro\/de\/wp-json\/wp\/v2\/giftcard-category?post=27068"}],"curies":[{"name":"wp","href":"https:\/\/api.w.org\/{rel}","templated":true}]}}