{"id":27072,"date":"2021-02-01T13:35:21","date_gmt":"2021-02-01T11:35:21","guid":{"rendered":"https:\/\/totalblue.ro\/?post_type=product&#038;p=27072"},"modified":"2026-02-24T11:47:06","modified_gmt":"2026-02-24T09:47:06","slug":"pasta-de-condimente-sajoer-boontjes-conimex-olanda-95g","status":"publish","type":"product","link":"https:\/\/totalblue.ro\/de\/produs\/pasta-de-condimente-sajoer-boontjes-conimex-olanda-95g\/","title":{"rendered":"Sajoer Boontjes Conimex Conimex Niederlande 95g"},"content":{"rendered":"<p>Pe baza unei retete autentice indoneziene!<br \/>\nRapid si usor de utilizat (gata in 15 minute)!<br \/>\nCantitate ideala pentru 3-4 portii<br \/>\nFara coloranti artificiali!<br \/>\nCu acest amestec puteti face un preparat autentic indonezian cu legume picante, cu ardei rosu si nuca de cocos. Sajoer Boontjes sunt amestecuri concentrate de condimente umede din Asia. Sunt facute din ierburi si condimente macinate fin, a caror compozitie variaza de la un fel de mancare la altul si de la sat la sat. Cu acest amestec puteti da cu usurinta gustul, mirosul si culoarea orientala autentica preparatelor din carne, pui si legume.<br \/>\n<strong>Inhaltsstoff:<\/strong> uleiuri vegetale (rapita, floarea soarelui), zahar, sirop de glucoza, amidon de porumb modificat, sambal 7,4% (ardei rosu, sare, acid alimentar E270, apa, conservant E202), ceapa, apa, radacina de galanga, aroma (contine LAPTE) , usturoi, otet, nuca de cocos 2,6%, lemongrass, sare, grasime de palmier complet intarita, potentiator de aroma E621, sare minerala (potasiu), maltodextrina, suc concentrat de lamaie, conservant E202, zahar ars<br \/>\n<strong>Allergene:<\/strong> Milch<br \/>\n<strong>Lagerung:<\/strong> Poate fi pastrat la frigider timp de 3 zile dupa deschidere.<br \/>\nA se consuma inainte de data inscriptionata pe ambalaj.<\/p>\n<p><strong>Ern\u00e4hrung:<\/strong><br \/>\nEnergie 1710 kJ (409 kcal)<br \/>\nGr\u0103sime 22 g din care satura\u021bi 5.1 g<br \/>\nCarbohidra\u021bi 47 g din care zaharuri 30 g<br \/>\nFibre alimentare 2,4 g<br \/>\nProteine 3.6 g<br \/>\nSare 4 g<\/p>\n<p><strong>Empfohlene Zubereitung:<\/strong><br \/>\n&#8211; 500 g fasole verde<br \/>\n&#8211; 300 g orez<br \/>\n&#8211; pasta de condimente Sajoer Boontjes<br \/>\n&#8211; ulei<br \/>\n1. Gatiti orezul conform metodei de preparare de pe ambalaj.<br \/>\n2. Rupeti tecile de fasole in 2 si puneti-le la fiert aproximativ 5minute.<br \/>\n3. Incalziti 2 linguri de ulei intr-un wok sau tigaie. Adaugati tecile de fasole si tineti-le pe foc aproximativ 2 minute.<br \/>\n4. Adaugati pasta de condimente si 200 ml apa. Amestecati usor in timp ce fierbe.<br \/>\n5. Lasati totul sa fiarba 5-10 minute la foc mediu pana sosul are grosimea dorita.<br \/>\n6. Puneti compozitia peste orez si amestecati. Pofta buna!<\/p>\n<p>Conimex bezieht seit 1932 k\u00f6stliche authentische orientalische Aromen aus den Niederlanden und hat sich im Laufe der Jahre zu einer bekannten Marke mit einem inspirierenden Sortiment von \u00fcber 150 Produkten entwickelt. Viele der Rohstoffe werden direkt aus L\u00e4ndern des Fernen Ostens wie Indonesien, China und Thailand importiert. Mit den Produkten von Conimex k\u00f6nnen Sie in nur wenigen Schritten ein gro\u00dfartiges Gericht mit k\u00f6stlichen orientalischen Aromen zubereiten.<\/p>","protected":false},"excerpt":{"rendered":"<p>Sajoer Boontjes &#8211; Bomboe Voor Zoet Pittig Boontjes<br \/>\n\ud83c\udf36\ufe0f\ud83c\udf36\ufe0f &#8211; Spicy<br \/>\nSajoer Boontjes Conimex Conimex Niederlande 95g<br \/>\nRapid si usor de utilizat (gata in 15 minute)!<\/p>","protected":false},"featured_media":27074,"comment_status":"open","ping_status":"closed","template":"","meta":{"_acf_changed":false,"_seopress_robots_primary_cat":"none","_seopress_titles_title":"","_seopress_titles_desc":"Comanda acum pasta de condimente Sajoer Boontjes Conimex Olanda 95g. Ajam Paniki - Bomboe Voor Pittig Kipgerecht","_seopress_robots_index":""},"product_brand":[1949],"product_cat":[1555,3280,1451,17494,1767],"giftcard-category":[],"class_list":{"0":"post-27072","1":"product","2":"type-product","3":"status-publish","4":"has-post-thumbnail","6":"product_brand-conimex","7":"product_cat-bacanie","8":"product_cat-condimente-sosuri","9":"product_cat-condimente-produse-instant","10":"product_cat-influente-asiatice","11":"product_cat-produse-olanda","13":"first","14":"instock","15":"taxable","16":"shipping-taxable","17":"purchasable","18":"product-type-simple"},"acf":[],"_links":{"self":[{"href":"https:\/\/totalblue.ro\/de\/wp-json\/wp\/v2\/product\/27072","targetHints":{"allow":["GET"]}}],"collection":[{"href":"https:\/\/totalblue.ro\/de\/wp-json\/wp\/v2\/product"}],"about":[{"href":"https:\/\/totalblue.ro\/de\/wp-json\/wp\/v2\/types\/product"}],"replies":[{"embeddable":true,"href":"https:\/\/totalblue.ro\/de\/wp-json\/wp\/v2\/comments?post=27072"}],"wp:featuredmedia":[{"embeddable":true,"href":"https:\/\/totalblue.ro\/de\/wp-json\/wp\/v2\/media\/27074"}],"wp:attachment":[{"href":"https:\/\/totalblue.ro\/de\/wp-json\/wp\/v2\/media?parent=27072"}],"wp:term":[{"taxonomy":"product_brand","embeddable":true,"href":"https:\/\/totalblue.ro\/de\/wp-json\/wp\/v2\/product_brand?post=27072"},{"taxonomy":"product_cat","embeddable":true,"href":"https:\/\/totalblue.ro\/de\/wp-json\/wp\/v2\/product_cat?post=27072"},{"taxonomy":"giftcard-category","embeddable":true,"href":"https:\/\/totalblue.ro\/de\/wp-json\/wp\/v2\/giftcard-category?post=27072"}],"curies":[{"name":"wp","href":"https:\/\/api.w.org\/{rel}","templated":true}]}}