{"id":27075,"date":"2021-02-01T13:49:19","date_gmt":"2021-02-01T11:49:19","guid":{"rendered":"https:\/\/totalblue.ro\/?post_type=product&#038;p=27075"},"modified":"2026-02-07T18:41:19","modified_gmt":"2026-02-07T16:41:19","slug":"pasta-de-condimente-nasi-goreng-conimex-olanda-95g","status":"publish","type":"product","link":"https:\/\/totalblue.ro\/de\/produs\/pasta-de-condimente-nasi-goreng-conimex-olanda-95g\/","title":{"rendered":"Gew\u00fcrzpaste Nasi Goreng Conimex Conimex Niederlande 95g"},"content":{"rendered":"<p>Pe baza unei retete autentice indoneziene!<br \/>\nRapid si usor de utilizat (gata in 20 minute)!<br \/>\nCantitate ideala pentru 3-4 portii<br \/>\nFara coloranti artificiali!<br \/>\nCu acest amestec puteti face usor o garnitua dulce condimentata. Nasi Goreng sunt amestecuri concentrate de condimente umede din Asia. Sunt facute din ierburi si condimente macinate fin, a caror compozitie variaza de la un fel de mancare la altul si de la sat la sat. Cu acest amestec puteti da cu usurinta gustul, mirosul si culoarea orientala autentica preparatelor din carne, pui si legume.<br \/>\n<strong>Inhaltsstoff:<\/strong> Ceapa, uleiuri vegetale (rapita, floarea soarelui), sirop de glucoza, apa, coriandru, aroma, sare, sambal oelek 4,2% (ardei rosu, sare, acid alimentar E270, apa, conservant E202), usturoi, zahar, radacina de galanga, sos de soia (apa, SOIA, sare, GRAU, conservant E202), chimen, otet, amidon de porumb modificat, ghimbir, pasta de rosii, potentiator de aroma E621, grasime de palmier complet hidrogenata, sare minerala (potasiu), pudra de creveti, turmeric, conservant E202<br \/>\n<strong>Allergene:<\/strong> crustacee, soia ,grau<br \/>\n<strong>Lagerung:<\/strong> Poate fi pastrat la frigider timp de 3 zile dupa deschidere.<br \/>\nA se consuma inainte de data inscriptionata pe ambalaj.<\/p>\n<p><strong>Ern\u00e4hrung:<\/strong><br \/>\nEnergie 1371 kJ \/ 328 kcal<br \/>\nGr\u0103sime 18 g din care satureaz\u0103 3.3 g<br \/>\nCarbohidra\u021bi 34 g din care zaharuri 11 g<br \/>\nFibre alimentare 4.3 g<br \/>\nProteine \u200b\u200b5.8 g<br \/>\nSare 6.7 g<\/p>\n<p><strong>Empfohlene Zubereitung:<\/strong><br \/>\n&#8211; 400 g carne de porc sau pui<br \/>\n&#8211; 400 g orez<br \/>\n&#8211; 500 g pachet de legume asortate<br \/>\n&#8211; pasta de condimente Nasi Goreng<br \/>\n&#8211; ulei<br \/>\n1. Gatiti orezul conform metodei de preparare de pe ambalaj.<br \/>\n2. Taiati carnea cubulete<br \/>\n3. Incalziti 2 linguri de ulei intr-un wok sau tigaie. Se prajeste carnea. Adaugati legumele si tineti-le pe foc aproximativ 2 minute.<br \/>\n4. Adaugati pasta de condimente si 50 ml apa in timp ce amestecati.<br \/>\n5. Adaugati orezul fiert si amestecati bine. Pofta buna! (delicios cu crackers de creveti).<\/p>\n<p>Conimex bezieht seit 1932 k\u00f6stliche authentische orientalische Aromen aus den Niederlanden und hat sich im Laufe der Jahre zu einer bekannten Marke mit einem inspirierenden Sortiment von \u00fcber 150 Produkten entwickelt. Viele der Rohstoffe werden direkt aus L\u00e4ndern des Fernen Ostens wie Indonesien, China und Thailand importiert. Mit den Produkten von Conimex k\u00f6nnen Sie in nur wenigen Schritten ein gro\u00dfartiges Gericht mit k\u00f6stlichen orientalischen Aromen zubereiten.<\/p>","protected":false},"excerpt":{"rendered":"<p>Nasi Goreng &#8211; Bomboe Voor Zoet Kruidig Rijstgerecht<br \/>\nGew\u00fcrzpaste Nasi Goreng Conimex Conimex Niederlande 95g<br \/>\nRapid si usor de utilizat (gata in 20 minute)!<\/p>","protected":false},"featured_media":167914,"comment_status":"open","ping_status":"closed","template":"","meta":{"_acf_changed":false,"_seopress_robots_primary_cat":"none","_seopress_titles_title":"","_seopress_titles_desc":"Comanda acum Pasta de condimente Nasi Goreng Conimex Olanda 95g. Nasi Goreng - Bomboe Voor Zoet Kruidig Rijstgerecht","_seopress_robots_index":""},"product_brand":[1949],"product_cat":[1555,3280,1451,17494,1767],"giftcard-category":[],"class_list":{"0":"post-27075","1":"product","2":"type-product","3":"status-publish","4":"has-post-thumbnail","6":"product_brand-conimex","7":"product_cat-bacanie","8":"product_cat-condimente-sosuri","9":"product_cat-condimente-produse-instant","10":"product_cat-influente-asiatice","11":"product_cat-produse-olanda","13":"first","14":"outofstock","15":"taxable","16":"shipping-taxable","17":"purchasable","18":"product-type-simple"},"acf":[],"_links":{"self":[{"href":"https:\/\/totalblue.ro\/de\/wp-json\/wp\/v2\/product\/27075","targetHints":{"allow":["GET"]}}],"collection":[{"href":"https:\/\/totalblue.ro\/de\/wp-json\/wp\/v2\/product"}],"about":[{"href":"https:\/\/totalblue.ro\/de\/wp-json\/wp\/v2\/types\/product"}],"replies":[{"embeddable":true,"href":"https:\/\/totalblue.ro\/de\/wp-json\/wp\/v2\/comments?post=27075"}],"wp:featuredmedia":[{"embeddable":true,"href":"https:\/\/totalblue.ro\/de\/wp-json\/wp\/v2\/media\/167914"}],"wp:attachment":[{"href":"https:\/\/totalblue.ro\/de\/wp-json\/wp\/v2\/media?parent=27075"}],"wp:term":[{"taxonomy":"product_brand","embeddable":true,"href":"https:\/\/totalblue.ro\/de\/wp-json\/wp\/v2\/product_brand?post=27075"},{"taxonomy":"product_cat","embeddable":true,"href":"https:\/\/totalblue.ro\/de\/wp-json\/wp\/v2\/product_cat?post=27075"},{"taxonomy":"giftcard-category","embeddable":true,"href":"https:\/\/totalblue.ro\/de\/wp-json\/wp\/v2\/giftcard-category?post=27075"}],"curies":[{"name":"wp","href":"https:\/\/api.w.org\/{rel}","templated":true}]}}