{"id":27088,"date":"2021-02-01T14:42:01","date_gmt":"2021-02-01T12:42:01","guid":{"rendered":"https:\/\/totalblue.ro\/?post_type=product&#038;p=27088"},"modified":"2025-08-05T14:23:36","modified_gmt":"2025-08-05T11:23:36","slug":"pasta-de-condimente-groene-curry-conimex-olanda-90g","status":"publish","type":"product","link":"https:\/\/totalblue.ro\/de\/produs\/pasta-de-condimente-groene-curry-conimex-olanda-90g\/","title":{"rendered":"Pasta de condimente Thaise Groene Curry Conimex 90g"},"content":{"rendered":"<p>Pasta de curry verde Conimex este un curry thailandez picant cu piper verde, frunze de tei, Laos, coriandru si chimen..<br \/>\n<strong>Inhaltsstoff:<\/strong> Ingrediente: piure de ardei iute verde 27,4%, ceapa, usturoi, iarba de lamaie, radacina de galanga, ulei de rapita, sare, suc de lamaie, zahar de palmier, amidon modificat, condimente (coriandru, chimen 0,5%), spanac pudra, frunza de tei Kaffir 1,2%, aroma naturala.<br \/>\n<strong>Lagerung:<\/strong> Poate fi pastrat la frigider timp de 3 zile dupa deschidere.<br \/>\nA se consuma inainte de data inscriptionata pe ambalaj.<\/p>\n<p><strong>Ern\u00e4hrung:<\/strong><br \/>\nEnergie 544 kJ (130 kcal)<br \/>\nGrasimi 7,6 g din care saturate 0,7 g<br \/>\nGlucide 11 g din care zaharuri 6,2 g<br \/>\nEiwei\u00df 2,8 g<br \/>\nSare 5,1 g<\/p>\n<p><strong>Empfohlene Zubereitung:<\/strong><br \/>\n&#8211; 250 g file de pui (cuburi)<br \/>\n&#8211; 200 g mazare verde<br \/>\n&#8211; 1 ceapa<br \/>\n&#8211; 225 g orez<br \/>\n&#8211; 200 ml lapte de cocos<br \/>\n&#8211; 2 linguri ulei wok Conimex<br \/>\n1. Gatiti orezul.<br \/>\n2. Taiati ceapa in jumatate de rondele, injumatatiti mazarea cu zahar.<br \/>\n3. Fierbeti in prealabil mazarea cu zahar timp de aproximativ 2 minute.<br \/>\n4. Prajiti cuburile de pui in ulei wok pana se rumenesc. Prajiti apoi ceapa inca 3 minute.<br \/>\n5. Reduceti focul la mic si adaugati pasta de curry, laptele de cocos, 100 ml apa si mazarea cu zahar. Se aduce la fierbere amestecand si se lasa sa fiarba usor 2-3 minute.<br \/>\n6. Serviti curry-ul cu orezul fiert.<\/p>\n<p>Conimex bezieht seit 1932 k\u00f6stliche authentische orientalische Aromen aus den Niederlanden und hat sich im Laufe der Jahre zu einer bekannten Marke mit einem inspirierenden Sortiment von \u00fcber 150 Produkten entwickelt. Viele der Rohstoffe werden direkt aus L\u00e4ndern des Fernen Ostens wie Indonesien, China und Thailand importiert. Mit den Produkten von Conimex k\u00f6nnen Sie in nur wenigen Schritten ein gro\u00dfartiges Gericht mit k\u00f6stlichen orientalischen Aromen zubereiten.<\/p>","protected":false},"excerpt":{"rendered":"<p>Pasta de curry verde Conimex este un curry thailandez picant cu piper verde, frunze de tei, Laos, coriandru si chimen.. Ingrediente: Ingrediente: piure de ardei iute verde 27,4%, ceapa, usturoi, iarba de lamaie, radacina de galanga, ulei de rapita, sare, suc de lamaie, zahar de palmier, amidon modificat, condimente (coriandru, chimen 0,5%), spanac pudra, frunza [&#8230;]\n","protected":false},"featured_media":167948,"comment_status":"open","ping_status":"closed","template":"","meta":{"_acf_changed":false,"_seopress_robots_primary_cat":"none","_seopress_titles_title":"","_seopress_titles_desc":"Comanda acum Pasta de condimente Groene Curry Conimex Olanda 95g. Groene Curry - Bomboe Voor Pittige Thaise Curry","_seopress_robots_index":""},"product_brand":[1949],"product_cat":[1555,21674,3280,1451,17494,1767],"giftcard-category":[],"class_list":{"0":"post-27088","1":"product","2":"type-product","3":"status-publish","4":"has-post-thumbnail","6":"product_brand-conimex","7":"product_cat-bacanie","8":"product_cat-condimente-sosuri-influente-asiatice","9":"product_cat-condimente-sosuri","10":"product_cat-condimente-produse-instant","11":"product_cat-influente-asiatice","12":"product_cat-produse-olanda","14":"first","15":"outofstock","16":"taxable","17":"shipping-taxable","18":"purchasable","19":"product-type-simple"},"acf":[],"_links":{"self":[{"href":"https:\/\/totalblue.ro\/de\/wp-json\/wp\/v2\/product\/27088","targetHints":{"allow":["GET"]}}],"collection":[{"href":"https:\/\/totalblue.ro\/de\/wp-json\/wp\/v2\/product"}],"about":[{"href":"https:\/\/totalblue.ro\/de\/wp-json\/wp\/v2\/types\/product"}],"replies":[{"embeddable":true,"href":"https:\/\/totalblue.ro\/de\/wp-json\/wp\/v2\/comments?post=27088"}],"wp:featuredmedia":[{"embeddable":true,"href":"https:\/\/totalblue.ro\/de\/wp-json\/wp\/v2\/media\/167948"}],"wp:attachment":[{"href":"https:\/\/totalblue.ro\/de\/wp-json\/wp\/v2\/media?parent=27088"}],"wp:term":[{"taxonomy":"product_brand","embeddable":true,"href":"https:\/\/totalblue.ro\/de\/wp-json\/wp\/v2\/product_brand?post=27088"},{"taxonomy":"product_cat","embeddable":true,"href":"https:\/\/totalblue.ro\/de\/wp-json\/wp\/v2\/product_cat?post=27088"},{"taxonomy":"giftcard-category","embeddable":true,"href":"https:\/\/totalblue.ro\/de\/wp-json\/wp\/v2\/giftcard-category?post=27088"}],"curies":[{"name":"wp","href":"https:\/\/api.w.org\/{rel}","templated":true}]}}