{"id":27091,"date":"2021-02-01T14:54:19","date_gmt":"2021-02-01T12:54:19","guid":{"rendered":"https:\/\/totalblue.ro\/?post_type=product&#038;p=27091"},"modified":"2026-01-17T18:07:03","modified_gmt":"2026-01-17T16:07:03","slug":"pasta-de-condimente-bami-goreng-conimex-olanda-95g","status":"publish","type":"product","link":"https:\/\/totalblue.ro\/de\/produs\/pasta-de-condimente-bami-goreng-conimex-olanda-95g\/","title":{"rendered":"Bami Goreng Gew\u00fcrzpaste Conimex Conimex Holland 95g"},"content":{"rendered":"<p>Pe baza unei retete autentice indoneziene!<br \/>\nRapid si usor de preparat (gata in 20min)!<br \/>\nCantitate ideala pentru 3-4 portii<br \/>\nFara coloranti artificiali!<br \/>\nBami Goreng sunt amestecuri concentrate de condimente umede din Asia. Sunt facute din ierburi si condimente macinate fin, a caror compozitie variaza de la un fel de mancare la altul si de la sat la sat. Cu acest amestec puteti da cu usurinta gustul, mirosul si culoarea orientala autentica preparatelor din carne, pui si legume.<br \/>\n<strong>Inhaltsstoff:<\/strong> Uleiuri vegetale (rapita, floarea soarelui), sirop de glucoza, ceapa, dextroza, apa, sare, ghimbir, usturoi, otet, aroma, sos de soia (SOIA, GRAU, sare), coriandru, potentiator de aroma E621, sambal oelek 2,1% ( ardei iute, sare, apa, acid alimentar E270, conservant E210), pasta de rosii, amidon de porumb modificat, maltodextrina, grasime de palmier complet hidrogenata, sare minerala (potasiu), turmeric, extract de drojdie, radacina de galanga, lemongrass, pudra de creveti, chimen, conservant E202<br \/>\n<strong>Allergene:<\/strong> crustacee, soia, grau<br \/>\n<strong>Lagerung:<\/strong> Poate fi pastrat la frigider timp de 3 zile dupa deschidere.<br \/>\nA se consuma inainte de data inscriptionata pe ambalaj.<\/p>\n<p><strong>Ern\u00e4hrung:<\/strong><br \/>\nEnergie 1456 kJ (348 kcal)<br \/>\nGr\u0103sime 18g din care satureaz\u0103 2,4 g<br \/>\nCarbohidra\u021bi 39 g din care zaharuri 15 g<br \/>\nFibre alimentare 3.3 g<br \/>\nProteine \u200b\u200b5.2 g<br \/>\nSare 7.8 g<\/p>\n<p><strong>Empfohlene Zubereitung:<\/strong><br \/>\n&#8211; 400 g file de pui sau porc<br \/>\n&#8211; 500 g pachet de legume cu taitei<br \/>\n&#8211; pasta de condimente Bami Goreng<br \/>\n&#8211; ulei<\/p>\n<p>1. Gatiti taiteii conform metodei de preparare de pe ambalaj.<br \/>\n2. Taiati carnea cuburi.<br \/>\n3. Incalziti 2 linguri de ulei intr-un wok sau tigaie si prajiti cuburile de carne. Adaugati legumele si prajiti-le 2 minute.<br \/>\n4. Adaugati pasta de condimente si 50ml in timp ce amestecati.<br \/>\n5. Adaugati taiteii preparati si amestecati. Pofta Buna!<\/p>\n<p>Conimex bezieht seit 1932 k\u00f6stliche authentische orientalische Aromen aus den Niederlanden und hat sich im Laufe der Jahre zu einer bekannten Marke mit einem inspirierenden Sortiment von \u00fcber 150 Produkten entwickelt. Viele der Rohstoffe werden direkt aus L\u00e4ndern des Fernen Ostens wie Indonesien, China und Thailand importiert. Mit den Produkten von Conimex k\u00f6nnen Sie in nur wenigen Schritten ein gro\u00dfartiges Gericht mit k\u00f6stlichen orientalischen Aromen zubereiten.<\/p>","protected":false},"excerpt":{"rendered":"<p>Bami Goreng &#8211; Bomboe Voor Kruidig Noedelgerecht<br \/>\nRapid si usor de preparat (gata in 20min)!<br \/>\nBami Goreng Gew\u00fcrzpaste Conimex Conimex Holland 95g<\/p>","protected":false},"featured_media":201232,"comment_status":"open","ping_status":"closed","template":"","meta":{"_acf_changed":false,"_seopress_robots_primary_cat":"none","_seopress_titles_title":"","_seopress_titles_desc":"Comanda acum Pasta de condimente Bami Goreng Conimex Olanda 95g. Bami Goreng - Bomboe Voor Kruidig Noedelgerecht","_seopress_robots_index":""},"product_brand":[1949],"product_cat":[1555,3280,1451,17494,1767],"giftcard-category":[],"class_list":{"0":"post-27091","1":"product","2":"type-product","3":"status-publish","4":"has-post-thumbnail","6":"product_brand-conimex","7":"product_cat-bacanie","8":"product_cat-condimente-sosuri","9":"product_cat-condimente-produse-instant","10":"product_cat-influente-asiatice","11":"product_cat-produse-olanda","13":"first","14":"instock","15":"taxable","16":"shipping-taxable","17":"purchasable","18":"product-type-simple"},"acf":[],"_links":{"self":[{"href":"https:\/\/totalblue.ro\/de\/wp-json\/wp\/v2\/product\/27091","targetHints":{"allow":["GET"]}}],"collection":[{"href":"https:\/\/totalblue.ro\/de\/wp-json\/wp\/v2\/product"}],"about":[{"href":"https:\/\/totalblue.ro\/de\/wp-json\/wp\/v2\/types\/product"}],"replies":[{"embeddable":true,"href":"https:\/\/totalblue.ro\/de\/wp-json\/wp\/v2\/comments?post=27091"}],"wp:featuredmedia":[{"embeddable":true,"href":"https:\/\/totalblue.ro\/de\/wp-json\/wp\/v2\/media\/201232"}],"wp:attachment":[{"href":"https:\/\/totalblue.ro\/de\/wp-json\/wp\/v2\/media?parent=27091"}],"wp:term":[{"taxonomy":"product_brand","embeddable":true,"href":"https:\/\/totalblue.ro\/de\/wp-json\/wp\/v2\/product_brand?post=27091"},{"taxonomy":"product_cat","embeddable":true,"href":"https:\/\/totalblue.ro\/de\/wp-json\/wp\/v2\/product_cat?post=27091"},{"taxonomy":"giftcard-category","embeddable":true,"href":"https:\/\/totalblue.ro\/de\/wp-json\/wp\/v2\/giftcard-category?post=27091"}],"curies":[{"name":"wp","href":"https:\/\/api.w.org\/{rel}","templated":true}]}}