{"id":27094,"date":"2021-02-01T15:05:34","date_gmt":"2021-02-01T13:05:34","guid":{"rendered":"https:\/\/totalblue.ro\/?post_type=product&#038;p=27094"},"modified":"2025-08-05T14:23:34","modified_gmt":"2025-08-05T11:23:34","slug":"pasta-de-condimente-rode-curry-conimex-olanda-95g","status":"publish","type":"product","link":"https:\/\/totalblue.ro\/de\/produs\/pasta-de-condimente-rode-curry-conimex-olanda-95g\/","title":{"rendered":"Pasta de condimente Rode Curry Conimex Olanda 95g"},"content":{"rendered":"<p>Pe baza unei retete autentice indoneziene!<br \/>\nRapid si usor de preparat (gata in 20min)!<br \/>\nCantitate ideala pentru 3-4 portii<br \/>\nFara coloranti artificiali!<br \/>\nCu acest curry rosu thailandez, cu ardei rosu si lemongrass, puteti face un fel de mancare picant, plin de aroma. Rode Curry sunt amestecuri concentrate de condimente umede din Asia. Sunt facute din ierburi si condimente macinate fin, a caror compozitie variaza de la un fel de mancare la altul si de la sat la sat. Cu acest amestec puteti da cu usurinta gustul, mirosul si culoarea orientala autentica preparatelor din carne, pui si legume.<br \/>\n<strong>Inhaltsstoff:<\/strong> uleiuri vegetale (rapita, floarea soarelui), ceapa, dextroza, apa, sirop de glucoza, sambal 7,4% (ardei rosu, sare, apa, acid alimentar E270, conservant E202), zahar, amidon de porumb modificat, radacina de galanga, iarba de lamaie, sare , otet, pasta de rosii, aroma, grasime de palmier complet hidrogenata, pudra de usturoi, coriandru, potentiator de aroma E621, pudra de boia de ardei, pudra de creveti, ardei iute, conservant E202<br \/>\n<strong>Allergene:<\/strong> crustacee<br \/>\n<strong>Lagerung:<\/strong> Poate fi pastrat la frigider timp de 3 zile dupa deschidere.<br \/>\nA se consuma inainte de data inscriptionata pe ambalaj.<\/p>\n<p><strong>Ern\u00e4hrung:<\/strong><br \/>\nEnergie 638 kJ (152 kcal) \/ 100 g<br \/>\nGr\u0103sime 5,3 g<br \/>\ndin care satura\u021bi 2,6 g<br \/>\nCarbohidra\u021bi 19 g<br \/>\ndin care zaharuri 2,2 g<br \/>\nFibre dietetice &lt;0,5 g<br \/>\nProteine \u200b\u200b7,4 g<br \/>\nSare 0,53 g<\/p>\n<p><strong>Empfohlene Zubereitung:<\/strong><br \/>\n&#8211; 350 g file de pui<br \/>\n&#8211; 100 g mazare inghetata<br \/>\n&#8211; 100 g rosii cherry<br \/>\n&#8211; 300 g orez<br \/>\n&#8211; 200 ml lapte de cocos<br \/>\n&#8211; pasta de condimente Rode Curry<br \/>\n&#8211; ulei<\/p>\n<p>1. Gatiti orezul conform metodei de preparare de pe ambalaj.<br \/>\n2. Taiati rosii cherry in jumatati. Taiati carnea in cubulete.<br \/>\n3. Incalziti 2 linguri de ulei intr-un wok sau tigaie si prajiti cuburile de carne.<br \/>\n4. Adaugati pasta de condimente si laptele de cocos. Amestecati in timp ce fierb.<br \/>\n5. Adaugati mazarea si lasati-o sa fiarba aproximativ 5 minute la foc mediu pana ce sosul are grosimea dorita.<br \/>\n6. Adaugati rosile si mai lasati pe foc aproximativ 2 minute. Adaugati orezul fiert si amestecati. Pofta Buna!<\/p>\n<p>Conimex bezieht seit 1932 k\u00f6stliche authentische orientalische Aromen aus den Niederlanden und hat sich im Laufe der Jahre zu einer bekannten Marke mit einem inspirierenden Sortiment von \u00fcber 150 Produkten entwickelt. Viele der Rohstoffe werden direkt aus L\u00e4ndern des Fernen Ostens wie Indonesien, China und Thailand importiert. Mit den Produkten von Conimex k\u00f6nnen Sie in nur wenigen Schritten ein gro\u00dfartiges Gericht mit k\u00f6stlichen orientalischen Aromen zubereiten.<\/p>","protected":false},"excerpt":{"rendered":"<p>Rode Curry &#8211; Bomboe Voor Pittige Thaise Curry<br \/>\n\ud83c\udf36\ufe0f\ud83c\udf36\ufe0f &#8211; Spicy<br \/>\nRapid si usor de preparat (gata in 20min)!<br \/>\nPasta de condimente Rode Curry Conimex Olanda 95g<\/p>","protected":false},"featured_media":27096,"comment_status":"open","ping_status":"closed","template":"","meta":{"_acf_changed":false,"_seopress_robots_primary_cat":"none","_seopress_titles_title":"","_seopress_titles_desc":"Comanda acum Pasta de condimente picanta Rode Curry Conimex Olanda 95g. Rode Curry - Bomboe Voor Pittige Thaise Curry","_seopress_robots_index":""},"product_brand":[1949],"product_cat":[1555,3280,1451,17494,1767],"giftcard-category":[],"class_list":{"0":"post-27094","1":"product","2":"type-product","3":"status-publish","4":"has-post-thumbnail","6":"product_brand-conimex","7":"product_cat-bacanie","8":"product_cat-condimente-sosuri","9":"product_cat-condimente-produse-instant","10":"product_cat-influente-asiatice","11":"product_cat-produse-olanda","13":"first","14":"outofstock","15":"taxable","16":"shipping-taxable","17":"purchasable","18":"product-type-simple"},"acf":[],"_links":{"self":[{"href":"https:\/\/totalblue.ro\/de\/wp-json\/wp\/v2\/product\/27094","targetHints":{"allow":["GET"]}}],"collection":[{"href":"https:\/\/totalblue.ro\/de\/wp-json\/wp\/v2\/product"}],"about":[{"href":"https:\/\/totalblue.ro\/de\/wp-json\/wp\/v2\/types\/product"}],"replies":[{"embeddable":true,"href":"https:\/\/totalblue.ro\/de\/wp-json\/wp\/v2\/comments?post=27094"}],"wp:featuredmedia":[{"embeddable":true,"href":"https:\/\/totalblue.ro\/de\/wp-json\/wp\/v2\/media\/27096"}],"wp:attachment":[{"href":"https:\/\/totalblue.ro\/de\/wp-json\/wp\/v2\/media?parent=27094"}],"wp:term":[{"taxonomy":"product_brand","embeddable":true,"href":"https:\/\/totalblue.ro\/de\/wp-json\/wp\/v2\/product_brand?post=27094"},{"taxonomy":"product_cat","embeddable":true,"href":"https:\/\/totalblue.ro\/de\/wp-json\/wp\/v2\/product_cat?post=27094"},{"taxonomy":"giftcard-category","embeddable":true,"href":"https:\/\/totalblue.ro\/de\/wp-json\/wp\/v2\/giftcard-category?post=27094"}],"curies":[{"name":"wp","href":"https:\/\/api.w.org\/{rel}","templated":true}]}}