{"id":27307,"date":"2021-02-17T13:52:39","date_gmt":"2021-02-17T11:52:39","guid":{"rendered":"https:\/\/totalblue.ro\/?post_type=product&#038;p=27307"},"modified":"2025-08-07T14:29:15","modified_gmt":"2025-08-07T11:29:15","slug":"supa-crema-de-rosii-sonnen-bassermann-400-ml","status":"publish","type":"product","link":"https:\/\/totalblue.ro\/de\/produs\/supa-crema-de-rosii-sonnen-bassermann-400-ml\/","title":{"rendered":"Supa-crema de rosii Sonnen-Bassermann 400 ml"},"content":{"rendered":"<p>Tafelfertige Suppen Tomaten-Cremesuppe Sonnen_Bassermann 400 ml<\/p>\n<p>Descopera delicioasa supa-crema de rosii de la Sonnen-Bassermann. Ro\u0219iile coapte la soare asigur\u0103 un gust de var\u0103, fructat.<br \/>\n<strong>Vorbereitung:<\/strong> urnati continutul intr-o cratita \/ tigaie. Amestecati ocazional. Incalziti la foc mediu. De asemenea puteti incalzi si la cuptorul cu microunde la 600 W timp de aproximativ 3,5 minute. Rapid si usor!<br \/>\n<strong>Inhaltsstoff:<\/strong> 65% past\u0103 de ro\u0219ii, ap\u0103, 6,8% ro\u0219ii, zah\u0103r, amidon modificat, 1,3% sm\u00e2nt\u00e2n\u0103, sare de mas\u0103, p\u0103trunjel, arom\u0103 natural\u0103 (con\u021bine \u021belin\u0103), ulei de rapi\u021b\u0103, \u00eengro\u0219\u0103tor (gum\u0103 guar), antioxidant (acid ascorbic), colorant (boia) extract).<br \/>\n<strong>Lagerungsbedingungen:<\/strong>An einem k\u00fchlen, trockenen Ort aufbewahren.<br \/>\nDupa deschidere, a se pastra acoperita in frigider si a se consuma in max 48h.<br \/>\n<strong>Allergene:<\/strong> Poate con\u021bine urme de gluten, ou, \u021belin\u0103, soia \u0219i mu\u0219tar.<br \/>\nFara conservanti. Fara potentiatori de aroma.<\/p>\n<p><strong>Nutritie\/100ml:<\/strong><br \/>\nEnergie 144kJ \/ 34 kcal<br \/>\nGr\u0103sime 0,6 g<br \/>\n&#8211; din care acizi gra\u0219i satura\u021bi 0,4 g<br \/>\nCarbohidra\u021bi 6,5 g<br \/>\n&#8211; din care zah\u0103r 4,0 g<br \/>\nProteine 0,5 g<br \/>\nSare 1,18 g<br \/>\nFabricat in Germania de Struik Foods Deutschland GmbH Clara-Zetkin Str. 8-15 14547 Beelitz<br \/>\nEinf\u00fchrer und H\u00e4ndler Total Blue Impex SRL<\/p>","protected":false},"excerpt":{"rendered":"<p>Supa crema de rosii Sonnen-Bassermann 400 ml<br \/>\nTafelfertige Suppen Tomaten-Cremesuppe Sonnen_Bassermann 400 ml<\/p>","protected":false},"featured_media":27313,"comment_status":"open","ping_status":"closed","template":"","meta":{"_acf_changed":false,"_seopress_robots_primary_cat":"none","_seopress_titles_title":"","_seopress_titles_desc":"Comanda acum delicioasa supa-crema de broccoli si conopida Unox Olanda 570 ml. Unox Speciaal Bloemkool Broccoli Soep 570ml","_seopress_robots_index":""},"product_brand":[1964],"product_cat":[1555,1683,3272,3372,1950,1767,3364],"giftcard-category":[],"class_list":{"0":"post-27307","1":"product","2":"type-product","3":"status-publish","4":"has-post-thumbnail","6":"product_brand-sonnen-bassermann","7":"product_cat-bacanie","8":"product_cat-conserve-mancare-gatita","9":"product_cat-conserve","10":"product_cat-conserve-produse-germania","11":"product_cat-produse-germania","12":"product_cat-produse-olanda","13":"product_cat-supe-produse-germania","15":"first","16":"outofstock","17":"taxable","18":"shipping-taxable","19":"purchasable","20":"product-type-simple"},"acf":[],"_links":{"self":[{"href":"https:\/\/totalblue.ro\/de\/wp-json\/wp\/v2\/product\/27307","targetHints":{"allow":["GET"]}}],"collection":[{"href":"https:\/\/totalblue.ro\/de\/wp-json\/wp\/v2\/product"}],"about":[{"href":"https:\/\/totalblue.ro\/de\/wp-json\/wp\/v2\/types\/product"}],"replies":[{"embeddable":true,"href":"https:\/\/totalblue.ro\/de\/wp-json\/wp\/v2\/comments?post=27307"}],"wp:featuredmedia":[{"embeddable":true,"href":"https:\/\/totalblue.ro\/de\/wp-json\/wp\/v2\/media\/27313"}],"wp:attachment":[{"href":"https:\/\/totalblue.ro\/de\/wp-json\/wp\/v2\/media?parent=27307"}],"wp:term":[{"taxonomy":"product_brand","embeddable":true,"href":"https:\/\/totalblue.ro\/de\/wp-json\/wp\/v2\/product_brand?post=27307"},{"taxonomy":"product_cat","embeddable":true,"href":"https:\/\/totalblue.ro\/de\/wp-json\/wp\/v2\/product_cat?post=27307"},{"taxonomy":"giftcard-category","embeddable":true,"href":"https:\/\/totalblue.ro\/de\/wp-json\/wp\/v2\/giftcard-category?post=27307"}],"curies":[{"name":"wp","href":"https:\/\/api.w.org\/{rel}","templated":true}]}}