{"id":27360,"date":"2021-02-23T15:14:19","date_gmt":"2021-02-23T13:14:19","guid":{"rendered":"https:\/\/totalblue.ro\/?post_type=product&#038;p=27360"},"modified":"2025-08-06T15:57:05","modified_gmt":"2025-08-06T12:57:05","slug":"maggi-tocanita-de-linte-cu-bacon-330-g","status":"publish","type":"product","link":"https:\/\/totalblue.ro\/de\/produs\/maggi-tocanita-de-linte-cu-bacon-330-g\/","title":{"rendered":"Maggi Tocanita de linte cu bacon 330 g"},"content":{"rendered":"<p>MAGGI Ein Teller Linsentopf mit Speck 330 g<br \/>\nTe poti bucura de o tocana de linte usor picanta in doar cateva minute!<\/p>\n<p><strong>Empfehlungen<\/strong>: Turnati continutul intr-o cratita \/ tigaie. Incalziti la foc mediu. De asemenea puteti incalzi si la cuptorul cu microunde.<br \/>\n<strong>Inhaltsstoff: <\/strong>ap\u0103, 13,8% linte, past\u0103 de ro\u0219ii, 9% cartofi, 4,6% sl\u0103nin\u0103 afumat\u0103 &#8211; bacon (sl\u0103nin\u0103, sare, fum), ceap\u0103, morcovi, telina, condimente (boia, usturoi, piper, ienibahar), maghiran, o\u021bet de vin, faina de grau, sare iodat\u0103, zah\u0103r, amidon modificat, extract de drojdie, condimente (din gr\u00e2u), gr\u0103sime de palmier, arome, antioxidant sodiu metabisulfit.<br \/>\n<strong>Allergene: <\/strong>Poate con\u021bine oua, lapte, mustar \u0219i soia.<br \/>\n<strong>Lagerungsbedingungen:<\/strong><br \/>\nA se pastra la loc uscat si racoros, ferit de actiunea directa a soarelui. Dupa deschidere a se pastra la frigider.<\/p>\n<table class=\"table table-condensed bifi_table\">\n<thead>\n<tr>\n<th scope=\"col\">N\u00e4hrwertangaben<\/th>\n<th scope=\"col\">pro 100g<\/th>\n<th scope=\"col\"><\/th>\n<th scope=\"col\"><\/th>\n<\/tr>\n<\/thead>\n<tbody>\n<tr>\n<td>Energie<\/td>\n<td>331 kJ \/ 79 kcal<\/td>\n<td><\/td>\n<td><\/td>\n<\/tr>\n<tr>\n<td>Schmierfett<\/td>\n<td>2.3 g<\/td>\n<td><\/td>\n<td><\/td>\n<\/tr>\n<tr>\n<td>davon ges\u00e4ttigt<\/td>\n<td>0.1 g<\/td>\n<td><\/td>\n<td><\/td>\n<\/tr>\n<tr>\n<td>Kohlenhydrate<\/td>\n<td>9.5 g<\/td>\n<td><\/td>\n<td><\/td>\n<\/tr>\n<tr>\n<td>davon Zucker<\/td>\n<td>1.3 g<\/td>\n<td><\/td>\n<td><\/td>\n<\/tr>\n<tr>\n<td>Eiwei\u00df<\/td>\n<td>4.4 g<\/td>\n<td><\/td>\n<td><\/td>\n<\/tr>\n<tr>\n<td>Sare<\/td>\n<td>1.1 g<\/td>\n<td><\/td>\n<\/tr>\n<\/tbody>\n<\/table>\n<p>Hergestellt in Deutschland von Maggi GmbH , 78221 Singen, Hohentwiel.<br \/>\nEinf\u00fchrer und H\u00e4ndler Total Blue Impex SRL<br \/>\n<strong>*<\/strong>Re\u021betele produselor se pot schimba. Informa\u021biile furnizate aici se refer\u0103 la gama german\u0103 valabil\u0103 \u00een prezent \u0219i sunt actualizate periodic. \u00cen cazul modific\u0103rilor re\u021betei, produsele cu re\u021beta veche \u0219i cea nou\u0103 pot fi g\u0103site \u00een magazine. Prin urmare, cump\u0103r\u0103torul trebuie s\u0103 citeasc\u0103 \u00eentotdeauna cu aten\u021bie toate informa\u021biile de pe ambalaj. Acest lucru se aplic\u0103 \u00een special listei de ingrediente pentru a lua \u00een considerare intoleran\u021bele.<\/p>\n<p>&nbsp;<\/p>","protected":false},"excerpt":{"rendered":"<p>MAGGI Ein Teller Linsentopf mit Speck 330 g<br \/>\nTe poti bucura de o tocana de linte usor picanta in doar cateva minute!<\/p>","protected":false},"featured_media":27361,"comment_status":"open","ping_status":"closed","template":"","meta":{"_acf_changed":false,"_seopress_robots_primary_cat":"1950","_seopress_titles_title":"","_seopress_titles_desc":"Descopera acum Tocanita de linte cu bacon 330 g! Te poti bucura de o tocana de linte usor picanta in doar cateva minute!","_seopress_robots_index":""},"product_brand":[1869],"product_cat":[1555,1683,3272,3372,1950,1767],"giftcard-category":[],"class_list":{"0":"post-27360","1":"product","2":"type-product","3":"status-publish","4":"has-post-thumbnail","6":"product_brand-maggi","7":"product_cat-bacanie","8":"product_cat-conserve-mancare-gatita","9":"product_cat-conserve","10":"product_cat-conserve-produse-germania","11":"product_cat-produse-germania","12":"product_cat-produse-olanda","14":"first","15":"outofstock","16":"taxable","17":"shipping-taxable","18":"purchasable","19":"product-type-simple"},"acf":[],"_links":{"self":[{"href":"https:\/\/totalblue.ro\/de\/wp-json\/wp\/v2\/product\/27360","targetHints":{"allow":["GET"]}}],"collection":[{"href":"https:\/\/totalblue.ro\/de\/wp-json\/wp\/v2\/product"}],"about":[{"href":"https:\/\/totalblue.ro\/de\/wp-json\/wp\/v2\/types\/product"}],"replies":[{"embeddable":true,"href":"https:\/\/totalblue.ro\/de\/wp-json\/wp\/v2\/comments?post=27360"}],"wp:featuredmedia":[{"embeddable":true,"href":"https:\/\/totalblue.ro\/de\/wp-json\/wp\/v2\/media\/27361"}],"wp:attachment":[{"href":"https:\/\/totalblue.ro\/de\/wp-json\/wp\/v2\/media?parent=27360"}],"wp:term":[{"taxonomy":"product_brand","embeddable":true,"href":"https:\/\/totalblue.ro\/de\/wp-json\/wp\/v2\/product_brand?post=27360"},{"taxonomy":"product_cat","embeddable":true,"href":"https:\/\/totalblue.ro\/de\/wp-json\/wp\/v2\/product_cat?post=27360"},{"taxonomy":"giftcard-category","embeddable":true,"href":"https:\/\/totalblue.ro\/de\/wp-json\/wp\/v2\/giftcard-category?post=27360"}],"curies":[{"name":"wp","href":"https:\/\/api.w.org\/{rel}","templated":true}]}}