{"id":27404,"date":"2021-02-25T12:40:24","date_gmt":"2021-02-25T10:40:24","guid":{"rendered":"https:\/\/totalblue.ro\/?post_type=product&#038;p=27404"},"modified":"2026-02-27T14:48:21","modified_gmt":"2026-02-27T12:48:21","slug":"supa-crema-de-dovleac-unox-olanda-570-ml","status":"publish","type":"product","link":"https:\/\/totalblue.ro\/de\/produs\/supa-crema-de-dovleac-unox-olanda-570-ml\/","title":{"rendered":"Unox Holland K\u00fcrbissuppe Creme Suppe 570 ml"},"content":{"rendered":"<p>Cantitatea ideala pentru 2 portii de supa.<br \/>\nUnox Soep in zak pompoensoep<br \/>\nSupa crema de dovleac 570 ml Unox Olanda &#8211; gata preparata<br \/>\nBrandul olandez Unox produce cele mai bune supe olandeze inca din 1957.\u00a0 Deoarece Unox lucreaza in continuu la imbunatatirea produselor sale, pe langa supele clasice, gasim o gama variata de produse delicioase gata preparate.<br \/>\n<strong>Vorbereitung:<\/strong>Die Verpackung nicht in die Mikrowelle stellen! Die Suppe nicht kochen! Geben Sie die Suppe in eine Sch\u00fcssel und erhitzen Sie sie 3 Minuten lang bei ca. 600 Watt in der Mikrowelle oder erhitzen Sie sie direkt in einer Kasserolle oder einem Topf unter leichtem R\u00fchren. Nach dem Erhitzen ist sie bereit zum Genie\u00dfen!<br \/>\n<strong>Inhaltsstoff:<\/strong> ap\u0103, legume 39,2% (dovleac 27%, morcov 9,3%, albitura 2%, ceap\u0103 0,9%), cartof, zah\u0103r, amidon de porumb modificat, ulei de floarea soarelui, sare iodat\u0103, gr\u0103sime unt (con\u021bine lapte), extract de drojdie, usturoi, patrunjel, arom\u0103 (con\u021bine frunze telina), nuc\u0219oar\u0103, piper negru, piper Cayenne<br \/>\n<strong>Mod pastrare:<\/strong> Dup\u0103 deschiderea pungii, aceast\u0103 sup\u0103 poate fi p\u0103strat\u0103 maxim 2 zile la frigider. Inchideti punga.<br \/>\n<strong>Allergene:<\/strong> Con\u021bine:Lapte, \u021belin\u0103<br \/>\nHergestellt in den Niederlanden von Unilever Nederland Unox, Postbus 160 3000 AD AD Rotterdam<br \/>\nEinf\u00fchrer und H\u00e4ndler Total Blue Impex SRL<br \/>\nValori nutritionale per 100 ml:<br \/>\nEnergie 132 kJ (32 kcal)<br \/>\nGr\u0103sime 1.3 g din care saturati 0,3 g<br \/>\nCarbohidra\u021bi 4 g din care zaharuri 2.1 g<br \/>\nFibre alimentare 0.7 g<br \/>\nProteine \u200b\u200b0.6 g<br \/>\nSare 0,63 g<br \/>\n<strong>Produs certificat de Uniunea Vegetarian\u0103 European\u0103<\/strong><\/p>\n<p><a href=\"https:\/\/totalblue.ro\/wp-content\/uploads\/2021\/02\/WhatsApp-Image-2021-02-24-at-16.30.16.jpeg\"><img loading=\"lazy\" decoding=\"async\" class=\"alignnone wp-image-27378\" src=\"https:\/\/totalblue.ro\/wp-content\/uploads\/2021\/02\/WhatsApp-Image-2021-02-24-at-16.30.16.jpeg\" alt=\"\" width=\"150\" height=\"150\" srcset=\"https:\/\/totalblue.ro\/wp-content\/uploads\/2021\/02\/WhatsApp-Image-2021-02-24-at-16.30.16.jpeg 225w, https:\/\/totalblue.ro\/wp-content\/uploads\/2021\/02\/WhatsApp-Image-2021-02-24-at-16.30.16-100x100.jpeg 100w\" sizes=\"auto, (max-width: 150px) 100vw, 150px\" \/><\/a><\/p>\n<p>&nbsp;<\/p>","protected":false},"excerpt":{"rendered":"<p>Unox Soep in zak pompoensoep<br \/>\nSupa crema de dovleac Unox 570 ml &#8211; gata preparata<\/p>","protected":false},"featured_media":217680,"comment_status":"open","ping_status":"closed","template":"","meta":{"_acf_changed":false,"_seopress_robots_primary_cat":"none","_seopress_titles_title":"","_seopress_titles_desc":"Unox Soep in zak pompoensoep 570ml. Supa crema de dovleac 570 ml Unox Olanda - gata preparata, livrare rapida","_seopress_robots_index":""},"product_brand":[1925],"product_cat":[1555,1683,3272,1767],"giftcard-category":[],"class_list":{"0":"post-27404","1":"product","2":"type-product","3":"status-publish","4":"has-post-thumbnail","6":"product_brand-unox","7":"product_cat-bacanie","8":"product_cat-conserve-mancare-gatita","9":"product_cat-conserve","10":"product_cat-produse-olanda","12":"first","13":"outofstock","14":"taxable","15":"shipping-taxable","16":"purchasable","17":"product-type-simple"},"acf":[],"_links":{"self":[{"href":"https:\/\/totalblue.ro\/de\/wp-json\/wp\/v2\/product\/27404","targetHints":{"allow":["GET"]}}],"collection":[{"href":"https:\/\/totalblue.ro\/de\/wp-json\/wp\/v2\/product"}],"about":[{"href":"https:\/\/totalblue.ro\/de\/wp-json\/wp\/v2\/types\/product"}],"replies":[{"embeddable":true,"href":"https:\/\/totalblue.ro\/de\/wp-json\/wp\/v2\/comments?post=27404"}],"wp:featuredmedia":[{"embeddable":true,"href":"https:\/\/totalblue.ro\/de\/wp-json\/wp\/v2\/media\/217680"}],"wp:attachment":[{"href":"https:\/\/totalblue.ro\/de\/wp-json\/wp\/v2\/media?parent=27404"}],"wp:term":[{"taxonomy":"product_brand","embeddable":true,"href":"https:\/\/totalblue.ro\/de\/wp-json\/wp\/v2\/product_brand?post=27404"},{"taxonomy":"product_cat","embeddable":true,"href":"https:\/\/totalblue.ro\/de\/wp-json\/wp\/v2\/product_cat?post=27404"},{"taxonomy":"giftcard-category","embeddable":true,"href":"https:\/\/totalblue.ro\/de\/wp-json\/wp\/v2\/giftcard-category?post=27404"}],"curies":[{"name":"wp","href":"https:\/\/api.w.org\/{rel}","templated":true}]}}