{"id":27447,"date":"2021-02-25T16:04:22","date_gmt":"2021-02-25T14:04:22","guid":{"rendered":"https:\/\/totalblue.ro\/?post_type=product&#038;p=27447"},"modified":"2026-01-11T20:17:58","modified_gmt":"2026-01-11T18:17:58","slug":"supa-de-rosii-cu-legume-praz-taietei-si-chiftelute-unox-olanda-570-ml","status":"publish","type":"product","link":"https:\/\/totalblue.ro\/de\/produs\/supa-de-rosii-cu-legume-praz-taietei-si-chiftelute-unox-olanda-570-ml\/","title":{"rendered":"Unox Tomatensuppe mit Gem\u00fcse, Lauch, Nudeln und Fleischb\u00e4llchen 570 ml"},"content":{"rendered":"<p>Cantitatea ideala pentru 2 portii de supa.<br \/>\nUnox Soep In zak tomaten groente<br \/>\nSupa de rosii cu legume, praz, taietei si chiftelute Unox Olanda 570 ml &#8211; gata preparata<br \/>\nBrandul olandez Unox produce cele mai bune supe olandeze inca din 1957.\u00a0 Deoarece Unox lucreaza in continuu la imbunatatirea produselor sale, pe langa supele clasice, gasim o gama variata de produse delicioase gata preparate.<br \/>\n<strong>Vorbereitung:<\/strong>Nu introduceti ambalajul in cuptorul cu microunde! Nu gatiti supa!Puneti supa intr-un bol si incalziti la cuptorul cu microunde timp de 2,5 minute la aprox. 750 wati sau incalziti-o direct intr-o craticioara sau oala amestecand usor. Dupa incalzire este gata de savurat!<br \/>\n<strong>Inhaltsstoff:<\/strong> Legume 53% (ro\u0219ie 41%, morcov, praz 3,4%, ceap\u0103, frunze telina), ap\u0103, chiftele 6% (carne de porc, carne de vit\u0103, ap\u0103, amidon de cartofi, sare, acid alimentar E330, condimente (piper, coriandru), stabilizator (E451, E452), extract de nuc\u0219oar\u0103), taietei 1,5% (faina de gr\u00e2u tare, proteine ou uscate), zah\u0103r, amidon de porumb modificat, ulei de rapi\u021b\u0103, patrunjel, sare iodat\u0103, amidon de cartofi, suc concentrat de l\u0103m\u00e2ie, extract de drojdie, arom\u0103, sare , fructoz\u0103, frunze de dafin, extract de vin alb, praf de o\u021bet balsamic (o\u021bet de vin, must de struguri),<br \/>\nFara coloranti artificiali, amelioratori de aroma.<br \/>\n<strong>Mod pastrare:<\/strong> Dup\u0103 deschiderea pungii, aceast\u0103 sup\u0103 poate fi p\u0103strat\u0103 maxim 2 zile la frigider. Inchideti punga.<br \/>\n<strong>Allergene:<\/strong> Con\u021bine:Ou\u0103, \u021belin\u0103, gr\u00e2u<br \/>\nPoate con\u021bine:Lapte, soia, mu\u0219tar<br \/>\nHergestellt in den Niederlanden von Unilever Nederland Unox, Postbus 160 3000 AD AD Rotterdam<br \/>\nEinf\u00fchrer und H\u00e4ndler Total Blue Impex SRL<br \/>\n<strong>Ern\u00e4hrung \/ 100ml:<\/strong><br \/>\nEnergie 174 kJ (42 kcal)<br \/>\nGr\u0103simi 1,4 g din care satura\u021bi 0,5 g<br \/>\nCarbohidra\u021bi 5,3 g din care zaharuri 2,5 g<br \/>\nFibre alimentare 0,7 g<br \/>\nEiwei\u00df 1,8 g<br \/>\nSare 0,65 g<br \/>\n<a href=\"https:\/\/totalblue.ro\/wp-content\/uploads\/2021\/02\/beter-leven.jpeg\"><img loading=\"lazy\" decoding=\"async\" class=\"alignnone wp-image-27415\" src=\"https:\/\/totalblue.ro\/wp-content\/uploads\/2021\/02\/beter-leven-711x400.jpeg\" alt=\"\" width=\"228\" height=\"128\" srcset=\"https:\/\/totalblue.ro\/wp-content\/uploads\/2021\/02\/beter-leven-711x400.jpeg 711w, https:\/\/totalblue.ro\/wp-content\/uploads\/2021\/02\/beter-leven-510x287.jpeg 510w, https:\/\/totalblue.ro\/wp-content\/uploads\/2021\/02\/beter-leven-768x432.jpeg 768w, https:\/\/totalblue.ro\/wp-content\/uploads\/2021\/02\/beter-leven-600x337.jpeg 600w, https:\/\/totalblue.ro\/wp-content\/uploads\/2021\/02\/beter-leven-100x56.jpeg 100w, https:\/\/totalblue.ro\/wp-content\/uploads\/2021\/02\/beter-leven.jpeg 978w\" sizes=\"auto, (max-width: 228px) 100vw, 228px\" \/><\/a><\/p>","protected":false},"excerpt":{"rendered":"<p>Unox Soep In zak tomaten groente<br \/>\nSupa de rosii cu legume, praz, taietei si chiftelute Unox Olanda 570 ml &#8211; gata preparata<\/p>","protected":false},"featured_media":217835,"comment_status":"open","ping_status":"closed","template":"","meta":{"_acf_changed":false,"_seopress_robots_primary_cat":"none","_seopress_titles_title":"","_seopress_titles_desc":"Unox Soep In zak tomaten groente.Supa de rosii cu legume, praz, taietei si chiftelute Unox Olanda 570 ml - gata preparata","_seopress_robots_index":""},"product_brand":[1925],"product_cat":[1555,1683,3272,1767],"giftcard-category":[],"class_list":{"0":"post-27447","1":"product","2":"type-product","3":"status-publish","4":"has-post-thumbnail","6":"product_brand-unox","7":"product_cat-bacanie","8":"product_cat-conserve-mancare-gatita","9":"product_cat-conserve","10":"product_cat-produse-olanda","12":"first","13":"outofstock","14":"taxable","15":"shipping-taxable","16":"purchasable","17":"product-type-simple"},"acf":[],"_links":{"self":[{"href":"https:\/\/totalblue.ro\/de\/wp-json\/wp\/v2\/product\/27447","targetHints":{"allow":["GET"]}}],"collection":[{"href":"https:\/\/totalblue.ro\/de\/wp-json\/wp\/v2\/product"}],"about":[{"href":"https:\/\/totalblue.ro\/de\/wp-json\/wp\/v2\/types\/product"}],"replies":[{"embeddable":true,"href":"https:\/\/totalblue.ro\/de\/wp-json\/wp\/v2\/comments?post=27447"}],"wp:featuredmedia":[{"embeddable":true,"href":"https:\/\/totalblue.ro\/de\/wp-json\/wp\/v2\/media\/217835"}],"wp:attachment":[{"href":"https:\/\/totalblue.ro\/de\/wp-json\/wp\/v2\/media?parent=27447"}],"wp:term":[{"taxonomy":"product_brand","embeddable":true,"href":"https:\/\/totalblue.ro\/de\/wp-json\/wp\/v2\/product_brand?post=27447"},{"taxonomy":"product_cat","embeddable":true,"href":"https:\/\/totalblue.ro\/de\/wp-json\/wp\/v2\/product_cat?post=27447"},{"taxonomy":"giftcard-category","embeddable":true,"href":"https:\/\/totalblue.ro\/de\/wp-json\/wp\/v2\/giftcard-category?post=27447"}],"curies":[{"name":"wp","href":"https:\/\/api.w.org\/{rel}","templated":true}]}}