{"id":27449,"date":"2021-02-25T16:09:03","date_gmt":"2021-02-25T14:09:03","guid":{"rendered":"https:\/\/totalblue.ro\/?post_type=product&#038;p=27449"},"modified":"2025-08-01T15:43:34","modified_gmt":"2025-08-01T12:43:34","slug":"supa-de-rosii-cu-chiftelute-paprika-morcov-si-paste-unox-olanda-570-ml","status":"publish","type":"product","link":"https:\/\/totalblue.ro\/de\/produs\/supa-de-rosii-cu-chiftelute-paprika-morcov-si-paste-unox-olanda-570-ml\/","title":{"rendered":"Supa de rosii cu chiftelute, paprika, morcov si paste Unox Olanda 570 ml"},"content":{"rendered":"<p>Cantitatea ideala pentru 2 portii de supa.<br \/>\nUnox Soep in zak tomatensoep gehaktballetjes<br \/>\nSupa de rosii cu chiftelute, paprika, morcov si paste Unox Olanda 570 ml &#8211; gata preparata<br \/>\nBrandul olandez Unox produce cele mai bune supe olandeze inca din 1957.\u00a0 Deoarece Unox lucreaza in continuu la imbunatatirea produselor sale, pe langa supele clasice, gasim o gama variata de produse delicioase gata preparate.<br \/>\n<strong>Vorbereitung:<\/strong>Nu introduceti ambalajul in cuptorul cu microunde! Nu gatiti supa!Puneti supa intr-un bol si incalziti la cuptorul cu microunde timp de 2,5 minute la aprox. 750 wati sau incalziti-o direct intr-o craticioara sau oala amestecand usor. Dupa incalzire este gata de savurat!<br \/>\n<strong>Inhaltsstoff:<\/strong> legume 87% (ro\u0219ii 67%, past\u0103 de ro\u0219ii 8,6%, ceap\u0103, dovlecei 2,5%, ardei gras 2,2% (ro\u0219u, galben), morcov 1,8%, frunze telina 1,5%), chiftelute 7% (carne de porc 62%, carne de vit\u0103 19 %, ap\u0103, amidon de cartofi, sare, acid alimentar E330, condimente (piper, coriandru), stabilizator (E451, E452), extract de nuc\u0219oar\u0103), zah\u0103r, uleiuri vegetale (rapi\u021b\u0103, palmier), amidon modificat, paste 0,7% (paste ( grau dur, proteine ou uscate), sare iodat\u0103, extract de drojdie (con\u021bine orz), arom\u0103, fructoz\u0103, acid alimentar E330, maltodextrin\u0103, dafin, extract de vin alb, o\u021bet balsamic (o\u021bet de vin, must de struguri).<br \/>\nFara coloranti artificiali, amelioratori de aroma.<br \/>\n<strong>Mod pastrare:<\/strong> Dup\u0103 deschiderea pungii, aceast\u0103 sup\u0103 poate fi p\u0103strat\u0103 maxim 2 zile la frigider. Inchideti punga.<br \/>\n<strong>Allergene:<\/strong> Con\u021bine: Ou\u0103, \u021belin\u0103, orz, gr\u00e2u<br \/>\nPoate con\u021bine: Lapte, soia, mu\u0219tar<br \/>\nHergestellt in den Niederlanden von Unilever Nederland Unox, Postbus 160 3000 AD AD Rotterdam<br \/>\nEinf\u00fchrer und H\u00e4ndler Total Blue Impex SRL<br \/>\n<strong>Ern\u00e4hrung \/ 100ml:<\/strong><br \/>\nEnergie 263 kJ (63 kcal)<br \/>\nGr\u0103sime 2,8 g<br \/>\ndin care satura\u021bi 0,7 g<br \/>\nCarbohidra\u021bi 6,9 g<br \/>\ndin care zaharuri 4,4 g<br \/>\nBallaststoffe 0,8 g<br \/>\nEiwei\u00df 2,1 g<br \/>\nSare 0,68 g<br \/>\n<a href=\"https:\/\/totalblue.ro\/wp-content\/uploads\/2021\/02\/beter-leven.jpeg\"><img loading=\"lazy\" decoding=\"async\" class=\"alignnone wp-image-27415\" src=\"https:\/\/totalblue.ro\/wp-content\/uploads\/2021\/02\/beter-leven-711x400.jpeg\" alt=\"\" width=\"228\" height=\"128\" srcset=\"https:\/\/totalblue.ro\/wp-content\/uploads\/2021\/02\/beter-leven-711x400.jpeg 711w, https:\/\/totalblue.ro\/wp-content\/uploads\/2021\/02\/beter-leven-510x287.jpeg 510w, https:\/\/totalblue.ro\/wp-content\/uploads\/2021\/02\/beter-leven-768x432.jpeg 768w, https:\/\/totalblue.ro\/wp-content\/uploads\/2021\/02\/beter-leven-600x337.jpeg 600w, https:\/\/totalblue.ro\/wp-content\/uploads\/2021\/02\/beter-leven-100x56.jpeg 100w, https:\/\/totalblue.ro\/wp-content\/uploads\/2021\/02\/beter-leven.jpeg 978w\" sizes=\"auto, (max-width: 228px) 100vw, 228px\" \/><\/a><\/p>","protected":false},"excerpt":{"rendered":"<p>Unox Soep in zak tomatensoep gehaktballetjes<br \/>\nSupa de rosii cu chiftelute, paprika, morcov si paste Unox Olanda 570 ml &#8211; gata preparata<\/p>","protected":false},"featured_media":27450,"comment_status":"open","ping_status":"closed","template":"","meta":{"_acf_changed":false,"_seopress_robots_primary_cat":"none","_seopress_titles_title":"","_seopress_titles_desc":"Unox Soep in zak tomatensoep gehaktballetjes.Supa de rosii cu chiftelute, paprika, morcov si paste Unox Olanda 570 ml - gata preparata","_seopress_robots_index":""},"product_brand":[1925],"product_cat":[1555,1683,3272,1767],"giftcard-category":[],"class_list":{"0":"post-27449","1":"product","2":"type-product","3":"status-publish","4":"has-post-thumbnail","6":"product_brand-unox","7":"product_cat-bacanie","8":"product_cat-conserve-mancare-gatita","9":"product_cat-conserve","10":"product_cat-produse-olanda","12":"first","13":"outofstock","14":"taxable","15":"shipping-taxable","16":"purchasable","17":"product-type-simple"},"acf":[],"_links":{"self":[{"href":"https:\/\/totalblue.ro\/de\/wp-json\/wp\/v2\/product\/27449","targetHints":{"allow":["GET"]}}],"collection":[{"href":"https:\/\/totalblue.ro\/de\/wp-json\/wp\/v2\/product"}],"about":[{"href":"https:\/\/totalblue.ro\/de\/wp-json\/wp\/v2\/types\/product"}],"replies":[{"embeddable":true,"href":"https:\/\/totalblue.ro\/de\/wp-json\/wp\/v2\/comments?post=27449"}],"wp:featuredmedia":[{"embeddable":true,"href":"https:\/\/totalblue.ro\/de\/wp-json\/wp\/v2\/media\/27450"}],"wp:attachment":[{"href":"https:\/\/totalblue.ro\/de\/wp-json\/wp\/v2\/media?parent=27449"}],"wp:term":[{"taxonomy":"product_brand","embeddable":true,"href":"https:\/\/totalblue.ro\/de\/wp-json\/wp\/v2\/product_brand?post=27449"},{"taxonomy":"product_cat","embeddable":true,"href":"https:\/\/totalblue.ro\/de\/wp-json\/wp\/v2\/product_cat?post=27449"},{"taxonomy":"giftcard-category","embeddable":true,"href":"https:\/\/totalblue.ro\/de\/wp-json\/wp\/v2\/giftcard-category?post=27449"}],"curies":[{"name":"wp","href":"https:\/\/api.w.org\/{rel}","templated":true}]}}