{"id":27477,"date":"2021-02-26T09:23:39","date_gmt":"2021-02-26T07:23:39","guid":{"rendered":"https:\/\/totalblue.ro\/?post_type=product&#038;p=27477"},"modified":"2025-08-07T14:43:36","modified_gmt":"2025-08-07T11:43:36","slug":"tartex-bio-pasta-tartinabila-de-avocado-140g","status":"publish","type":"product","link":"https:\/\/totalblue.ro\/de\/produs\/tartex-bio-pasta-tartinabila-de-avocado-140g\/","title":{"rendered":"Tartex Bio &#8211; Pasta tartinabila de avocado 140g"},"content":{"rendered":"<p>Tartex Bio &#8211; Pasta tartinabila de avocado 140g<br \/>\nPRODUS VEGAN<br \/>\nUn produs excep\u021bional de gustos si uimitor de cremos!<br \/>\nSe poate servi pe tartine sau folosi pentru umpluturi sau preparate.<br \/>\n<strong>Inhaltsstoff:<\/strong> Avocado (20%), ulei de floarea-soarelui , ap\u0103, ro\u0219ii , semin\u021be de floarea-soarelui , suc de l\u0103m\u00e2ie din suc de l\u0103m\u00e2ie concentrat , ceap\u0103 , sirop de agave , sare, pulbere de spanac , pudr\u0103 de proteine \u200b\u200bdin semin\u021be de floarea-soarelui , tapioca amidon , usturoi , curcuma , piper , ingro\u0219\u0103tor: gum\u0103 xantan, acidifiant: acid citric, antioxidant: acid ascorbic.<br \/>\nIngrediente provenite din agricultura ecologica. Certificat Ecocert (RO-ECO-007).<br \/>\n<strong>Lagerungsbedingungen:<\/strong> A se pastra la rece dupa deschidere si a se consuma in cateva zile dupa deschidere. A se pastra la loc uscat si racoros. A se consuma de preferinta pana la: vezi pe capac.<br \/>\nFabricat in Germania de Allos Schwarzwald GmbH, Hans -Bunte-Strase 8a , D-79108, Freiburg.<br \/>\nEinf\u00fchrer und H\u00e4ndler Total Blue Impex SRL<br \/>\n<strong>N\u00e4hrwertangaben \/ 100g:<br \/>\n<\/strong>Energie 1237 kJ \/ 300 kcal<br \/>\nGr\u0103sime 28 g<br \/>\ndin care acizi gra\u0219i satura\u021bi 3,6 g<br \/>\nCarbohidra\u021bi 7,6 g<br \/>\ndin care zah\u0103r 5,1 g<br \/>\nFibre alimentare 2,4 g<br \/>\nAlbus de ou 3,1 g<br \/>\nSalz 1,4 g<\/p>\n<p><a href=\"https:\/\/totalblue.ro\/wp-content\/uploads\/2021\/02\/bio.jpeg\"><img loading=\"lazy\" decoding=\"async\" class=\"alignnone wp-image-27412\" src=\"https:\/\/totalblue.ro\/wp-content\/uploads\/2021\/02\/bio-597x400.jpeg\" alt=\"\" width=\"233\" height=\"156\" srcset=\"https:\/\/totalblue.ro\/wp-content\/uploads\/2021\/02\/bio-597x400.jpeg 597w, https:\/\/totalblue.ro\/wp-content\/uploads\/2021\/02\/bio-510x342.jpeg 510w, https:\/\/totalblue.ro\/wp-content\/uploads\/2021\/02\/bio-1193x800.jpeg 1193w, https:\/\/totalblue.ro\/wp-content\/uploads\/2021\/02\/bio-768x515.jpeg 768w, https:\/\/totalblue.ro\/wp-content\/uploads\/2021\/02\/bio-600x402.jpeg 600w, https:\/\/totalblue.ro\/wp-content\/uploads\/2021\/02\/bio-100x67.jpeg 100w, https:\/\/totalblue.ro\/wp-content\/uploads\/2021\/02\/bio.jpeg 1280w\" sizes=\"auto, (max-width: 233px) 100vw, 233px\" \/><\/a><\/p>","protected":false},"excerpt":{"rendered":"<p>Tartex Bio &#8211; Pasta tartinabila de avocado 140g<br \/>\nPRODUS VEGAN<br \/>\nUn produs excep\u021bional de gustos si uimitor de cremos!<\/p>","protected":false},"featured_media":61380,"comment_status":"open","ping_status":"closed","template":"","meta":{"_acf_changed":false,"_seopress_robots_primary_cat":"1950","_seopress_titles_title":"","_seopress_titles_desc":"Tartex Bio - Pasta tartinabila de avocado 140g.PRODUS VEGAN.Un produs excep\u021bional de gustos si uimitor de cremos!","_seopress_robots_index":""},"product_brand":[1969],"product_cat":[1555,1506,3304,3404,1950,1767],"giftcard-category":[],"class_list":{"0":"post-27477","1":"product","2":"type-product","3":"status-publish","4":"has-post-thumbnail","6":"product_brand-tartex","7":"product_cat-bacanie","8":"product_cat-cafea-ceai-mic-dejun","9":"product_cat-mic-dejun-produse-olanda","10":"product_cat-mic-dejun-produse-germania","11":"product_cat-produse-germania","12":"product_cat-produse-olanda","14":"first","15":"outofstock","16":"taxable","17":"shipping-taxable","18":"purchasable","19":"product-type-simple"},"acf":[],"_links":{"self":[{"href":"https:\/\/totalblue.ro\/de\/wp-json\/wp\/v2\/product\/27477","targetHints":{"allow":["GET"]}}],"collection":[{"href":"https:\/\/totalblue.ro\/de\/wp-json\/wp\/v2\/product"}],"about":[{"href":"https:\/\/totalblue.ro\/de\/wp-json\/wp\/v2\/types\/product"}],"replies":[{"embeddable":true,"href":"https:\/\/totalblue.ro\/de\/wp-json\/wp\/v2\/comments?post=27477"}],"wp:featuredmedia":[{"embeddable":true,"href":"https:\/\/totalblue.ro\/de\/wp-json\/wp\/v2\/media\/61380"}],"wp:attachment":[{"href":"https:\/\/totalblue.ro\/de\/wp-json\/wp\/v2\/media?parent=27477"}],"wp:term":[{"taxonomy":"product_brand","embeddable":true,"href":"https:\/\/totalblue.ro\/de\/wp-json\/wp\/v2\/product_brand?post=27477"},{"taxonomy":"product_cat","embeddable":true,"href":"https:\/\/totalblue.ro\/de\/wp-json\/wp\/v2\/product_cat?post=27477"},{"taxonomy":"giftcard-category","embeddable":true,"href":"https:\/\/totalblue.ro\/de\/wp-json\/wp\/v2\/giftcard-category?post=27477"}],"curies":[{"name":"wp","href":"https:\/\/api.w.org\/{rel}","templated":true}]}}