{"id":27518,"date":"2021-02-26T14:16:54","date_gmt":"2021-02-26T12:16:54","guid":{"rendered":"https:\/\/totalblue.ro\/?post_type=product&#038;p=27518"},"modified":"2026-03-03T10:42:26","modified_gmt":"2026-03-03T08:42:26","slug":"supa-crema-de-rosii-cu-mascarpone-si-rosii-uscate-gwoon-olanda-570-ml","status":"publish","type":"product","link":"https:\/\/totalblue.ro\/de\/produs\/supa-crema-de-rosii-cu-mascarpone-si-rosii-uscate-gwoon-olanda-570-ml\/","title":{"rendered":"Tomatencremesuppe mit Mascarpone und sonnengetrockneten Tomaten G'woon Holland 570 ml"},"content":{"rendered":"<p>Cantitatea ideala pentru 2 portii de supa.<br \/>\nG&#8217;woon Romige tomatensoep 570 ml<br \/>\nSupa crema de rosii cu mascarpone si rosii uscate G&#8217;woon Olanda 570 ml &#8211; gata preparata<br \/>\n<strong>Vorbereitung:<\/strong> Nu introduceti ambalajul in cuptorul cu microunde! Nu gatiti supa!Puneti supa intr-un bol si incalziti la cuptorul cu microunde timp de 2,5 minute la aprox. 750 wati sau incalziti-o direct intr-o craticioara sau oala amestecand usor. Dupa incalzire este gata de savurat!<br \/>\n<strong>Inhaltsstoff:<\/strong> 77% ro\u0219ii (ro\u0219ii din past\u0103 de ro\u0219ii, 25% ro\u0219ii t\u0103iate cubule\u021be, 1% ro\u0219ii uscate la soare), piure de morcovi, 5,2% lapte cu gr\u0103simi, ap\u0103, uleiuri vegetale (rapi\u021b\u0103, floarea-soarelui), 2% sm\u00e2nt\u00e2n\u0103 (lapte), 1,4 % mascarpone (lapte), fibr\u0103 de cicoare, amidon de porumb modificat, extract de drojdie, sare, usturoi, lapte praf degresat, arome naturale, concentrat de suc de l\u0103m\u00e2ie, o\u021bet balsamic alb (o\u021bet de vin alb, must de struguri, arom\u0103 natural\u0103), colorant: boia extract, condimente, ierburi, telina, aciditate: acid citric<br \/>\n<strong>Mod pastrare:<\/strong> Dup\u0103 deschidere, aceast\u0103 sup\u0103 poate fi p\u0103strat\u0103 maxim 2 zile la frigider (max. 7 \u00b0 C). Tineti punga inchisa.<br \/>\n<strong>Allergene:<\/strong> Con\u021bine: telina,lapte<br \/>\nFabricat in Olanda de G&#8217;woon , Antwoordnummer 3500, 4140 VH BEESD,<br \/>\nEinf\u00fchrer und H\u00e4ndler Total Blue Impex SRL<br \/>\nN\u00e4hrwertangaben \/ 100 g:<br \/>\nEnergie 266 kJ \/ 64 kcal<br \/>\nGrasime 3.9 g din care grasimi 1.3 g<br \/>\nCarbohidrati 4.8 g din care zaharuri 3.3 g<br \/>\nFibre 2 g<br \/>\nEiwei\u00df 1,4 g<br \/>\nSare 0.67 g<br \/>\n<a href=\"https:\/\/totalblue.ro\/wp-content\/uploads\/2021\/02\/vegetarian.jpeg\"><img loading=\"lazy\" decoding=\"async\" class=\"alignnone wp-image-27413\" src=\"https:\/\/totalblue.ro\/wp-content\/uploads\/2021\/02\/vegetarian.jpeg\" alt=\"\" width=\"130\" height=\"130\" srcset=\"https:\/\/totalblue.ro\/wp-content\/uploads\/2021\/02\/vegetarian.jpeg 225w, https:\/\/totalblue.ro\/wp-content\/uploads\/2021\/02\/vegetarian-100x100.jpeg 100w\" sizes=\"auto, (max-width: 130px) 100vw, 130px\" \/><\/a><\/p>\n<p>&nbsp;<\/p>","protected":false},"excerpt":{"rendered":"<p>G&#8217;woon Romige tomatensoep 570 ml<br \/>\nSupa crema de rosii cu mascarpone si rosii uscate G&#8217;woon Olanda 570 ml &#8211; gata preparata<\/p>","protected":false},"featured_media":27521,"comment_status":"open","ping_status":"closed","template":"","meta":{"_acf_changed":false,"_seopress_robots_primary_cat":"none","_seopress_titles_title":"","_seopress_titles_desc":"G'woon Romige tomatensoep 570 mlSupa crema de rosii cu mascarpone si rosii uscate G'woon Olanda 570 ml - gata preparata","_seopress_robots_index":""},"product_brand":[1971],"product_cat":[1555,1683,3272,1767],"giftcard-category":[],"class_list":{"0":"post-27518","1":"product","2":"type-product","3":"status-publish","4":"has-post-thumbnail","6":"product_brand-gwoon","7":"product_cat-bacanie","8":"product_cat-conserve-mancare-gatita","9":"product_cat-conserve","10":"product_cat-produse-olanda","12":"first","13":"instock","14":"taxable","15":"shipping-taxable","16":"purchasable","17":"product-type-simple"},"acf":[],"_links":{"self":[{"href":"https:\/\/totalblue.ro\/de\/wp-json\/wp\/v2\/product\/27518","targetHints":{"allow":["GET"]}}],"collection":[{"href":"https:\/\/totalblue.ro\/de\/wp-json\/wp\/v2\/product"}],"about":[{"href":"https:\/\/totalblue.ro\/de\/wp-json\/wp\/v2\/types\/product"}],"replies":[{"embeddable":true,"href":"https:\/\/totalblue.ro\/de\/wp-json\/wp\/v2\/comments?post=27518"}],"wp:featuredmedia":[{"embeddable":true,"href":"https:\/\/totalblue.ro\/de\/wp-json\/wp\/v2\/media\/27521"}],"wp:attachment":[{"href":"https:\/\/totalblue.ro\/de\/wp-json\/wp\/v2\/media?parent=27518"}],"wp:term":[{"taxonomy":"product_brand","embeddable":true,"href":"https:\/\/totalblue.ro\/de\/wp-json\/wp\/v2\/product_brand?post=27518"},{"taxonomy":"product_cat","embeddable":true,"href":"https:\/\/totalblue.ro\/de\/wp-json\/wp\/v2\/product_cat?post=27518"},{"taxonomy":"giftcard-category","embeddable":true,"href":"https:\/\/totalblue.ro\/de\/wp-json\/wp\/v2\/giftcard-category?post=27518"}],"curies":[{"name":"wp","href":"https:\/\/api.w.org\/{rel}","templated":true}]}}