{"id":27557,"date":"2021-03-01T16:19:40","date_gmt":"2021-03-01T14:19:40","guid":{"rendered":"https:\/\/totalblue.ro\/?post_type=product&#038;p=27557"},"modified":"2024-09-19T12:40:59","modified_gmt":"2024-09-19T09:40:59","slug":"lebkuchen-bestreut-mit-gwoon-hollandaise-bonbonstuckchen-350g","status":"publish","type":"product","link":"https:\/\/totalblue.ro\/de\/produs\/turta-dulce-presarata-cu-bucati-de-bomboane-gwoon-olanda-350g\/","title":{"rendered":"G'woon Niederlande G'woon s\u00fc\u00dfer Lebkuchen mit Bonbonst\u00fcckchen 450g"},"content":{"rendered":"<p>Lebkuchen bestreut mit G'woon Netherlands Bonbons 450g<br \/>\n<strong>Inhaltsstoff :<\/strong> Fruktose-Glukosesirup, Roggenmehl, Wasser, 12% Kandiszucker, Gew\u00fcrzmischung, Karamellzuckersirup, Backtriebmittel E 500 \/ E 450, Raps\u00f6l, Konservierungsstoff E 200, Ballaststoffe, (Kartoffel, Erbse), Weizenmalzmehl, Salz, E = EU zugelassen, Hilfsstoffe<br \/>\nAn einem dunklen, trockenen Ort aufbewahren.<br \/>\nLagern Sie die Produkte nach dem \u00d6ffnen in einem fest verschlossenen Beh\u00e4lter.<\/p>\n<p><strong>N\u00e4hrwertangaben \/ 100 g:<br \/>\n<\/strong>Energie 1267 kJ \/ 299 kcal<br \/>\nFett 1,8 g, davon ges\u00e4ttigte Fetts\u00e4uren 0,6 g<br \/>\nKohlenhydrate 66,3 g, davon Zucker 41,1 g<br \/>\nEiwei\u00df 2,5 g<br \/>\nSalz 0,48 g<\/p>\n<p>&nbsp;<\/p>\n<p><strong>\u00a0<\/strong><\/p>","protected":false},"excerpt":{"rendered":"<p>g'woon parelkandijkoek ongesneden 450 g<br \/>\nLebkuchen bestreut mit G'woon Netherlands Bonbons 450g<\/p>","protected":false},"featured_media":100448,"comment_status":"open","ping_status":"closed","template":"","meta":{"_acf_changed":false,"_seopress_robots_primary_cat":"none","_seopress_titles_title":"Turta dulce cu bomboane, parelkandijkoek ongesneden, turta Olanda","_seopress_titles_desc":"Cumpara online g\u2019woon parelkandijkoek ongesneden, turt\u0103 dulce presarata cu buca\u021bi de bomboane G'woon Olanda  Livrare gratuita! Comanda acum!","_seopress_robots_index":""},"product_brand":[1971],"product_cat":[1555,3296,3338,7021,3304,1767],"giftcard-category":[],"class_list":{"0":"post-27557","1":"product","2":"type-product","3":"status-publish","4":"has-post-thumbnail","6":"product_brand-gwoon","7":"product_cat-bacanie","8":"product_cat-brutarie-patiserie","9":"product_cat-dulciuri-snacksuri","10":"product_cat-dulciuri-snacks","11":"product_cat-mic-dejun-produse-olanda","12":"product_cat-produse-olanda","14":"first","15":"outofstock","16":"taxable","17":"shipping-taxable","18":"purchasable","19":"product-type-simple"},"acf":[],"_links":{"self":[{"href":"https:\/\/totalblue.ro\/de\/wp-json\/wp\/v2\/product\/27557","targetHints":{"allow":["GET"]}}],"collection":[{"href":"https:\/\/totalblue.ro\/de\/wp-json\/wp\/v2\/product"}],"about":[{"href":"https:\/\/totalblue.ro\/de\/wp-json\/wp\/v2\/types\/product"}],"replies":[{"embeddable":true,"href":"https:\/\/totalblue.ro\/de\/wp-json\/wp\/v2\/comments?post=27557"}],"wp:featuredmedia":[{"embeddable":true,"href":"https:\/\/totalblue.ro\/de\/wp-json\/wp\/v2\/media\/100448"}],"wp:attachment":[{"href":"https:\/\/totalblue.ro\/de\/wp-json\/wp\/v2\/media?parent=27557"}],"wp:term":[{"taxonomy":"product_brand","embeddable":true,"href":"https:\/\/totalblue.ro\/de\/wp-json\/wp\/v2\/product_brand?post=27557"},{"taxonomy":"product_cat","embeddable":true,"href":"https:\/\/totalblue.ro\/de\/wp-json\/wp\/v2\/product_cat?post=27557"},{"taxonomy":"giftcard-category","embeddable":true,"href":"https:\/\/totalblue.ro\/de\/wp-json\/wp\/v2\/giftcard-category?post=27557"}],"curies":[{"name":"wp","href":"https:\/\/api.w.org\/{rel}","templated":true}]}}