{"id":27585,"date":"2021-03-02T09:43:41","date_gmt":"2021-03-02T07:43:41","guid":{"rendered":"https:\/\/totalblue.ro\/?post_type=product&#038;p=27585"},"modified":"2025-08-06T15:57:03","modified_gmt":"2025-08-06T12:57:03","slug":"supa-deasa-cu-taietei-si-pui-maggi-325-g","status":"publish","type":"product","link":"https:\/\/totalblue.ro\/de\/produs\/supa-deasa-cu-taietei-si-pui-maggi-325-g\/","title":{"rendered":"Supa deasa cu taietei si pui Maggi 325 ml"},"content":{"rendered":"<p>MAGGI Ein Teller Nudeltopf mit Huhn 325 g<br \/>\nSupa deasa cu taietei si pui Maggi 325 g<\/p>\n<p><strong>Empfehlungen<\/strong>: Turnati continutul intr-o cratita \/ tigaie. Amestecati ocazional. Incalziti la foc mediu. De asemenea puteti incalzi si la cuptorul cu microunde la 600 W timp de aproximativ 2 minute. Rapid si usor!<br \/>\n<strong>Inhaltsstoff: <\/strong>ap\u0103, 35,5% paste din ou\u0103 ( faina de gr\u00e2u, ou\u0103), 4,6% gr\u0103sime de pui, 4,5% pui, 1,5% morcovi, 1,5% maz\u0103re, telina 0,9% praz, condimente (usturoi, curcuma), ulei de floarea soarelui, iodat sare, gelatin\u0103 de porc, zah\u0103r, extract de drojdie, arome , acid lactic acidifiant, extract antioxidant din rozmarin. Poate con\u021bine lapte, mustar \u0219i soia.<br \/>\n<strong>Allergene: <\/strong>gluten, telina, grau, oua<br \/>\n<strong>Lagerungsbedingungen: <\/strong>A se pastra la loc uscat si racoros, ferit de actiunea directa a soarelui. Dupa deschidere a se pastra la frigider.<\/p>\n<table class=\"table table-condensed bifi_table\">\n<thead>\n<tr>\n<th scope=\"col\">N\u00e4hrwertangaben<\/th>\n<th scope=\"col\">pro 100g<\/th>\n<th scope=\"col\">per portie \/ 325g<\/th>\n<th scope=\"col\"><\/th>\n<\/tr>\n<\/thead>\n<tbody>\n<tr>\n<td>Energie<\/td>\n<td>436 kJ<br \/>\n105 kcal<\/td>\n<td>1416 kJ<br \/>\n340 kcal<\/td>\n<td><\/td>\n<\/tr>\n<tr>\n<td>Schmierfett<\/td>\n<td>6,8 g<\/td>\n<td>22,0 g<\/td>\n<td><\/td>\n<\/tr>\n<tr>\n<td>davon ges\u00e4ttigt<\/td>\n<td>1,6 g<\/td>\n<td>5,3 g<\/td>\n<td><\/td>\n<\/tr>\n<tr>\n<td>Kohlenhydrate<\/td>\n<td>7,3 g<\/td>\n<td>23,7 g<\/td>\n<td><\/td>\n<\/tr>\n<tr>\n<td>davon Zucker<\/td>\n<td>&lt;0,4 g<\/td>\n<td>1,1 g<\/td>\n<td><\/td>\n<\/tr>\n<tr>\n<td>Eiwei\u00df<\/td>\n<td>3,4 g<\/td>\n<td>11,0 g<\/td>\n<td><\/td>\n<\/tr>\n<tr>\n<td>Sare<\/td>\n<td>1,0 g<\/td>\n<td>3,4 g<\/td>\n<\/tr>\n<\/tbody>\n<\/table>\n<p>Hergestellt in Deutschland von Maggi GmbH , 78221 Singen, Hohentwiel.<br \/>\nEinf\u00fchrer und H\u00e4ndler Total Blue Impex SRL<br \/>\n<strong>*<\/strong> Re\u021betele produselor se pot schimba. Informa\u021biile furnizate aici se refer\u0103 la gama german\u0103 valabil\u0103 \u00een prezent \u0219i sunt actualizate periodic. \u00cen cazul modific\u0103rilor re\u021betei, produsele cu re\u021beta veche \u0219i cea nou\u0103 pot fi g\u0103site \u00een magazine. Prin urmare, cump\u0103r\u0103torul trebuie s\u0103 citeasc\u0103 \u00eentotdeauna cu aten\u021bie toate informa\u021biile de pe ambalaj. Acest lucru se aplic\u0103 \u00een special listei de ingrediente pentru a lua \u00een considerare intoleran\u021bele.<\/p>\n<p>&nbsp;<\/p>","protected":false},"excerpt":{"rendered":"<p>MAGGI Ein Teller Nudeltopf mit Huhn 325 g<br \/>\nSupa deasa cu taietei si pui Maggi 325 g<\/p>","protected":false},"featured_media":34515,"comment_status":"open","ping_status":"closed","template":"","meta":{"_acf_changed":false,"_seopress_robots_primary_cat":"1950","_seopress_titles_title":"","_seopress_titles_desc":"MAGGI Ein Teller Nudeltopf mit Huhn 325 g. Supa deasa cu taietei si pui Maggi 325 g. Livrare rapida pana la usa ta","_seopress_robots_index":""},"product_brand":[1869],"product_cat":[1555,1683,3272,3372,1950,1767,3364],"giftcard-category":[],"class_list":{"0":"post-27585","1":"product","2":"type-product","3":"status-publish","4":"has-post-thumbnail","6":"product_brand-maggi","7":"product_cat-bacanie","8":"product_cat-conserve-mancare-gatita","9":"product_cat-conserve","10":"product_cat-conserve-produse-germania","11":"product_cat-produse-germania","12":"product_cat-produse-olanda","13":"product_cat-supe-produse-germania","15":"first","16":"outofstock","17":"taxable","18":"shipping-taxable","19":"purchasable","20":"product-type-simple"},"acf":[],"_links":{"self":[{"href":"https:\/\/totalblue.ro\/de\/wp-json\/wp\/v2\/product\/27585","targetHints":{"allow":["GET"]}}],"collection":[{"href":"https:\/\/totalblue.ro\/de\/wp-json\/wp\/v2\/product"}],"about":[{"href":"https:\/\/totalblue.ro\/de\/wp-json\/wp\/v2\/types\/product"}],"replies":[{"embeddable":true,"href":"https:\/\/totalblue.ro\/de\/wp-json\/wp\/v2\/comments?post=27585"}],"wp:featuredmedia":[{"embeddable":true,"href":"https:\/\/totalblue.ro\/de\/wp-json\/wp\/v2\/media\/34515"}],"wp:attachment":[{"href":"https:\/\/totalblue.ro\/de\/wp-json\/wp\/v2\/media?parent=27585"}],"wp:term":[{"taxonomy":"product_brand","embeddable":true,"href":"https:\/\/totalblue.ro\/de\/wp-json\/wp\/v2\/product_brand?post=27585"},{"taxonomy":"product_cat","embeddable":true,"href":"https:\/\/totalblue.ro\/de\/wp-json\/wp\/v2\/product_cat?post=27585"},{"taxonomy":"giftcard-category","embeddable":true,"href":"https:\/\/totalblue.ro\/de\/wp-json\/wp\/v2\/giftcard-category?post=27585"}],"curies":[{"name":"wp","href":"https:\/\/api.w.org\/{rel}","templated":true}]}}