{"id":27708,"date":"2021-03-09T10:15:45","date_gmt":"2021-03-09T08:15:45","guid":{"rendered":"https:\/\/totalblue.ro\/?post_type=product&#038;p=27708"},"modified":"2025-08-05T12:02:50","modified_gmt":"2025-08-05T09:02:50","slug":"heringsfilets-in-senfcreme-und-eierapfel-200-g","status":"publish","type":"product","link":"https:\/\/totalblue.ro\/de\/produs\/file-de-hering-in-crema-de-mustar-si-ou-appel-200-g\/","title":{"rendered":"Heringsfilets in Senf und Eiercreme Appel 200 g"},"content":{"rendered":"<p>Appel Heringsfilets in Eier-Senf-Creme, Fisch in Eier-Senfcreme<br \/>\nHeringsfilets in Senf und Eiercreme Appel 200 g<br \/>\n<strong>Inhaltsstoff:<\/strong> Heringsfilet (Clupea harengus) (60%), Wasser, Senf (12,4%) (Wasser, Branntweinessig, Senfk\u00f6rner, Speisesalz, Zucker, Gew\u00fcrze), Raps\u00f6l, Eigelb (2,4%), Zucker, Branntweinessig, Weizenst\u00e4rke, Speisesalz, Gew\u00fcrze, Verdickungsmehl.<br \/>\nNicht kochen. Kochfertiges Produkt.<br \/>\n<strong>Lagerungsbedingungen:<\/strong> Trocken und k\u00fchl lagern, vor direkter Sonneneinstrahlung sch\u00fctzen und sofort nach dem \u00d6ffnen verbrauchen.<br \/>\n<strong>Allergene:<\/strong> Heringsfilets, Senf, Senfsaat, Ei, Weizenst\u00e4rke<br \/>\n<strong>N\u00e4hrwerte\/100g :<\/strong><br \/>\nBrennwert 855 kJ \/ 206 kcal<br \/>\nFett 15,4 g<br \/>\ndavon ges\u00e4ttigte Fetts\u00e4uren 2,4 g<br \/>\nKohlenhydrate 3,0 g<br \/>\ndavon Zucker 1,8 g<br \/>\nEiwei\u00df 13,1 g<br \/>\nSalz 1,20 g<br \/>\nZertifikat: Marine Stewardship Council (MSC-Siegel f\u00fcr zertifizierte Meeresfr\u00fcchte)<br \/>\nHerkunftsland: Deutschland<br \/>\nHergestellt in Deutschland von Appel Feinkost GmbH &amp; Co. KG, D-27472 Cuxhaven<br \/>\nEinf\u00fchrer und H\u00e4ndler Total Blue Impex SRL<\/p>","protected":false},"excerpt":{"rendered":"<p>Appel Heringsfilets in Eier-Senf-Creme, Fisch in Eier-Senfcreme<br \/>\nHeringsfilets in Senf und Eiercreme Appel 200 g<\/p>","protected":false},"featured_media":134428,"comment_status":"open","ping_status":"closed","template":"","meta":{"_acf_changed":false,"_seopress_robots_primary_cat":"none","_seopress_titles_title":"File de hering in crema de mustar si ou Appel 200 g, Germania","_seopress_titles_desc":"Cauti File de hering in crema de mustar si ou Appel ? Cumpara acum din oferta noastra conserve de hering, conserve peste cu mustar Germania.","_seopress_robots_index":""},"product_brand":[1987],"product_cat":[1555,1683,3272,3372,1950,1767],"giftcard-category":[],"class_list":{"0":"post-27708","1":"product","2":"type-product","3":"status-publish","4":"has-post-thumbnail","6":"product_brand-appel","7":"product_cat-bacanie","8":"product_cat-conserve-mancare-gatita","9":"product_cat-conserve","10":"product_cat-conserve-produse-germania","11":"product_cat-produse-germania","12":"product_cat-produse-olanda","14":"first","15":"outofstock","16":"taxable","17":"shipping-taxable","18":"purchasable","19":"product-type-simple"},"acf":[],"_links":{"self":[{"href":"https:\/\/totalblue.ro\/de\/wp-json\/wp\/v2\/product\/27708","targetHints":{"allow":["GET"]}}],"collection":[{"href":"https:\/\/totalblue.ro\/de\/wp-json\/wp\/v2\/product"}],"about":[{"href":"https:\/\/totalblue.ro\/de\/wp-json\/wp\/v2\/types\/product"}],"replies":[{"embeddable":true,"href":"https:\/\/totalblue.ro\/de\/wp-json\/wp\/v2\/comments?post=27708"}],"wp:featuredmedia":[{"embeddable":true,"href":"https:\/\/totalblue.ro\/de\/wp-json\/wp\/v2\/media\/134428"}],"wp:attachment":[{"href":"https:\/\/totalblue.ro\/de\/wp-json\/wp\/v2\/media?parent=27708"}],"wp:term":[{"taxonomy":"product_brand","embeddable":true,"href":"https:\/\/totalblue.ro\/de\/wp-json\/wp\/v2\/product_brand?post=27708"},{"taxonomy":"product_cat","embeddable":true,"href":"https:\/\/totalblue.ro\/de\/wp-json\/wp\/v2\/product_cat?post=27708"},{"taxonomy":"giftcard-category","embeddable":true,"href":"https:\/\/totalblue.ro\/de\/wp-json\/wp\/v2\/giftcard-category?post=27708"}],"curies":[{"name":"wp","href":"https:\/\/api.w.org\/{rel}","templated":true}]}}