{"id":27713,"date":"2021-03-09T11:21:37","date_gmt":"2021-03-09T09:21:37","guid":{"rendered":"https:\/\/totalblue.ro\/?post_type=product&#038;p=27713"},"modified":"2025-08-08T10:26:22","modified_gmt":"2025-08-08T07:26:22","slug":"ciorba-delicata-de-linte-usor-picanta-cu-multe-legume-weight-watchers-400-ml","status":"publish","type":"product","link":"https:\/\/totalblue.ro\/de\/produs\/ciorba-delicata-de-linte-usor-picanta-cu-multe-legume-weight-watchers-400-ml\/","title":{"rendered":"Weight Watchers Leicht gew\u00fcrzte Linsensuppe mit Gem\u00fcse 400 ml"},"content":{"rendered":"<p>Feinw\u00fcrzige Linsensuppe mit buntem Gem\u00fcse Weight Watchers 400 ml.<br \/>\nCiorba delicata de linte usor picanta cu multe legume Weight Watchers 400 ml<br \/>\nProdus fara lactoza, f\u0103r\u0103 gluten, vegan, vegetarian.<\/p>\n<p>Cantitate ideala pentru 1 portie..<\/p>\n<p><strong>Empfehlungen<\/strong>: Turnati continutul intr-o cratita \/ tigaie. Amestecati ocazional. Incalziti la foc mediu. De asemenea puteti incalzi si la cuptorul cu microunde la 600 W timp de aproximativ 3,5 minute. Rapid si usor!<br \/>\n<strong>Inhaltsstoff:<\/strong> apa, linte 11%, ceapa 6,2%, fasole verde 4,9%, morcovi 4,9%, boia 3,7%, pasta de ro\u0219ii, praz 2,5%, cartofi 1,2%, sare de masa, \u00eengrosator (gum\u0103 guar, guma xantan), arome (con\u021bine telina ), zahar, ierburi, condimente, antioxidan\u021bi (acid ascorbic).<br \/>\nAditivi: \u00cengro\u0219\u0103tor, gum\u0103 guar E412, gum\u0103 xantan E415, acid ascorbic E300, antioxidant<br \/>\n<strong>Allergene: <\/strong>telina<br \/>\n<strong>Lagerungsbedingungen: <\/strong>A se pastra la loc uscat si racoros, ferit de actiunea directa a soarelui. Dupa deschidere, a se pastra acoperita in frigider si a se consuma in maxim 48h.<br \/>\nTara de origine: Olanda<br \/>\n<strong>N\u00e4hrwertangaben \/ 100 ml:<\/strong><br \/>\nN\u00e4hrwertangaben \/ 100 g:<br \/>\nEnergie: 222 kJ\/53 kcal<br \/>\nGrasimi: 0.2 g din care acizi grasi saturati: 0.1 g<br \/>\nCarbohidrati 7.9 g sau care zaharuri 1.9 g<br \/>\nFibre: 2.5 g<br \/>\nProteine: 2.9 g<br \/>\nSare: 0.97 g<\/p>\n<div dir=\"auto\">Nou ! Click &amp; Collect\u00a0Total Blue\u00a0!<\/div>\n<div dir=\"auto\">Bestellen Sie Ihre Lieblingsprodukte und holen Sie Ihre Bestellung ab, wenn Sie Zeit haben!<\/div>\n<div dir=\"auto\">Cu serviciul Click &amp; Collect\u00a0Total Blue\u00a0iti po\u021bi rezerva online produsele, iar in intervalul orar 08:00-21:00 le poti ridica din locatia situata in Bucuresti, Sector 6, Bulevardul Uverturii 69 A<\/div>\n<div dir=\"auto\">Nachdem Sie Ihre Bestellung aufgegeben und registriert haben, werden Sie benachrichtigt (per Telefon, E-Mail oder SMS), wann Sie Ihre Bestellung abholen k\u00f6nnen.<\/div>\n<div dir=\"auto\">Nu se percep taxe suplimentare pentru Click &amp; Collect\u00a0Total Blue<\/div>\n<div dir=\"auto\">Sie bezahlen die gekauften Artikel entweder online zum Zeitpunkt der Bestellung oder bar\/mit Karte direkt im Gesch\u00e4ft bei der Abholung.<\/div>\n<div dir=\"auto\">Incearca acum noul serviciu Click &amp; Collect\u00a0Total Blue\u00a0!<\/div>","protected":false},"excerpt":{"rendered":"<p>Feinw\u00fcrzige Linsensuppe mit buntem Gem\u00fcse Weight Watchers 400 ml.<br \/>\nCiorba delicata de linte usor picanta cu multe legume Weight Watchers 400 ml<\/p>","protected":false},"featured_media":27717,"comment_status":"open","ping_status":"closed","template":"","meta":{"_acf_changed":false,"_seopress_robots_primary_cat":"1950","_seopress_titles_title":"","_seopress_titles_desc":"Cumpara online ciorba linte, ciorba legume, ciorbe usor picante. Magazin online cu mancare si livrare rapida. Supe de slabit, supe Olanda.","_seopress_robots_index":""},"product_brand":[1988],"product_cat":[1555,1683,3372,3272,1950,1767,3364],"giftcard-category":[],"class_list":{"0":"post-27713","1":"product","2":"type-product","3":"status-publish","4":"has-post-thumbnail","6":"product_brand-weight-watchers","7":"product_cat-bacanie","8":"product_cat-conserve-mancare-gatita","9":"product_cat-conserve-produse-germania","10":"product_cat-conserve","11":"product_cat-produse-germania","12":"product_cat-produse-olanda","13":"product_cat-supe-produse-germania","15":"first","16":"outofstock","17":"taxable","18":"shipping-taxable","19":"purchasable","20":"product-type-simple"},"acf":[],"_links":{"self":[{"href":"https:\/\/totalblue.ro\/de\/wp-json\/wp\/v2\/product\/27713","targetHints":{"allow":["GET"]}}],"collection":[{"href":"https:\/\/totalblue.ro\/de\/wp-json\/wp\/v2\/product"}],"about":[{"href":"https:\/\/totalblue.ro\/de\/wp-json\/wp\/v2\/types\/product"}],"replies":[{"embeddable":true,"href":"https:\/\/totalblue.ro\/de\/wp-json\/wp\/v2\/comments?post=27713"}],"wp:featuredmedia":[{"embeddable":true,"href":"https:\/\/totalblue.ro\/de\/wp-json\/wp\/v2\/media\/27717"}],"wp:attachment":[{"href":"https:\/\/totalblue.ro\/de\/wp-json\/wp\/v2\/media?parent=27713"}],"wp:term":[{"taxonomy":"product_brand","embeddable":true,"href":"https:\/\/totalblue.ro\/de\/wp-json\/wp\/v2\/product_brand?post=27713"},{"taxonomy":"product_cat","embeddable":true,"href":"https:\/\/totalblue.ro\/de\/wp-json\/wp\/v2\/product_cat?post=27713"},{"taxonomy":"giftcard-category","embeddable":true,"href":"https:\/\/totalblue.ro\/de\/wp-json\/wp\/v2\/giftcard-category?post=27713"}],"curies":[{"name":"wp","href":"https:\/\/api.w.org\/{rel}","templated":true}]}}