{"id":27734,"date":"2021-03-09T14:21:42","date_gmt":"2021-03-09T12:21:42","guid":{"rendered":"https:\/\/totalblue.ro\/?post_type=product&#038;p=27734"},"modified":"2025-08-08T10:26:18","modified_gmt":"2025-08-08T07:26:18","slug":"supa-asiatica-de-legume-cu-pui-weight-watchers-400-ml","status":"publish","type":"product","link":"https:\/\/totalblue.ro\/de\/produs\/supa-asiatica-de-legume-cu-pui-weight-watchers-400-ml\/","title":{"rendered":"Supa asiatica de legume cu pui Weight Watchers 400 ml"},"content":{"rendered":"<p>Asiatische gem\u00fcsesuppe mit h\u00fchnerfleisch Weight Watchers 400 ml.<br \/>\nSupa asiatica de legume cu pui Weight Watchers 400 ml<\/p>\n<p><strong>Empfehlungen<\/strong>: Turnati continutul intr-o cratita \/ tigaie. Amestecati ocazional. Incalziti la foc mediu. De asemenea puteti incalzi si la cuptorul cu microunde la 600 W timp de aproximativ 3,5 minute. Rapid si usor!<br \/>\n<strong>Inhaltsstoff:<\/strong> apa, muguri de fasole mung 4,9%, lastari de bambus 4,9%, morcovi 3,7%, pui gatit 3,7%, boia de ardei 2,4%, taitei (amidon de fasole mung, apa potabila), arome (con\u021bin grau, soia), zahar, sare, ceapa de prim\u0103var\u0103 0,7%, ciuperci Mu-Err ( urechi ) 0,7%, grasime de pui, agenti de \u00eengro\u0219are (gum\u0103 guar, gum\u0103 xantan), condimente, telina.<br \/>\nAditivi: Ingrosator, guma guar E412, guma xantan E415<br \/>\n<strong>Allergene: <\/strong>soia, telina, grau<br \/>\n<strong>Lagerungsbedingungen: <\/strong>A se pastra la loc uscat si racoros, ferit de actiunea directa a soarelui. Dupa deschidere, a se pastra acoperita in frigider si a se consuma in max 48h.<br \/>\nTara de origine : Olanda<br \/>\n<strong>N\u00e4hrwertangaben \/ 100 ml:<\/strong><br \/>\nEnergie 91kJ \/ 22 kcal<br \/>\nGrasime 0,5 grame<br \/>\ndin care grasimi saturati 0,2 grame<br \/>\nCarbohidrati 2,2 grame<br \/>\ndin care: zaharuri 0,7 grame<br \/>\nProteine \u200b\u200b1,6 grame<br \/>\nSare 0,88 grame<br \/>\nProducator WW Foods, LLC Weight Watchers.<br \/>\nEinf\u00fchrer und H\u00e4ndler Total Blue Impex SRL<\/p>\n<p>&nbsp;<\/p>","protected":false},"excerpt":{"rendered":"<p>Asiatische gem\u00fcsesuppe mit h\u00fchnerfleisch Weight Watchers 400 ml.<br \/>\nSupa asiatica de legume cu pui Weight Watchers 400 ml<\/p>","protected":false},"featured_media":27738,"comment_status":"open","ping_status":"closed","template":"","meta":{"_acf_changed":false,"_seopress_robots_primary_cat":"1950","_seopress_titles_title":"","_seopress_titles_desc":"Cumpara online supa asiatica, supe cu legume, supe pui , supe de slabit Magazin online cu mancare si livrare rapida.","_seopress_robots_index":""},"product_brand":[1988],"product_cat":[1555,1683,3272,3372,1950,1767,3364],"giftcard-category":[],"class_list":{"0":"post-27734","1":"product","2":"type-product","3":"status-publish","4":"has-post-thumbnail","6":"product_brand-weight-watchers","7":"product_cat-bacanie","8":"product_cat-conserve-mancare-gatita","9":"product_cat-conserve","10":"product_cat-conserve-produse-germania","11":"product_cat-produse-germania","12":"product_cat-produse-olanda","13":"product_cat-supe-produse-germania","15":"first","16":"outofstock","17":"taxable","18":"shipping-taxable","19":"purchasable","20":"product-type-simple"},"acf":[],"_links":{"self":[{"href":"https:\/\/totalblue.ro\/de\/wp-json\/wp\/v2\/product\/27734","targetHints":{"allow":["GET"]}}],"collection":[{"href":"https:\/\/totalblue.ro\/de\/wp-json\/wp\/v2\/product"}],"about":[{"href":"https:\/\/totalblue.ro\/de\/wp-json\/wp\/v2\/types\/product"}],"replies":[{"embeddable":true,"href":"https:\/\/totalblue.ro\/de\/wp-json\/wp\/v2\/comments?post=27734"}],"wp:featuredmedia":[{"embeddable":true,"href":"https:\/\/totalblue.ro\/de\/wp-json\/wp\/v2\/media\/27738"}],"wp:attachment":[{"href":"https:\/\/totalblue.ro\/de\/wp-json\/wp\/v2\/media?parent=27734"}],"wp:term":[{"taxonomy":"product_brand","embeddable":true,"href":"https:\/\/totalblue.ro\/de\/wp-json\/wp\/v2\/product_brand?post=27734"},{"taxonomy":"product_cat","embeddable":true,"href":"https:\/\/totalblue.ro\/de\/wp-json\/wp\/v2\/product_cat?post=27734"},{"taxonomy":"giftcard-category","embeddable":true,"href":"https:\/\/totalblue.ro\/de\/wp-json\/wp\/v2\/giftcard-category?post=27734"}],"curies":[{"name":"wp","href":"https:\/\/api.w.org\/{rel}","templated":true}]}}