{"id":27802,"date":"2021-03-12T14:39:22","date_gmt":"2021-03-12T12:39:22","guid":{"rendered":"https:\/\/totalblue.ro\/?post_type=product&#038;p=27802"},"modified":"2025-08-01T15:43:28","modified_gmt":"2025-08-01T12:43:28","slug":"supa-copioasa-de-legume-unox-olanda-800-ml","status":"publish","type":"product","link":"https:\/\/totalblue.ro\/de\/produs\/supa-copioasa-de-legume-unox-olanda-800-ml\/","title":{"rendered":"Supa copioasa de legume Unox Olanda 800 ml"},"content":{"rendered":"<p>Cantitatea ideala pentru 2-3 portii de supa.<br \/>\nUnox Soep in blik stevige groentesoep 800 ml<br \/>\nSupa copioasa de legume Unox Olanda 800 ml<br \/>\nBrandul olandez Unox produce cele mai bune supe olandeze inca din 1957.\u00a0 Deoarece Unox lucreaza in continuu la imbunatatirea produselor sale, pe langa supele clasice, gasim o gama variata de produse delicioase gata preparate.<br \/>\n<strong>Vorbereitung:<\/strong> Die Verpackung nicht in die Mikrowelle stellen! Die Suppe nicht kochen! Geben Sie die Suppe in eine Sch\u00fcssel und erhitzen Sie sie 3 Minuten lang bei ca. 600 Watt in der Mikrowelle oder erhitzen Sie sie direkt in einer Kasserolle oder einem Topf unter leichtem R\u00fchren. Nach dem Erhitzen ist sie bereit zum Genie\u00dfen!<br \/>\n<strong>Inhaltsstoff:<\/strong> Wasser, Gem\u00fcse 20% (Karotten, Lauch, Zwiebeln, Tomaten), Fleischb\u00e4llchen 5,3% (Schweinefleisch 2%, Rindfleisch 2%, Wasser, St\u00e4rke, Salz, Pfeffer, Koriander, Muskatnussextrakt), Nudeln 1 , 2% (Hartweizen, Eiwei\u00df), modifizierte St\u00e4rke, Selleriebl\u00e4tter, Salz, Hefeextrakt, Petersilie, Lorbeerbl\u00e4tter, Aroma, Petersilienwurzel 1%.<br \/>\nKeine k\u00fcnstlichen Farbstoffe, keine k\u00fcnstlichen Aromen, keine Konservierungsstoffe<br \/>\n<strong>Allergene: <\/strong>Enth\u00e4lt: Sellerie, Eier, Weizen, glutenhaltiges Getreide. Kann Soja, Milch, Senf enthalten<br \/>\nHergestellt in den Niederlanden von Unilever Nederland Unox, Postbus 160 3000 AD AD Rotterdam<br \/>\nEinf\u00fchrer und H\u00e4ndler Total Blue Impex SRL<br \/>\n<strong>Ern\u00e4hrung \/ 100ml:<\/strong><br \/>\nEnergie 113 kJ (27 kcal)<br \/>\nGr\u0103simi 0,8 g din care saturati 0,3 g<br \/>\nCarbohidra\u021bi 3,3 g din care zaharuri 0,7 g<br \/>\nFibre dietetice &lt;0,5 g<br \/>\nEiwei\u00df 1,5 g<br \/>\nSare 0,67 g<\/p>\n<div dir=\"auto\">Nou ! Click &amp; Collect <span style=\"font-size: 14.4px\">TotalBlue <\/span>!<\/div>\n<div dir=\"auto\">Bestellen Sie Ihre Lieblingsprodukte und holen Sie Ihre Bestellung ab, wenn Sie Zeit haben!<\/div>\n<div dir=\"auto\">Cu serviciul Click &amp; Collect <span style=\"font-size: 14.4px\">TotalBlue <\/span>iti po\u021bi rezerva online produsele, iar in intervalul orar 08:00-21:00 le poti ridica din locatia situata in Bucuresti, Sector 6, Bulevardul Uverturii 69 A<\/div>\n<div dir=\"auto\">Nachdem Sie Ihre Bestellung aufgegeben und registriert haben, werden Sie benachrichtigt (per Telefon, E-Mail oder SMS), wann Sie Ihre Bestellung abholen k\u00f6nnen.<\/div>\n<div dir=\"auto\">Nu se percep taxe suplimentare pentru Click &amp; Collect <span style=\"font-size: 14.4px\">TotalBlue<\/span><\/div>\n<div dir=\"auto\">Sie bezahlen die gekauften Artikel entweder online zum Zeitpunkt der Bestellung oder bar\/mit Karte direkt im Gesch\u00e4ft bei der Abholung.<\/div>\n<div dir=\"auto\">Incearca acum noul serviciu Click &amp; Collect <span style=\"font-size: 14.4px\">TotalBlue <\/span>!<\/div>\n<p><a href=\"https:\/\/totalblue.ro\/wp-content\/uploads\/2021\/02\/WhatsApp-Image-2021-02-24-at-16.11.33.jpeg\"><img loading=\"lazy\" decoding=\"async\" class=\"alignnone wp-image-27374\" src=\"https:\/\/totalblue.ro\/wp-content\/uploads\/2021\/02\/WhatsApp-Image-2021-02-24-at-16.11.33-711x400.jpeg\" alt=\"\" width=\"283\" height=\"159\" srcset=\"https:\/\/totalblue.ro\/wp-content\/uploads\/2021\/02\/WhatsApp-Image-2021-02-24-at-16.11.33-711x400.jpeg 711w, https:\/\/totalblue.ro\/wp-content\/uploads\/2021\/02\/WhatsApp-Image-2021-02-24-at-16.11.33-510x287.jpeg 510w, https:\/\/totalblue.ro\/wp-content\/uploads\/2021\/02\/WhatsApp-Image-2021-02-24-at-16.11.33-768x432.jpeg 768w, https:\/\/totalblue.ro\/wp-content\/uploads\/2021\/02\/WhatsApp-Image-2021-02-24-at-16.11.33-600x337.jpeg 600w, https:\/\/totalblue.ro\/wp-content\/uploads\/2021\/02\/WhatsApp-Image-2021-02-24-at-16.11.33-100x56.jpeg 100w, https:\/\/totalblue.ro\/wp-content\/uploads\/2021\/02\/WhatsApp-Image-2021-02-24-at-16.11.33.jpeg 978w\" sizes=\"auto, (max-width: 283px) 100vw, 283px\" \/><\/a><\/p>","protected":false},"excerpt":{"rendered":"<p>Unox Soep in blik stevige groentesoep 800 ml<br \/>\nSupa copioasa de legume Unox Olanda 800 ml cu livrare rapida.<\/p>","protected":false},"featured_media":27803,"comment_status":"open","ping_status":"closed","template":"","meta":{"_acf_changed":false,"_seopress_robots_primary_cat":"none","_seopress_titles_title":"","_seopress_titles_desc":"Cumpara online supa de legume, supe legume, ciorbe legume, supe olandeze legume. Magazin online supe si produse olandeze cu livrare rapida.","_seopress_robots_index":""},"product_brand":[1925],"product_cat":[1555,1683,3272,1767],"giftcard-category":[],"class_list":{"0":"post-27802","1":"product","2":"type-product","3":"status-publish","4":"has-post-thumbnail","6":"product_brand-unox","7":"product_cat-bacanie","8":"product_cat-conserve-mancare-gatita","9":"product_cat-conserve","10":"product_cat-produse-olanda","12":"first","13":"outofstock","14":"taxable","15":"shipping-taxable","16":"purchasable","17":"product-type-simple"},"acf":[],"_links":{"self":[{"href":"https:\/\/totalblue.ro\/de\/wp-json\/wp\/v2\/product\/27802","targetHints":{"allow":["GET"]}}],"collection":[{"href":"https:\/\/totalblue.ro\/de\/wp-json\/wp\/v2\/product"}],"about":[{"href":"https:\/\/totalblue.ro\/de\/wp-json\/wp\/v2\/types\/product"}],"replies":[{"embeddable":true,"href":"https:\/\/totalblue.ro\/de\/wp-json\/wp\/v2\/comments?post=27802"}],"wp:featuredmedia":[{"embeddable":true,"href":"https:\/\/totalblue.ro\/de\/wp-json\/wp\/v2\/media\/27803"}],"wp:attachment":[{"href":"https:\/\/totalblue.ro\/de\/wp-json\/wp\/v2\/media?parent=27802"}],"wp:term":[{"taxonomy":"product_brand","embeddable":true,"href":"https:\/\/totalblue.ro\/de\/wp-json\/wp\/v2\/product_brand?post=27802"},{"taxonomy":"product_cat","embeddable":true,"href":"https:\/\/totalblue.ro\/de\/wp-json\/wp\/v2\/product_cat?post=27802"},{"taxonomy":"giftcard-category","embeddable":true,"href":"https:\/\/totalblue.ro\/de\/wp-json\/wp\/v2\/giftcard-category?post=27802"}],"curies":[{"name":"wp","href":"https:\/\/api.w.org\/{rel}","templated":true}]}}