{"id":27904,"date":"2021-03-18T15:55:33","date_gmt":"2021-03-18T13:55:33","guid":{"rendered":"https:\/\/totalblue.ro\/?post_type=product&#038;p=27904"},"modified":"2025-08-07T11:12:59","modified_gmt":"2025-08-07T08:12:59","slug":"mogyi-gerostete-und-gesalzene-geschalte-sonnenblumenkerne-100-g","status":"publish","type":"product","link":"https:\/\/totalblue.ro\/de\/produs\/seminte-de-floarea-soarelui-decojite-prajite-si-sarate-mogyi-100-g\/","title":{"rendered":"Sonnenblumenkerne, gesch\u00e4lt, ger\u00f6stet und gesalzen Mogyi 100 g"},"content":{"rendered":"<p>Mogyi Sonnenblumenkerne, gesch\u00e4lt, ger\u00f6stet und gesalzen - Ein k\u00f6stlicher Snack, der sich allein oder in Kombination mit Ihrem Lieblingsjoghurt oder Salat eignet!<br \/>\n<strong>Inhaltsstoff:<\/strong> Gesch\u00e4lte K\u00fcrbiskerne, Salz 1%.<br \/>\n<strong>Allergene:<\/strong> Sonnenblumenkerne, Pflanzen\u00f6l (Palm), Salz 1%.<br \/>\nKann Spuren von Erdn\u00fcssen, Baumn\u00fcssen und Gluten enthalten.<br \/>\n<strong>N\u00e4hrwertangaben\/100g :<br \/>\n<\/strong>Energiewert KJ 2558 kJ \/ 619 kcal<br \/>\nFett-Lipid 56 g<br \/>\nEiwei\u00df 18 g<br \/>\nKohlenhydrate 7,2 g<br \/>\nKohlenhydrate, davon Zucker 2,7 g<br \/>\nNatrium-Salz 1,0 g<br \/>\nFett, davon ges\u00e4ttigte Fetts\u00e4uren 9,4 g<\/p>\n<p>Einf\u00fchrer: Mogyi Romania SRL<\/p>","protected":false},"excerpt":{"rendered":"<p>Mogyi Sonnenblumenkerne gesch\u00e4lt, ger\u00f6stet und gesalzen<\/p>","protected":false},"featured_media":27905,"comment_status":"open","ping_status":"closed","template":"","meta":{"_acf_changed":false,"_seopress_robots_primary_cat":"none","_seopress_titles_title":"","_seopress_titles_desc":"Mogyi Seminte de floarea soarelui decojite, prajite si sarate.O gustare delicioasa potrivita atat la plimbarile lungi cat si acasa","_seopress_robots_index":""},"product_brand":[1994],"product_cat":[1555],"giftcard-category":[],"class_list":{"0":"post-27904","1":"product","2":"type-product","3":"status-publish","4":"has-post-thumbnail","6":"product_brand-mogyi","7":"product_cat-bacanie","9":"first","10":"outofstock","11":"taxable","12":"shipping-taxable","13":"purchasable","14":"product-type-simple"},"acf":[],"_links":{"self":[{"href":"https:\/\/totalblue.ro\/de\/wp-json\/wp\/v2\/product\/27904","targetHints":{"allow":["GET"]}}],"collection":[{"href":"https:\/\/totalblue.ro\/de\/wp-json\/wp\/v2\/product"}],"about":[{"href":"https:\/\/totalblue.ro\/de\/wp-json\/wp\/v2\/types\/product"}],"replies":[{"embeddable":true,"href":"https:\/\/totalblue.ro\/de\/wp-json\/wp\/v2\/comments?post=27904"}],"wp:featuredmedia":[{"embeddable":true,"href":"https:\/\/totalblue.ro\/de\/wp-json\/wp\/v2\/media\/27905"}],"wp:attachment":[{"href":"https:\/\/totalblue.ro\/de\/wp-json\/wp\/v2\/media?parent=27904"}],"wp:term":[{"taxonomy":"product_brand","embeddable":true,"href":"https:\/\/totalblue.ro\/de\/wp-json\/wp\/v2\/product_brand?post=27904"},{"taxonomy":"product_cat","embeddable":true,"href":"https:\/\/totalblue.ro\/de\/wp-json\/wp\/v2\/product_cat?post=27904"},{"taxonomy":"giftcard-category","embeddable":true,"href":"https:\/\/totalblue.ro\/de\/wp-json\/wp\/v2\/giftcard-category?post=27904"}],"curies":[{"name":"wp","href":"https:\/\/api.w.org\/{rel}","templated":true}]}}