{"id":28099,"date":"2021-03-29T16:19:21","date_gmt":"2021-03-29T13:19:21","guid":{"rendered":"https:\/\/totalblue.ro\/?post_type=product&#038;p=28099"},"modified":"2025-08-06T15:56:55","modified_gmt":"2025-08-06T12:56:55","slug":"spaghetti-bolognese-in-sos-tomat-si-bucatele-de-carne-de-vita-maggi-810-g","status":"publish","type":"product","link":"https:\/\/totalblue.ro\/de\/produs\/spaghetti-bolognese-in-sos-tomat-si-bucatele-de-carne-de-vita-maggi-810-g\/","title":{"rendered":"Spaghetti Bolognese in sos tomat si bucatele de carne de vita Maggi 810 g"},"content":{"rendered":"<p>Spaghetti Bolognese in sos tomat si bucatele de carne de vita Maggi 810 g<\/p>\n<p><strong>Empfehlungen<\/strong>Den Inhalt in einen Kochtopf\/Pfanne geben. Bei mittlerer Hitze erhitzen. Sie k\u00f6nnen auch in der Mikrowelle erhitzen, 4 Minuten bei 600 W.<br \/>\n<strong>Inhaltsstoff: <\/strong>apa 27,6%, pasta de rosii 19,8% spaghete (grau durum, proteine de ou), 4,6% carne de vita, grasime de vita, condimente, 0,5% morcovi, ierburi, ulei de masline extravirgin, sare iodata, zahar, ulei de floarea soarelui, amidon modificat, extract de drojdie, grasime de palmier, arome, condimente (din grau), acid lactic acidifiant, guma de ingrosare guar. Poate con\u021bine telina, lapte, mustar \u0219i soia.<br \/>\n<strong>Allergene:<\/strong> lactate \u0219i lactoza, telina, oua<br \/>\n<strong>Lagerungsbedingungen:<\/strong><br \/>\nTrocken und k\u00fchl lagern, vor direkter Sonneneinstrahlung sch\u00fctzen. Nach dem \u00d6ffnen f\u00fcr maximal 48 Stunden im K\u00fchlschrank aufbewahren.<br \/>\n<strong>N\u00e4hrwertangaben \/ 100g:<\/strong><br \/>\nEnergie 74 kcal<br \/>\nGrasime 2.2 grame<br \/>\ndin care grasimi saturati 0.7 grame<br \/>\nCarbohidrati 10.1 grame<br \/>\ndin care zaharuri 2.6 grame<br \/>\nProteine \u200b\u200b3 grame<br \/>\nSare 1.1 grame<\/p>\n<p>Zertifizierung: Gr\u00fcner Punkt - ARA (Verpackungsetikett)<br \/>\nDimensiune 11.68 x 9.91 x 9.91 cm<br \/>\nHergestellt in Deutschland von Maggi GmbH , 78221 Singen, Hohentwiel.<br \/>\nEinf\u00fchrer und H\u00e4ndler Total Blue Impex SRL<br \/>\n*Produktrezepturen sind freibleibend. Die hier gemachten Angaben beziehen sich auf das aktuell g\u00fcltige deutsche Sortiment und werden regelm\u00e4\u00dfig aktualisiert. Bei Rezeptur\u00e4nderungen sind Produkte mit der alten und der neuen Rezeptur in den Gesch\u00e4ften zu finden. Der K\u00e4ufer sollte daher immer alle Informationen auf der Verpackung sorgf\u00e4ltig lesen. Dies gilt insbesondere f\u00fcr die Liste der Zutaten, um Unvertr\u00e4glichkeiten zu ber\u00fccksichtigen.<\/p>","protected":false},"excerpt":{"rendered":"<p>Spaghetti Bolognese in sos tomat si bucatele de carne de vita Maggi 810 g<\/p>","protected":false},"featured_media":28100,"comment_status":"open","ping_status":"closed","template":"","meta":{"_acf_changed":false,"_seopress_robots_primary_cat":"1950","_seopress_titles_title":"","_seopress_titles_desc":"Comanda acum online Spaghetti Bolognese in sos tomat si bucatele de carne de vita Maggi 810 g, livrare rapida pana la usa ta","_seopress_robots_index":""},"product_brand":[1869],"product_cat":[1555,1683,3272,3372,1950,1767],"giftcard-category":[],"class_list":{"0":"post-28099","1":"product","2":"type-product","3":"status-publish","4":"has-post-thumbnail","6":"product_brand-maggi","7":"product_cat-bacanie","8":"product_cat-conserve-mancare-gatita","9":"product_cat-conserve","10":"product_cat-conserve-produse-germania","11":"product_cat-produse-germania","12":"product_cat-produse-olanda","14":"first","15":"outofstock","16":"taxable","17":"shipping-taxable","18":"purchasable","19":"product-type-simple"},"acf":[],"_links":{"self":[{"href":"https:\/\/totalblue.ro\/de\/wp-json\/wp\/v2\/product\/28099","targetHints":{"allow":["GET"]}}],"collection":[{"href":"https:\/\/totalblue.ro\/de\/wp-json\/wp\/v2\/product"}],"about":[{"href":"https:\/\/totalblue.ro\/de\/wp-json\/wp\/v2\/types\/product"}],"replies":[{"embeddable":true,"href":"https:\/\/totalblue.ro\/de\/wp-json\/wp\/v2\/comments?post=28099"}],"wp:featuredmedia":[{"embeddable":true,"href":"https:\/\/totalblue.ro\/de\/wp-json\/wp\/v2\/media\/28100"}],"wp:attachment":[{"href":"https:\/\/totalblue.ro\/de\/wp-json\/wp\/v2\/media?parent=28099"}],"wp:term":[{"taxonomy":"product_brand","embeddable":true,"href":"https:\/\/totalblue.ro\/de\/wp-json\/wp\/v2\/product_brand?post=28099"},{"taxonomy":"product_cat","embeddable":true,"href":"https:\/\/totalblue.ro\/de\/wp-json\/wp\/v2\/product_cat?post=28099"},{"taxonomy":"giftcard-category","embeddable":true,"href":"https:\/\/totalblue.ro\/de\/wp-json\/wp\/v2\/giftcard-category?post=28099"}],"curies":[{"name":"wp","href":"https:\/\/api.w.org\/{rel}","templated":true}]}}