{"id":28101,"date":"2021-03-29T16:27:05","date_gmt":"2021-03-29T13:27:05","guid":{"rendered":"https:\/\/totalblue.ro\/?post_type=product&#038;p=28101"},"modified":"2025-08-06T15:56:53","modified_gmt":"2025-08-06T12:56:53","slug":"ravioli-de-legume-in-sos-de-rosii-legume-maggi-800-g","status":"publish","type":"product","link":"https:\/\/totalblue.ro\/de\/produs\/ravioli-de-legume-in-sos-de-rosii-legume-maggi-800-g\/","title":{"rendered":"Ravioli de legume in sos de rosii-legume Maggi 800 g"},"content":{"rendered":"<p>Gem\u00fcse-Ravioli in Tomaten-Gem\u00fcsesauce, 33% Gem\u00fcse<br \/>\nRavioli de legume in sos de rosii-legume Maggi 800 g<\/p>\n<p><strong>Empfehlungen<\/strong>Den Inhalt in einen Kochtopf\/Pfanne geben. Bei mittlerer Hitze erhitzen. Sie k\u00f6nnen auch in der Mikrowelle erhitzen, 4 Minuten bei 600 W.<br \/>\n<strong>Inhaltsstoff: <\/strong>\u00a074,5% sos de ro\u0219ii-legume (ap\u0103, 30,6% pasta de ro\u0219ii , 4% morcovi , ceapa, 1,7% mazare , 1,2% porumb , 1,2% praz , dovleac, 0, 7% boia , 0,3% ro\u0219ii , zahar, sare iodata, otet de coniac, amidon modificat, ulei de floarea soarelui, mirodenii, otet de vin, guma de ingro\u0219are guar, arome, oregano), 25,5% ravioli ( grau durum, apa, pesmet (fain\u0103 de grau, drojdie, sare iodata ), faina de grau, ulei de floarea soarelui, proteine de grau, amidon de cartofi, faina de mazare, sare iodata, morcovi, ceapa, spanac, boia, condimente, arome). Poate con\u021bine telina, oua, lapte, mustar \u0219i soia.<br \/>\n<strong>Specialitate vegetarian\u0103<\/strong><br \/>\n<strong>Lagerungsbedingungen:<\/strong><br \/>\nTrocken und k\u00fchl lagern, vor direkter Sonneneinstrahlung sch\u00fctzen. Nach dem \u00d6ffnen f\u00fcr maximal 48 Stunden im K\u00fchlschrank aufbewahren.<br \/>\nN\u00e4hrwertangaben \/ 100 g:<br \/>\nEnergie 343 kj \/ 81 kcal<br \/>\nGrasime 1.3 g din care grasimi saturati 0.1 g<br \/>\nCarbohidrati 13.7 g din care zaharuri 3.2 g<br \/>\nBallaststoffe 1,3 g<br \/>\nProteine \u200b\u200b2.9 g<br \/>\nSare 0.90 g<\/p>\n<p>Zertifizierung: Gr\u00fcner Punkt - ARA (Verpackungsetikett)<br \/>\nHergestellt in Deutschland von Maggi GmbH , 78221 Singen, Hohentwiel.<br \/>\nEinf\u00fchrer und H\u00e4ndler Total Blue Impex SRL<br \/>\n*Produktrezepturen sind freibleibend. Die hier gemachten Angaben beziehen sich auf das aktuell g\u00fcltige deutsche Sortiment und werden regelm\u00e4\u00dfig aktualisiert. Bei Rezeptur\u00e4nderungen sind Produkte mit der alten und der neuen Rezeptur in den Gesch\u00e4ften zu finden. Der K\u00e4ufer sollte daher immer alle Informationen auf der Verpackung sorgf\u00e4ltig lesen. Dies gilt insbesondere f\u00fcr die Liste der Zutaten, um Unvertr\u00e4glichkeiten zu ber\u00fccksichtigen.<\/p>","protected":false},"excerpt":{"rendered":"<p>Ravioli de legume in sos de rosii-legume Maggi 800 g<\/p>","protected":false},"featured_media":28102,"comment_status":"open","ping_status":"closed","template":"","meta":{"_acf_changed":false,"_seopress_robots_primary_cat":"1950","_seopress_titles_title":"","_seopress_titles_desc":"Comanda acum online Ravioli de legume in sos de rosii-legume Maggi 800 g cu livrare rapida pana la usa ta","_seopress_robots_index":""},"product_brand":[1869],"product_cat":[1555,1683,3272,3372,1950,1767],"giftcard-category":[],"class_list":{"0":"post-28101","1":"product","2":"type-product","3":"status-publish","4":"has-post-thumbnail","6":"product_brand-maggi","7":"product_cat-bacanie","8":"product_cat-conserve-mancare-gatita","9":"product_cat-conserve","10":"product_cat-conserve-produse-germania","11":"product_cat-produse-germania","12":"product_cat-produse-olanda","14":"first","15":"outofstock","16":"taxable","17":"shipping-taxable","18":"purchasable","19":"product-type-simple"},"acf":[],"_links":{"self":[{"href":"https:\/\/totalblue.ro\/de\/wp-json\/wp\/v2\/product\/28101","targetHints":{"allow":["GET"]}}],"collection":[{"href":"https:\/\/totalblue.ro\/de\/wp-json\/wp\/v2\/product"}],"about":[{"href":"https:\/\/totalblue.ro\/de\/wp-json\/wp\/v2\/types\/product"}],"replies":[{"embeddable":true,"href":"https:\/\/totalblue.ro\/de\/wp-json\/wp\/v2\/comments?post=28101"}],"wp:featuredmedia":[{"embeddable":true,"href":"https:\/\/totalblue.ro\/de\/wp-json\/wp\/v2\/media\/28102"}],"wp:attachment":[{"href":"https:\/\/totalblue.ro\/de\/wp-json\/wp\/v2\/media?parent=28101"}],"wp:term":[{"taxonomy":"product_brand","embeddable":true,"href":"https:\/\/totalblue.ro\/de\/wp-json\/wp\/v2\/product_brand?post=28101"},{"taxonomy":"product_cat","embeddable":true,"href":"https:\/\/totalblue.ro\/de\/wp-json\/wp\/v2\/product_cat?post=28101"},{"taxonomy":"giftcard-category","embeddable":true,"href":"https:\/\/totalblue.ro\/de\/wp-json\/wp\/v2\/giftcard-category?post=28101"}],"curies":[{"name":"wp","href":"https:\/\/api.w.org\/{rel}","templated":true}]}}