{"id":28106,"date":"2021-03-29T16:39:13","date_gmt":"2021-03-29T13:39:13","guid":{"rendered":"https:\/\/totalblue.ro\/?post_type=product&#038;p=28106"},"modified":"2025-08-06T15:56:50","modified_gmt":"2025-08-06T12:56:50","slug":"ravioli-in-tomatensauce-mit-fleischfullung-maggi-800-g","status":"publish","type":"product","link":"https:\/\/totalblue.ro\/de\/produs\/ravioli-in-sos-de-rosii-cu-umplutura-de-carne-maggi-800-g\/","title":{"rendered":"Ravioli in Tomatensauce mit Maggi-Fleischf\u00fcllung 800 g"},"content":{"rendered":"<p>Ravioli in Tomatensauce mit Fleischf\u00fcllung Maggi 800 g<\/p>\n<p><strong>Empfehlungen<\/strong>Den Inhalt in einen Kochtopf\/Pfanne geben. Bei mittlerer Hitze erhitzen. Sie k\u00f6nnen auch in der Mikrowelle erhitzen, 4 Minuten bei 600 W.<br \/>\n<strong>Inhaltsstoff:<\/strong> 71,5% Tomatensauce (Wasser, 37% Tomatenmark), modifizierte St\u00e4rke, jodiertes Salz, Zucker, Sonnenblumen\u00f6l, ger\u00e4ucherter Speck (Speck, Rauch), Gew\u00fcrze, Weinessig, Hefeextrakt, Sellerie, Kr\u00e4uter, Aromen), 28,5% Ravioli (Hartweizen, Wasser, Paniermehl (Weizenmehl, Hefe, Jodsalz), Schweinefleisch, Weizeneiwei\u00df, Sonnenblumen\u00f6l, 1,6% Weizenmehl, Schmalz, Weizengrau, Gew\u00fcrze, Jodsalz, Hefeextrakt, Palmfett, Eiwei\u00df, Zucker, Milch, Aroma (Gerste), Zucker).<br \/>\n<strong>Allergene:<\/strong>Kann Soja, Milch und Senf enthalten.<strong><br \/>\nLagerungsbedingungen:<\/strong>Trocken und k\u00fchl lagern, vor direkter Sonneneinstrahlung sch\u00fctzen. Nach dem \u00d6ffnen f\u00fcr maximal 48 Stunden im K\u00fchlschrank aufbewahren.<br \/>\n<strong>N\u00e4hrwertangaben \/ 100g:<\/strong><br \/>\nEnergie 370 kJ \/ 88 kcal<br \/>\nFett 2,1 g, davon Fett 0,7 g<br \/>\nKohlenhydrate 13,5 g, davon Zucker 2 g<br \/>\nBallaststoffe 1 g<br \/>\nEiwei\u00df 3,2 g<br \/>\nSalz 0,89 g<\/p>\n<p>Zertifizierung: Gr\u00fcner Punkt - ARA (Verpackungsetikett)<br \/>\nHergestellt in Deutschland von Maggi GmbH , 78221 Singen, Hohentwiel.<br \/>\nEinf\u00fchrer und H\u00e4ndler Total Blue Impex SRL<br \/>\n*Produktrezepturen sind freibleibend. Die hier gemachten Angaben beziehen sich auf das aktuell g\u00fcltige deutsche Sortiment und werden regelm\u00e4\u00dfig aktualisiert. Bei Rezeptur\u00e4nderungen sind Produkte mit der alten und der neuen Rezeptur in den Gesch\u00e4ften zu finden. Der K\u00e4ufer sollte daher immer alle Informationen auf der Verpackung sorgf\u00e4ltig lesen. Dies gilt insbesondere f\u00fcr die Liste der Zutaten, um Unvertr\u00e4glichkeiten zu ber\u00fccksichtigen.<\/p>","protected":false},"excerpt":{"rendered":"<p>Ravioli in Tomatensauce mit Fleischf\u00fcllung Maggi 800 g<\/p>","protected":false},"featured_media":28107,"comment_status":"open","ping_status":"closed","template":"","meta":{"_acf_changed":false,"_seopress_robots_primary_cat":"1950","_seopress_titles_title":"","_seopress_titles_desc":"Comanda acum la pret promotional cu livrare rapida pana la usa ta Ravioli in sos de rosii cu umplutur\u0103 de carne Maggi 800 g","_seopress_robots_index":""},"product_brand":[1869],"product_cat":[1555,1683,3272,3372,1950,1767],"giftcard-category":[],"class_list":{"0":"post-28106","1":"product","2":"type-product","3":"status-publish","4":"has-post-thumbnail","6":"product_brand-maggi","7":"product_cat-bacanie","8":"product_cat-conserve-mancare-gatita","9":"product_cat-conserve","10":"product_cat-conserve-produse-germania","11":"product_cat-produse-germania","12":"product_cat-produse-olanda","14":"first","15":"outofstock","16":"taxable","17":"shipping-taxable","18":"purchasable","19":"product-type-simple"},"acf":[],"_links":{"self":[{"href":"https:\/\/totalblue.ro\/de\/wp-json\/wp\/v2\/product\/28106","targetHints":{"allow":["GET"]}}],"collection":[{"href":"https:\/\/totalblue.ro\/de\/wp-json\/wp\/v2\/product"}],"about":[{"href":"https:\/\/totalblue.ro\/de\/wp-json\/wp\/v2\/types\/product"}],"replies":[{"embeddable":true,"href":"https:\/\/totalblue.ro\/de\/wp-json\/wp\/v2\/comments?post=28106"}],"wp:featuredmedia":[{"embeddable":true,"href":"https:\/\/totalblue.ro\/de\/wp-json\/wp\/v2\/media\/28107"}],"wp:attachment":[{"href":"https:\/\/totalblue.ro\/de\/wp-json\/wp\/v2\/media?parent=28106"}],"wp:term":[{"taxonomy":"product_brand","embeddable":true,"href":"https:\/\/totalblue.ro\/de\/wp-json\/wp\/v2\/product_brand?post=28106"},{"taxonomy":"product_cat","embeddable":true,"href":"https:\/\/totalblue.ro\/de\/wp-json\/wp\/v2\/product_cat?post=28106"},{"taxonomy":"giftcard-category","embeddable":true,"href":"https:\/\/totalblue.ro\/de\/wp-json\/wp\/v2\/giftcard-category?post=28106"}],"curies":[{"name":"wp","href":"https:\/\/api.w.org\/{rel}","templated":true}]}}