{"id":28108,"date":"2021-03-29T16:53:00","date_gmt":"2021-03-29T13:53:00","guid":{"rendered":"https:\/\/totalblue.ro\/?post_type=product&#038;p=28108"},"modified":"2023-02-15T11:50:57","modified_gmt":"2023-02-15T09:50:57","slug":"ritter-sport-milchschokolade-250-gramm","status":"publish","type":"product","link":"https:\/\/totalblue.ro\/de\/produs\/ritter-sport-ciocolata-cu-lapte-250-grame\/","title":{"rendered":"Ritter Sport Vollmilchschokolade 250 Gramm"},"content":{"rendered":"<p>Ritter Sport bietet Ihnen die beste Milchschokolade in der praktischen, quadratischen Form, die auf der ganzen Welt bekannt und beliebt ist.<br \/>\nSeit 1912, bereits in der dritten Generation, b\u00fcrgt die Familie Ritter mit ihrem Namen f\u00fcr den au\u00dfergew\u00f6hnlichen Geschmack und die Qualit\u00e4t ihrer Schokolade.<br \/>\n\"Wir tun unser Bestes, um sie herzustellen. Wir haben 11 verschiedene Schokoladensorten erfunden und verwenden die perfekte Kombination von Zutaten. Wir garantieren einen unverwechselbaren Geschmack in jeder Schokolade, ohne k\u00fcnstliche Aromen zu verwenden. Wir verpacken die Schokolade in einer praktischen, leicht zu \u00f6ffnenden Verpackung, die auch den Geschmack bewahrt, so dass sie immer gut schmeckt, egal, wann man sie essen m\u00f6chte.\"<br \/>\nAll das und die praktische, quadratische Form machen Ritter Sport zu einer einzigartigen Schokolade.<br \/>\nEnth\u00e4lt 30%-Kakao.<br \/>\n<strong>Inhaltsstoff:<\/strong> Zucker, Vollmilchpulver (20%), Kakaobutter, Kakaomasse, Haselnussmasse, Emulgator: Lecithine (Soja), Bourbon Vanilleextrakt. Kann Spuren von Erdn\u00fcssen, anderen N\u00fcssen, Gluten und Ei enthalten.<br \/>\n<strong>Allergene:<\/strong> Kann Spuren von Erdn\u00fcssen, Baumn\u00fcssen, glutenhaltigem Getreide, anderen Milcherzeugnissen und Eiern enthalten.<br \/>\n<strong>Einzelheiten zur Lagerung:<\/strong> An einem k\u00fchlen, trockenen Ort aufbewahren!<\/p>\n<table class=\"table table-condensed bifi_table\" style=\"height: 227px\" width=\"276\">\n<thead>\n<tr>\n<th scope=\"col\">N\u00e4hrwertangaben<\/th>\n<th scope=\"col\">pro 100g<\/th>\n<th scope=\"col\"><\/th>\n<th scope=\"col\"><\/th>\n<\/tr>\n<\/thead>\n<tbody>\n<tr>\n<td>Energie<\/td>\n<td>2282 kJ \/ 547 kcal<\/td>\n<td><\/td>\n<td><\/td>\n<\/tr>\n<tr>\n<td>Schmierfett<\/td>\n<td>32 g<\/td>\n<td><\/td>\n<td><\/td>\n<\/tr>\n<tr>\n<td>davon ges\u00e4ttigt<\/td>\n<td>20 g<\/td>\n<td><\/td>\n<td><\/td>\n<\/tr>\n<tr>\n<td>Kohlenhydrate<\/td>\n<td>54 g<\/td>\n<td><\/td>\n<td><\/td>\n<\/tr>\n<tr>\n<td>davon Zucker<\/td>\n<td>53 g<\/td>\n<td><\/td>\n<td><\/td>\n<\/tr>\n<tr>\n<td>Eiwei\u00df<\/td>\n<td>8.2 g<\/td>\n<td><\/td>\n<td><\/td>\n<\/tr>\n<tr>\n<td>Sare<\/td>\n<td>0.18 g<\/td>\n<td><\/td>\n<\/tr>\n<\/tbody>\n<\/table>\n<p>Hergestellt von Ritter Alfred GmbH &amp; Co. KG Schokoladenfabrik, Alfred-Ritter-Stra\u00dfe 25, 71111 Waldenbuch (D)<br \/>\nEinf\u00fchrer und H\u00e4ndler Total Blue Impex SRL<\/p>\n<p>&nbsp;<\/p>","protected":false},"excerpt":{"rendered":"<p>Ritter Sport bietet Ihnen die beste Milchschokolade in der praktischen, quadratischen Form, die auf der ganzen Welt bekannt und beliebt ist.<\/p>","protected":false},"featured_media":28110,"comment_status":"open","ping_status":"closed","template":"","meta":{"_acf_changed":false,"_seopress_robots_primary_cat":"1950","_seopress_titles_title":"","_seopress_titles_desc":"Ritter Sport va ofera cea mai buna ciocolata cu lapte, sub aceeasi forma practica, patrata, cunoscuta si iubita in intreaga lume.","_seopress_robots_index":""},"product_brand":[1960],"product_cat":[1555,3338,3436,7021,1950,1767],"giftcard-category":[],"class_list":{"0":"post-28108","1":"product","2":"type-product","3":"status-publish","4":"has-post-thumbnail","6":"product_brand-ritter-sport","7":"product_cat-bacanie","8":"product_cat-dulciuri-snacksuri","9":"product_cat-dulciuri-snacks-produse-germania","10":"product_cat-dulciuri-snacks","11":"product_cat-produse-germania","12":"product_cat-produse-olanda","14":"first","15":"outofstock","16":"taxable","17":"shipping-taxable","18":"purchasable","19":"product-type-simple"},"acf":[],"_links":{"self":[{"href":"https:\/\/totalblue.ro\/de\/wp-json\/wp\/v2\/product\/28108","targetHints":{"allow":["GET"]}}],"collection":[{"href":"https:\/\/totalblue.ro\/de\/wp-json\/wp\/v2\/product"}],"about":[{"href":"https:\/\/totalblue.ro\/de\/wp-json\/wp\/v2\/types\/product"}],"replies":[{"embeddable":true,"href":"https:\/\/totalblue.ro\/de\/wp-json\/wp\/v2\/comments?post=28108"}],"wp:featuredmedia":[{"embeddable":true,"href":"https:\/\/totalblue.ro\/de\/wp-json\/wp\/v2\/media\/28110"}],"wp:attachment":[{"href":"https:\/\/totalblue.ro\/de\/wp-json\/wp\/v2\/media?parent=28108"}],"wp:term":[{"taxonomy":"product_brand","embeddable":true,"href":"https:\/\/totalblue.ro\/de\/wp-json\/wp\/v2\/product_brand?post=28108"},{"taxonomy":"product_cat","embeddable":true,"href":"https:\/\/totalblue.ro\/de\/wp-json\/wp\/v2\/product_cat?post=28108"},{"taxonomy":"giftcard-category","embeddable":true,"href":"https:\/\/totalblue.ro\/de\/wp-json\/wp\/v2\/giftcard-category?post=28108"}],"curies":[{"name":"wp","href":"https:\/\/api.w.org\/{rel}","templated":true}]}}