{"id":28140,"date":"2021-03-30T14:09:51","date_gmt":"2021-03-30T11:09:51","guid":{"rendered":"https:\/\/totalblue.ro\/?post_type=product&#038;p=28140"},"modified":"2025-03-07T10:47:40","modified_gmt":"2025-03-07T08:47:40","slug":"scharfe-chili-sriracha-chili-sauce-235-ml","status":"publish","type":"product","link":"https:\/\/totalblue.ro\/de\/produs\/hot-chili-sriracha-sos-iute-235-ml\/","title":{"rendered":"Hot Chili Sriracha Scharfe Sauce 235 ml"},"content":{"rendered":"<p>Hot Chili Sriracha Scharfe Sauce 235 ml<strong><br \/>\nIngredienzien:<\/strong> Tomatenp\u00fcree, rote und gr\u00fcne Paprikaschoten (13%), Zucker, Branntweinessig, Wasser, modifizierte St\u00e4rke, Knoblauch (2,8%), Chili, Salz, rote und gr\u00fcne Jalapeno-Chilis (1,6%), Ancho-Chilis (0,2%), Knoblauchextrakt<br \/>\nOhne Konservierungsstoffe, ohne Gluten, ohne Laktose, ohne Geschmacksverst\u00e4rker, ohne Farbstoffe.<br \/>\n<strong>Vegetarisches Produkt<\/strong><br \/>\n<strong>Vegane Produkte<br \/>\nAllergene : <\/strong>enth\u00e4lt nicht<br \/>\n<strong>Gebrauchsanweisung:<\/strong> Sch\u00fctteln Sie die Flasche vor dem Verzehr<br \/>\n<strong>N\u00e4hrwertangaben \/ 100 ml:<br \/>\n<\/strong>Energie: 398 kJ \/ 94 kcal<br \/>\nFett: 0,3 g, davon ges\u00e4ttigtes Fett &lt; 0,1 g<br \/>\nKohlenhydrate: 20 g, davon Zucker 15 g<br \/>\nBallaststoffe: 1,5 g<br \/>\nEiwei\u00df: 1,3 g<br \/>\nSalz: 2,1 g<\/p>\n<p>Aufmachung: Flasche mit Verschluss 235 ml<br \/>\nHergestellt in Deutschland von Carl Kuhne , D-22761 Hamburg<br \/>\nEinf\u00fchrer und H\u00e4ndler Total Blue Impex SRL<\/p>","protected":false},"excerpt":{"rendered":"<p>Hot Chili Sriracha Scharfe Sauce 235 ml<\/p>","protected":false},"featured_media":28141,"comment_status":"open","ping_status":"closed","template":"","meta":{"_acf_changed":false,"_seopress_robots_primary_cat":"none","_seopress_titles_title":"","_seopress_titles_desc":"Cauti Hot Chili Sriracha Sos Iute 235 ml? Comanda acum sosul picant de la Kuhne cu livrare rapida pana la usa ta","_seopress_robots_index":""},"product_brand":[2002],"product_cat":[1555,3280,3380,1950,1767],"giftcard-category":[],"class_list":{"0":"post-28140","1":"product","2":"type-product","3":"status-publish","4":"has-post-thumbnail","6":"product_brand-kuhne","7":"product_cat-bacanie","8":"product_cat-condimente-sosuri","9":"product_cat-condimente-sosuri-produse-germania","10":"product_cat-produse-germania","11":"product_cat-produse-olanda","13":"first","14":"outofstock","15":"taxable","16":"shipping-taxable","17":"purchasable","18":"product-type-simple"},"acf":[],"_links":{"self":[{"href":"https:\/\/totalblue.ro\/de\/wp-json\/wp\/v2\/product\/28140","targetHints":{"allow":["GET"]}}],"collection":[{"href":"https:\/\/totalblue.ro\/de\/wp-json\/wp\/v2\/product"}],"about":[{"href":"https:\/\/totalblue.ro\/de\/wp-json\/wp\/v2\/types\/product"}],"replies":[{"embeddable":true,"href":"https:\/\/totalblue.ro\/de\/wp-json\/wp\/v2\/comments?post=28140"}],"wp:featuredmedia":[{"embeddable":true,"href":"https:\/\/totalblue.ro\/de\/wp-json\/wp\/v2\/media\/28141"}],"wp:attachment":[{"href":"https:\/\/totalblue.ro\/de\/wp-json\/wp\/v2\/media?parent=28140"}],"wp:term":[{"taxonomy":"product_brand","embeddable":true,"href":"https:\/\/totalblue.ro\/de\/wp-json\/wp\/v2\/product_brand?post=28140"},{"taxonomy":"product_cat","embeddable":true,"href":"https:\/\/totalblue.ro\/de\/wp-json\/wp\/v2\/product_cat?post=28140"},{"taxonomy":"giftcard-category","embeddable":true,"href":"https:\/\/totalblue.ro\/de\/wp-json\/wp\/v2\/giftcard-category?post=28140"}],"curies":[{"name":"wp","href":"https:\/\/api.w.org\/{rel}","templated":true}]}}