{"id":28172,"date":"2021-03-30T16:17:28","date_gmt":"2021-03-30T13:17:28","guid":{"rendered":"https:\/\/totalblue.ro\/?post_type=product&#038;p=28172"},"modified":"2026-03-15T22:24:08","modified_gmt":"2026-03-15T20:24:08","slug":"ketchup-curry-original-hela-800-ml","status":"publish","type":"product","link":"https:\/\/totalblue.ro\/de\/produs\/ketchup-curry-original-hela-800-ml\/","title":{"rendered":"Ketchup Curry Original Hela Original 800 ml, Niederlande"},"content":{"rendered":"<p><strong>Kruiden Ketchup Curry Original 800 ml ( 930 g )<br \/>\nKetchup Curry Original Hela 800 ml<br \/>\nEmpfehlungen:<\/strong> Ideal f\u00fcr Chips, Pommes frites und Snacks, hei\u00dfe Sandwiches oder normale Sandwiches<strong>.<br \/>\n<\/strong>Er kann als So\u00dfe f\u00fcr verschiedene Fleischsorten und Gerichte verwendet werden.<strong><br \/>\nIngredienzien:<\/strong> Tomatensaft, Zucker, Dextrose, Salz, Curry (Senfmehl, Pfeffer, Paprika, Chili, Nelken, Gew\u00fcrze), Essig, modifizierte Maisst\u00e4rke, Lebensmittels\u00e4ure (Zitronens\u00e4ure), Verdickungsmittel (Guarkernmehl, Akaziengummi), Kr\u00e4uter (u.a. Sellerie), S\u00e4ureregulator (Natriumlaktat), Geschmacksverst\u00e4rker (Mononatriumglutamat).<br \/>\n<strong>Vegane Produkte<br \/>\n<\/strong>Glutenfrei<br \/>\nEnth\u00e4lt keine Laktose<br \/>\n<strong>Allergene:<\/strong> Sellerie, Senf, Glutamat, Mais<br \/>\n<strong>Lagerungsbedingungen:<\/strong> Nach dem \u00d6ffnen im K\u00fchlschrank aufbewahren (&lt;7\u00b0C).<br \/>\n<strong>N\u00e4hrwertangaben \/ 100g:<br \/>\n<\/strong>Energie 573 kJ (135 kcal)<br \/>\nFett 0,3 g, davon ges\u00e4ttigtes Fett 0 g<br \/>\nKohlenhydrate 31,5 g, davon Zucker 29 g<br \/>\nEiwei\u00df 0,8 g<br \/>\nSalz 2 g<\/p>\n<p>Hergestellt in den Niederlanden von Hela Thissen B.V. Postbus 722, 5900 AS Venlo (NL)<br \/>\nEinf\u00fchrer und H\u00e4ndler Total Blue Impex SRL<\/p>\n<p>&nbsp;<\/p>\n<p><strong>\u00a0<\/strong><\/p>","protected":false},"excerpt":{"rendered":"<p>Kruiden Ketchup Curry Original 800 ml ( 930 g )<br \/>\nKetchup Curry Original Hela 800 ml<\/p>","protected":false},"featured_media":28173,"comment_status":"open","ping_status":"closed","template":"","meta":{"_acf_changed":false,"_seopress_robots_primary_cat":"none","_seopress_titles_title":"","_seopress_titles_desc":"Comanda online Kruiden Ketchup Curry Original. Magazin online cu produse ieftine Olanda : Kruiden Ketchup Curry Original 800 ml, Ketchup Curry","_seopress_robots_index":""},"product_brand":[2003],"product_cat":[1555,3280,3380,1950,1767],"giftcard-category":[],"class_list":{"0":"post-28172","1":"product","2":"type-product","3":"status-publish","4":"has-post-thumbnail","6":"product_brand-hela","7":"product_cat-bacanie","8":"product_cat-condimente-sosuri","9":"product_cat-condimente-sosuri-produse-germania","10":"product_cat-produse-germania","11":"product_cat-produse-olanda","13":"first","14":"outofstock","15":"taxable","16":"shipping-taxable","17":"purchasable","18":"product-type-simple"},"acf":[],"_links":{"self":[{"href":"https:\/\/totalblue.ro\/de\/wp-json\/wp\/v2\/product\/28172","targetHints":{"allow":["GET"]}}],"collection":[{"href":"https:\/\/totalblue.ro\/de\/wp-json\/wp\/v2\/product"}],"about":[{"href":"https:\/\/totalblue.ro\/de\/wp-json\/wp\/v2\/types\/product"}],"replies":[{"embeddable":true,"href":"https:\/\/totalblue.ro\/de\/wp-json\/wp\/v2\/comments?post=28172"}],"wp:featuredmedia":[{"embeddable":true,"href":"https:\/\/totalblue.ro\/de\/wp-json\/wp\/v2\/media\/28173"}],"wp:attachment":[{"href":"https:\/\/totalblue.ro\/de\/wp-json\/wp\/v2\/media?parent=28172"}],"wp:term":[{"taxonomy":"product_brand","embeddable":true,"href":"https:\/\/totalblue.ro\/de\/wp-json\/wp\/v2\/product_brand?post=28172"},{"taxonomy":"product_cat","embeddable":true,"href":"https:\/\/totalblue.ro\/de\/wp-json\/wp\/v2\/product_cat?post=28172"},{"taxonomy":"giftcard-category","embeddable":true,"href":"https:\/\/totalblue.ro\/de\/wp-json\/wp\/v2\/giftcard-category?post=28172"}],"curies":[{"name":"wp","href":"https:\/\/api.w.org\/{rel}","templated":true}]}}