{"id":28192,"date":"2021-03-31T12:55:47","date_gmt":"2021-03-31T09:55:47","guid":{"rendered":"https:\/\/totalblue.ro\/?post_type=product&#038;p=28192"},"modified":"2026-03-10T11:23:10","modified_gmt":"2026-03-10T09:23:10","slug":"sos-wijko-sate-gata-preparat-500-g","status":"publish","type":"product","link":"https:\/\/totalblue.ro\/de\/produs\/sos-wijko-sate-gata-preparat-500-g\/","title":{"rendered":"Fertigsauce Wijko Sat\u00e9 520 g"},"content":{"rendered":"<p>Wijko Sat\u00e9 saus kant en klaar 520 g<br \/>\nFertigsauce Wijko Sat\u00e9 520 g<br \/>\n<strong>Inhaltsstoff:<\/strong> apa, arahide 26%, zahar, sos de soia (apa, boabe de soia, sare, grau, conservant (sorbat de potasiu), o\u021bet, praf de zer (lapte), arome (con\u021bin soia), ulei de rapita, amidon modificat, condimente , sambal (ardei ro\u0219ii), sare, apa, acid alimentar (acid acetic), conservant (acid benzoic), sare, ghimbir, ceap\u0103, conservant (sorbat de potasiu), acid alimentar (acid lactic), regulator de aciditate (lactat de sodiu) , emulgator (LECITINA DE SOIA), culoare (E150d), concentrat de boia, antioxidant (E385), agen\u021bi de \u00eengro\u0219are (gum\u0103 guar, gum\u0103 xantan)<br \/>\n<strong>Allergene:<\/strong> Milch, Erdn\u00fcsse, glutenhaltiges Getreide, Soja, Weizen<br \/>\n<strong>Empfehlung f\u00fcr die Zubereitung:<\/strong> In cuptorul cu microunde: scoateti capacul \u0219i efectuati cateva gauri \u00een folie. Inc\u0103lziti sosul pentru aproximativ 3 minute la maxim 650 Watt. Scoateti cu grij\u0103 folia \u0219i amesteca\u021bi usor sosul.<br \/>\nTigaie: puneti sosul in tigaie \u0219i incalziti amestecand la foc mic (nu lasati s\u0103 fiarba).<br \/>\n<strong>Lagerungsbedingungen:<\/strong> A se pastra \u00eentr-un loc \u00eentunecat la temperatura camerei. A se pastra la frigider dupa deschidere.<br \/>\n<strong>N\u00e4hrwertangaben\/100g:<\/strong><br \/>\nEnergie 970 kJ \/ 236 kcal<br \/>\nGrasime 14 g din care saturate 1,8 g<br \/>\nCarbohidra\u021bi 18 g din care zaharuri 15 g<br \/>\nProteine \u200b\u200b7,8 g<br \/>\nSalz 1,2 g<br \/>\nFabricat in Olanda de Wijko , Antwoordnummer 98057 1000 VA Amsterdam<br \/>\nEinf\u00fchrer und H\u00e4ndler Total Blue Impex SRL<\/p>\n<p>&nbsp;<\/p>","protected":false},"excerpt":{"rendered":"<p>Wijko Sat\u00e9 saus kant en klaar 520 g Sos Wijko Sat\u00e9 gata preparat 520 g Ingrediente: apa, arahide 26%, zahar, sos de soia (apa, boabe de soia, sare, grau, conservant (sorbat de potasiu), o\u021bet, praf de zer (lapte), arome (con\u021bin soia), ulei de rapita, amidon modificat, condimente , sambal (ardei ro\u0219ii), sare, apa, acid alimentar [&#8230;]\n","protected":false},"featured_media":28193,"comment_status":"open","ping_status":"closed","template":"","meta":{"_acf_changed":false,"_seopress_robots_primary_cat":"1767","_seopress_titles_title":"Sos de arahide gata preparat, sos alune Wijko gata preparat","_seopress_titles_desc":"Cauti sos de arahide gata preparat ? Cumpara acum online Sos de arahide gata preparat, sos alune Wijko gata preparat, sos arahide gratare, bbq","_seopress_robots_index":""},"product_brand":[],"product_cat":[1555,3280,1683,1767],"giftcard-category":[],"class_list":{"0":"post-28192","1":"product","2":"type-product","3":"status-publish","4":"has-post-thumbnail","6":"product_cat-bacanie","7":"product_cat-condimente-sosuri","8":"product_cat-conserve-mancare-gatita","9":"product_cat-produse-olanda","11":"first","12":"instock","13":"taxable","14":"shipping-taxable","15":"purchasable","16":"product-type-simple"},"acf":[],"_links":{"self":[{"href":"https:\/\/totalblue.ro\/de\/wp-json\/wp\/v2\/product\/28192","targetHints":{"allow":["GET"]}}],"collection":[{"href":"https:\/\/totalblue.ro\/de\/wp-json\/wp\/v2\/product"}],"about":[{"href":"https:\/\/totalblue.ro\/de\/wp-json\/wp\/v2\/types\/product"}],"replies":[{"embeddable":true,"href":"https:\/\/totalblue.ro\/de\/wp-json\/wp\/v2\/comments?post=28192"}],"wp:featuredmedia":[{"embeddable":true,"href":"https:\/\/totalblue.ro\/de\/wp-json\/wp\/v2\/media\/28193"}],"wp:attachment":[{"href":"https:\/\/totalblue.ro\/de\/wp-json\/wp\/v2\/media?parent=28192"}],"wp:term":[{"taxonomy":"product_brand","embeddable":true,"href":"https:\/\/totalblue.ro\/de\/wp-json\/wp\/v2\/product_brand?post=28192"},{"taxonomy":"product_cat","embeddable":true,"href":"https:\/\/totalblue.ro\/de\/wp-json\/wp\/v2\/product_cat?post=28192"},{"taxonomy":"giftcard-category","embeddable":true,"href":"https:\/\/totalblue.ro\/de\/wp-json\/wp\/v2\/giftcard-category?post=28192"}],"curies":[{"name":"wp","href":"https:\/\/api.w.org\/{rel}","templated":true}]}}