{"id":28198,"date":"2021-03-31T13:19:03","date_gmt":"2021-03-31T10:19:03","guid":{"rendered":"https:\/\/totalblue.ro\/?post_type=product&#038;p=28198"},"modified":"2026-02-28T17:54:12","modified_gmt":"2026-02-28T15:54:12","slug":"verstegen-leicht-wurzige-dorfsauce-500g","status":"publish","type":"product","link":"https:\/\/totalblue.ro\/de\/produs\/sos-sate-verstegen-usor-picant-500g\/","title":{"rendered":"Verstegen Erdnuss-Sauce fertig 500g"},"content":{"rendered":"<p>Verstegen Beker sat\u00e9saus kant &amp; klaar 500 g<br \/>\nFertige Verstegen Sate Sauce 500g<\/p>\n<p><strong>Inhaltsstoff:<\/strong> Wasser, 26% gemahlene Erdn\u00fcsse, <span class=\"Y2IQFc\" lang=\"ro\">Zucker, Sojasauce (Wasser, Sojabohnen, Weizen, Salz), Essig, modifizierte Maisst\u00e4rke, modifizierte Kartoffelst\u00e4rke, Salz, Farbstoff: Karamell-Ammoniak, Ingwer 0,2%, Gem\u00fcse (0,1% Knoblauch, Zwiebel), Antioxidationsmittel: Natriumascorbat, S\u00e4ureregulator: Glucono-deltalacton, Konservierungsstoffe: Natriumbenzoat und Kaliumsorbat.<\/span><\/p>\n<p><strong>Allergene:<\/strong> Milch, Erdn\u00fcsse, glutenhaltiges Getreide, Soja, Weizen<\/p>\n<p id=\"tw-target-text\" class=\"tw-data-text tw-text-large tw-ta\" dir=\"ltr\" data-placeholder=\"Traducere\"><span class=\"Y2IQFc\" lang=\"ro\">Beschreibung Sauce Sate fertig gemacht mit 42% weniger Zucker und 33% weniger Salz im Vergleich zu dem alten Rezept.<\/span><\/p>\n<p dir=\"ltr\" data-placeholder=\"Traducere\">Die fertige Sate Verstegen Sauce ist k\u00f6stlich, cremig und fertig zum Verzehr! Sate Verstegen Sauce ist k\u00f6stlich mit Pommes, Reis oder Wok-Gerichte.<\/p>\n<p><strong>Empfehlung f\u00fcr die Zubereitung:<\/strong> Die Sauce kann in der Mikrowelle erhitzt werden; die Verpackung ist mikrowellengeeignet. Hinweis: Nehmen Sie zuerst den Deckel ab und stechen Sie vor dem Erhitzen ein paar L\u00f6cher in die Folie. Die Folie l\u00e4sst sich leicht entfernen, indem man mit einem scharfen Messer am Rand entlang schneidet. Je nach Art und Leistung Ihres Mikrowellenofens empfehlen wir 2 Minuten bei 750 W. Das Erhitzen in der Pfanne ist ebenfalls ausreichend.<\/p>\n<p><strong>Lagerungsbedingungen:<\/strong> Kann unge\u00f6ffnet au\u00dferhalb des K\u00fchlschranks aufbewahrt werden. An einem dunklen Ort bei Raumtemperatur aufbewahren. Nach dem \u00d6ffnen im K\u00fchlschrank aufbewahren.<\/p>\n<p><strong>N\u00e4hrwertangaben pro 100 g:<\/strong><br \/>\nEnergie 910 KJ \/ 218 kcal<br \/>\nFett 12,6 g, davon ges\u00e4ttigtes Fett 1,9 g<br \/>\nKohlenhydrate 17 g, davon Zucker 13,3 g<br \/>\nEiwei\u00df 7,7 g<br \/>\nSalz 0,9 g<\/p>\n<p>Hergestellt in den Niederlanden von Verstegen Consumenten Service, Antw.nr. 40157, 3040 VB Rotterdam<br \/>\nEinf\u00fchrer und H\u00e4ndler Total Blue Impex SRL<br \/>\n<a href=\"https:\/\/totalblue.ro\/wp-content\/uploads\/2021\/03\/vegan-tb.jpg\"><img loading=\"lazy\" decoding=\"async\" class=\"alignnone wp-image-43913\" src=\"https:\/\/totalblue.ro\/wp-content\/uploads\/2021\/03\/vegan-tb.jpg\" alt=\"\" width=\"100\" height=\"89\" srcset=\"https:\/\/totalblue.ro\/wp-content\/uploads\/2021\/03\/vegan-tb.jpg 394w, https:\/\/totalblue.ro\/wp-content\/uploads\/2021\/03\/vegan-tb-100x89.jpg 100w\" sizes=\"auto, (max-width: 100px) 100vw, 100px\" \/><\/a><\/p>\n<p>&nbsp;<\/p>","protected":false},"excerpt":{"rendered":"<p>Verstegen Sat\u00e9saus kant-en-klaar 500 g<br \/>\nVerstegen mild-w\u00fcrzige Sate Verstegen Sauce, 500g<\/p>","protected":false},"featured_media":43912,"comment_status":"open","ping_status":"closed","template":"","meta":{"_acf_changed":false,"_seopress_robots_primary_cat":"1767","_seopress_titles_title":"Sos sate picant Verstegen, sosuri sate olandeze Verstegen","_seopress_titles_desc":"Comanda acum online cu livrare rapida sosuri Verstegen Sat\u00e9saus, sos sate picant Verstegen, condimente Verstegen, sos de arahide, sos de alune.","_seopress_robots_index":""},"product_brand":[2008],"product_cat":[1555,3280,1683,1767],"giftcard-category":[],"class_list":{"0":"post-28198","1":"product","2":"type-product","3":"status-publish","4":"has-post-thumbnail","6":"product_brand-verstegen","7":"product_cat-bacanie","8":"product_cat-condimente-sosuri","9":"product_cat-conserve-mancare-gatita","10":"product_cat-produse-olanda","12":"first","13":"instock","14":"taxable","15":"shipping-taxable","16":"purchasable","17":"product-type-simple"},"acf":[],"_links":{"self":[{"href":"https:\/\/totalblue.ro\/de\/wp-json\/wp\/v2\/product\/28198","targetHints":{"allow":["GET"]}}],"collection":[{"href":"https:\/\/totalblue.ro\/de\/wp-json\/wp\/v2\/product"}],"about":[{"href":"https:\/\/totalblue.ro\/de\/wp-json\/wp\/v2\/types\/product"}],"replies":[{"embeddable":true,"href":"https:\/\/totalblue.ro\/de\/wp-json\/wp\/v2\/comments?post=28198"}],"wp:featuredmedia":[{"embeddable":true,"href":"https:\/\/totalblue.ro\/de\/wp-json\/wp\/v2\/media\/43912"}],"wp:attachment":[{"href":"https:\/\/totalblue.ro\/de\/wp-json\/wp\/v2\/media?parent=28198"}],"wp:term":[{"taxonomy":"product_brand","embeddable":true,"href":"https:\/\/totalblue.ro\/de\/wp-json\/wp\/v2\/product_brand?post=28198"},{"taxonomy":"product_cat","embeddable":true,"href":"https:\/\/totalblue.ro\/de\/wp-json\/wp\/v2\/product_cat?post=28198"},{"taxonomy":"giftcard-category","embeddable":true,"href":"https:\/\/totalblue.ro\/de\/wp-json\/wp\/v2\/giftcard-category?post=28198"}],"curies":[{"name":"wp","href":"https:\/\/api.w.org\/{rel}","templated":true}]}}