{"id":28214,"date":"2021-03-31T14:56:35","date_gmt":"2021-03-31T11:56:35","guid":{"rendered":"https:\/\/totalblue.ro\/?post_type=product&#038;p=28214"},"modified":"2026-04-09T18:03:01","modified_gmt":"2026-04-09T15:03:01","slug":"heinz-sandwich-cu-ceapa-verde-si-rosii-300-g","status":"publish","type":"product","link":"https:\/\/totalblue.ro\/de\/produs\/heinz-sandwich-cu-ceapa-verde-si-rosii-300-g\/","title":{"rendered":"Heinz Sandwich cu ceapa verde si rosii 300 g"},"content":{"rendered":"<p>Heinz Sandwich spread tomaat lente-ui 300 g<br \/>\nHeinz Sandwich cu ceapa verde si rosii 300 g<strong><br \/>\n<\/strong>Con\u021bine mai mult de 30% legume. Fara conservanti.<\/p>\n<p><strong>Ingredienzien:<\/strong> Legume 37% (varza alba 16%, conopida, ceapa, ceapa de primavara 3,7%, ardei rosu, murat 1,5%), pasta de rosii 30%, ulei de rapita, zahar, otet, sare, amidon modificat, galbenusuri de ou de la gaini crescute la sol, agenti de ingrosare (guma guar, guma xantan), acid limentar (acid lactic), extract de drojdie, arome (care con\u021bin mustar), condimente.<\/p>\n<p><strong>Allergene : <\/strong>Oua, mustar<br \/>\nNach dem \u00d6ffnen in den K\u00fchlschrank stellen.<\/p>\n<p><strong>Valori nutritive medii la 100 g<br \/>\n<\/strong>Energie 770 kj\/ 185 kcal<br \/>\nGrasime 12 g din care saturati 1 g<br \/>\nCarbohidrati 16 g din care zaharuri 15 g<br \/>\nBallaststoffe 0,8 g<br \/>\nEiwei\u00df 1,5 g<br \/>\nSare 1,9 g<\/p>\n<p>Pr\u00e4sentation: Glasgef\u00e4\u00df mit Deckel.<\/p>\n<p>Fabricat in Olanda H.J. Heinz B.V. Antwoordnummer 98057, 1000 VA Amsterdam<br \/>\nEinf\u00fchrer und H\u00e4ndler Total Blue Impex SRL<\/p>","protected":false},"excerpt":{"rendered":"<p>Heinz Sandwich spread tomaat lente-ui 300 g<br \/>\nHeinz Sandwich cu ceapa verde si rosii 300 g<\/p>","protected":false},"featured_media":28215,"comment_status":"open","ping_status":"closed","template":"","meta":{"_acf_changed":false,"_seopress_robots_primary_cat":"none","_seopress_titles_title":"Heinz Sandwich crema tartinabila cu ceapa verde si rosii","_seopress_titles_desc":"Cauti Heinz Sandwich crema tartinabila cu ceapa si rosii ? Il gasesti numai in magazinul nostru TotalBlue. Magazin cu produse olandeze, sosuri Heinz","_seopress_robots_index":""},"product_brand":[1851],"product_cat":[1555,3280,1767],"giftcard-category":[],"class_list":{"0":"post-28214","1":"product","2":"type-product","3":"status-publish","4":"has-post-thumbnail","6":"product_brand-heinz","7":"product_cat-bacanie","8":"product_cat-condimente-sosuri","9":"product_cat-produse-olanda","11":"first","12":"instock","13":"taxable","14":"shipping-taxable","15":"purchasable","16":"product-type-simple"},"acf":[],"_links":{"self":[{"href":"https:\/\/totalblue.ro\/de\/wp-json\/wp\/v2\/product\/28214","targetHints":{"allow":["GET"]}}],"collection":[{"href":"https:\/\/totalblue.ro\/de\/wp-json\/wp\/v2\/product"}],"about":[{"href":"https:\/\/totalblue.ro\/de\/wp-json\/wp\/v2\/types\/product"}],"replies":[{"embeddable":true,"href":"https:\/\/totalblue.ro\/de\/wp-json\/wp\/v2\/comments?post=28214"}],"wp:featuredmedia":[{"embeddable":true,"href":"https:\/\/totalblue.ro\/de\/wp-json\/wp\/v2\/media\/28215"}],"wp:attachment":[{"href":"https:\/\/totalblue.ro\/de\/wp-json\/wp\/v2\/media?parent=28214"}],"wp:term":[{"taxonomy":"product_brand","embeddable":true,"href":"https:\/\/totalblue.ro\/de\/wp-json\/wp\/v2\/product_brand?post=28214"},{"taxonomy":"product_cat","embeddable":true,"href":"https:\/\/totalblue.ro\/de\/wp-json\/wp\/v2\/product_cat?post=28214"},{"taxonomy":"giftcard-category","embeddable":true,"href":"https:\/\/totalblue.ro\/de\/wp-json\/wp\/v2\/giftcard-category?post=28214"}],"curies":[{"name":"wp","href":"https:\/\/api.w.org\/{rel}","templated":true}]}}