{"id":28222,"date":"2021-03-31T15:28:43","date_gmt":"2021-03-31T12:28:43","guid":{"rendered":"https:\/\/totalblue.ro\/?post_type=product&#038;p=28222"},"modified":"2026-04-01T09:21:45","modified_gmt":"2026-04-01T06:21:45","slug":"crenvursti-de-pui-unox-400-g","status":"publish","type":"product","link":"https:\/\/totalblue.ro\/de\/produs\/crenvursti-de-pui-unox-400-g\/","title":{"rendered":"Unox H\u00fchnerw\u00fcrstchen 400 g"},"content":{"rendered":"<p>Unox H\u00fchnerw\u00fcrstchen 400 g<br \/>\n<strong>Inhaltsstoff: <\/strong>Carnati: carne de pui 38%, carne separatoare de pui 26%, apa, faina de orez, amidon de cartofi, sare, fibre de grau, colagen bovin, colagen de pui, arom\u0103 de fum, stabilizator (E451, E452), ulei de rapit\u0103, piper alb , extract de nucsoara, extract de boia, extract de rozmarin (E301), conservant E250., Se toarn\u0103: apa, sare.<strong><br \/>\nAllergene:<\/strong> grau<br \/>\n<strong>Vorbereitung:<\/strong> Intr-o tigaie: inc\u0103lziti de preferint\u0103 crenvursti incet \u00een lichid, fara a le permite sa fiarba. In cuptorul cu microunde: Aseza\u021bi crenvursti unul langa altul pe o farfurie. Incalzitii timp de 1\u00bd minute la 450 Watt. Crenvursti sunt, de asemenea, gustosi si reci.<strong><br \/>\nLagerungsbedingungen:<\/strong><br \/>\nAn einem k\u00fchlen, trockenen Ort aufbewahren.<br \/>\nDup\u0103 deschiderea cutiei, crenvursti pot fi pastrati acoperiti timp de 1 zi la frigider.<br \/>\nPr\u00e4sentation : Dose mit Schl\u00fcssel<\/p>\n<p><strong>N\u00e4hrwertangaben \/ 100g: <\/strong><br \/>\nEnergie 613 kJ (146 kcal)<br \/>\nGrasimi 8,3 g din care saturati 2,6 g<br \/>\nCarbohidrati 6,4 g din care zaharuri &lt;0,5 g<br \/>\nEiwei\u00df 13 g<br \/>\nSalz 2 g<\/p>\n<div dir=\"auto\">Hergestellt in den Niederlanden von Unilever Nederland Unox, Postbus 160 3000 AD AD Rotterdam<br \/>\nEinf\u00fchrer und H\u00e4ndler Total Blue Impex SRL<\/div>\n<div dir=\"auto\">Nou ! Click &amp; Collect <span style=\"font-size: 14.4px\">Total Blau <\/span>!<\/div>\n<div dir=\"auto\">Bestellen Sie Ihre Lieblingsprodukte und holen Sie Ihre Bestellung ab, wenn Sie Zeit haben!<\/div>\n<div dir=\"auto\">Cu serviciul Click &amp; Collect <span style=\"font-size: 14.4px\">Total Blau <\/span>iti po\u021bi rezerva online produsele, iar in intervalul orar 08:00-21:00 le poti ridica din locatia situata in Bucuresti, Sector 6, Bulevardul Uverturii 69 A<\/div>\n<div dir=\"auto\">Nachdem Sie Ihre Bestellung aufgegeben und registriert haben, werden Sie benachrichtigt (per Telefon, E-Mail oder SMS), wann Sie Ihre Bestellung abholen k\u00f6nnen.<\/div>\n<div dir=\"auto\">Nu se percep taxe suplimentare pentru Click &amp; Collect <span style=\"font-size: 14.4px\">Total Blau<\/span><\/div>\n<div dir=\"auto\">Sie bezahlen die gekauften Artikel entweder online zum Zeitpunkt der Bestellung oder bar\/mit Karte direkt im Gesch\u00e4ft bei der Abholung.<\/div>\n<div dir=\"auto\">Incearca acum noul serviciu Click &amp; Collect <span style=\"font-size: 14.4px\">Total Blau <\/span>!<\/div>\n<p><a href=\"https:\/\/totalblue.ro\/wp-content\/uploads\/2021\/02\/beter-leven.jpeg\"><img loading=\"lazy\" decoding=\"async\" class=\"alignnone wp-image-27415\" src=\"https:\/\/totalblue.ro\/wp-content\/uploads\/2021\/02\/beter-leven-711x400.jpeg\" alt=\"\" width=\"188\" height=\"106\" srcset=\"https:\/\/totalblue.ro\/wp-content\/uploads\/2021\/02\/beter-leven-711x400.jpeg 711w, https:\/\/totalblue.ro\/wp-content\/uploads\/2021\/02\/beter-leven-510x287.jpeg 510w, https:\/\/totalblue.ro\/wp-content\/uploads\/2021\/02\/beter-leven-768x432.jpeg 768w, https:\/\/totalblue.ro\/wp-content\/uploads\/2021\/02\/beter-leven-600x337.jpeg 600w, https:\/\/totalblue.ro\/wp-content\/uploads\/2021\/02\/beter-leven-100x56.jpeg 100w, https:\/\/totalblue.ro\/wp-content\/uploads\/2021\/02\/beter-leven.jpeg 978w\" sizes=\"auto, (max-width: 188px) 100vw, 188px\" \/><\/a><\/p>","protected":false},"excerpt":{"rendered":"<p>Unox H\u00fchnerw\u00fcrstchen 400 g<\/p>","protected":false},"featured_media":28223,"comment_status":"open","ping_status":"closed","template":"","meta":{"_acf_changed":false,"_seopress_robots_primary_cat":"none","_seopress_titles_title":"","_seopress_titles_desc":"","_seopress_robots_index":""},"product_brand":[1925],"product_cat":[1555,3272,1767],"giftcard-category":[],"class_list":{"0":"post-28222","1":"product","2":"type-product","3":"status-publish","4":"has-post-thumbnail","6":"product_brand-unox","7":"product_cat-bacanie","8":"product_cat-conserve","9":"product_cat-produse-olanda","11":"first","12":"instock","13":"taxable","14":"shipping-taxable","15":"purchasable","16":"product-type-simple"},"acf":[],"_links":{"self":[{"href":"https:\/\/totalblue.ro\/de\/wp-json\/wp\/v2\/product\/28222","targetHints":{"allow":["GET"]}}],"collection":[{"href":"https:\/\/totalblue.ro\/de\/wp-json\/wp\/v2\/product"}],"about":[{"href":"https:\/\/totalblue.ro\/de\/wp-json\/wp\/v2\/types\/product"}],"replies":[{"embeddable":true,"href":"https:\/\/totalblue.ro\/de\/wp-json\/wp\/v2\/comments?post=28222"}],"wp:featuredmedia":[{"embeddable":true,"href":"https:\/\/totalblue.ro\/de\/wp-json\/wp\/v2\/media\/28223"}],"wp:attachment":[{"href":"https:\/\/totalblue.ro\/de\/wp-json\/wp\/v2\/media?parent=28222"}],"wp:term":[{"taxonomy":"product_brand","embeddable":true,"href":"https:\/\/totalblue.ro\/de\/wp-json\/wp\/v2\/product_brand?post=28222"},{"taxonomy":"product_cat","embeddable":true,"href":"https:\/\/totalblue.ro\/de\/wp-json\/wp\/v2\/product_cat?post=28222"},{"taxonomy":"giftcard-category","embeddable":true,"href":"https:\/\/totalblue.ro\/de\/wp-json\/wp\/v2\/giftcard-category?post=28222"}],"curies":[{"name":"wp","href":"https:\/\/api.w.org\/{rel}","templated":true}]}}