{"id":28235,"date":"2021-03-31T16:41:14","date_gmt":"2021-03-31T13:41:14","guid":{"rendered":"https:\/\/totalblue.ro\/?post_type=product&#038;p=28235"},"modified":"2026-04-02T12:22:04","modified_gmt":"2026-04-02T09:22:04","slug":"fruhstucksbrot-mit-vollkorngetreide-500-g","status":"publish","type":"product","link":"https:\/\/totalblue.ro\/de\/produs\/brinta-mic-dejun-cu-cereale-integrale-500-g\/","title":{"rendered":"Brinta Vollkorn-Fr\u00fchst\u00fcckscerealien 500 g"},"content":{"rendered":"<p>Brinta Volkoren graanontbijt 500 g<br \/>\nBrinta Vollkorn-Fr\u00fchst\u00fcckscerealien 500 g<br \/>\nBrinta ist das komplette Fr\u00fchst\u00fcck. Brinta enth\u00e4lt Vollkorn 100% und ist eine nat\u00fcrliche Quelle von 6 Vitaminen und Mineralien, Quelle von Ballaststoffen, Quelle von Vitamin B1. Ideal f\u00fcr einen starken Start in jeden Tag!<br \/>\nBrinta enth\u00e4lt Eisen. Brinta enth\u00e4lt auch Magnesium, das f\u00fcr starke Muskeln und Knochen empfohlen wird.<br \/>\nMarke: Brinta<br \/>\nGewicht 500 g \/ 540 g<br \/>\nAufmachung: Pappkarton. Recycelbare Verpackung.<br \/>\n<strong>Inhaltsstoff: <\/strong>Weizenvollkornmehl, Salz<br \/>\n<strong>Allergene<br \/>\n<\/strong>Glutenhaltiges Getreide, Weizen<br \/>\n<strong>Vorbereiten:<br \/>\n<\/strong>1. 250 ml Milch in einem Kochtopf oder 1\u00bd Minuten in der Mikrowelle bei etwa 750-900 Watt erhitzen.<br \/>\n2. Die warme Milch in eine Sch\u00fcssel gie\u00dfen und 4 Essl\u00f6ffel Brinta (35 g) hinzuf\u00fcgen.<br \/>\n3. Brinta gut mischen.<br \/>\nGeben Sie nach der Zubereitung eines Fruchtshakes 2 gro\u00dfz\u00fcgige Kugeln Brinta f\u00fcr einen zus\u00e4tzlichen Ballaststoffschub hinzu.<br \/>\n<strong>Lagerungsbedingungen:<\/strong><br \/>\nAn einem k\u00fchlen, trockenen Ort aufbewahren.<\/p>\n<p><strong>N\u00e4hrwerte\/100g:<br \/>\n<\/strong>Energie 1457 kJ \/ 345 Kcal<br \/>\nFett 2,1 g, davon ges\u00e4ttigt 0,3 g<br \/>\nKohlenhydrate 61 g, davon Zucker 5,6 g<br \/>\nBallaststoffe 11 g<br \/>\nEiwei\u00df 15 g<br \/>\nSalz 0,01 g<br \/>\nVitamin B1 \/ Thiamin 0,43 mg 39%<br \/>\nVitamin B11 \/ Fols\u00e4ure 63 \u00b5g 31%<br \/>\nPhosphor 297 mg 42%<br \/>\nMagnesium 96 mg 26%<br \/>\nEisen 3,9 mg 28%<br \/>\nZink 2,7 mg 27%<\/p>\n<p>Hergestellt in den Niederlanden von BRINTA CONSUMENTENSERVICE<br \/>\nAntwoordnummer 98057 1000 VA Amsterdam<br \/>\nEinf\u00fchrer und H\u00e4ndler Total Blue Impex SRL<strong><br \/>\n<\/strong><\/p>","protected":false},"excerpt":{"rendered":"<p>Brinta Volkoren graanontbijt 500 g<br \/>\nBrinta Vollkorn-Fr\u00fchst\u00fcckscerealien 500 g<\/p>","protected":false},"featured_media":28236,"comment_status":"open","ping_status":"closed","template":"","meta":{"_acf_changed":false,"_seopress_robots_primary_cat":"none","_seopress_titles_title":"Brinta Mic dejun cu cereale integrale 500 g","_seopress_titles_desc":"Cauti Brinta? Cauti cereale Brinta? Cumpara acum online cereale Brinta , Brinta Mic dejun cu cereale integrale cereale import Olanda, cereale integrale","_seopress_robots_index":""},"product_brand":[2013],"product_cat":[1555,1506,3304,1767],"giftcard-category":[],"class_list":{"0":"post-28235","1":"product","2":"type-product","3":"status-publish","4":"has-post-thumbnail","6":"product_brand-brinta","7":"product_cat-bacanie","8":"product_cat-cafea-ceai-mic-dejun","9":"product_cat-mic-dejun-produse-olanda","10":"product_cat-produse-olanda","12":"first","13":"outofstock","14":"taxable","15":"shipping-taxable","16":"purchasable","17":"product-type-simple"},"acf":[],"_links":{"self":[{"href":"https:\/\/totalblue.ro\/de\/wp-json\/wp\/v2\/product\/28235","targetHints":{"allow":["GET"]}}],"collection":[{"href":"https:\/\/totalblue.ro\/de\/wp-json\/wp\/v2\/product"}],"about":[{"href":"https:\/\/totalblue.ro\/de\/wp-json\/wp\/v2\/types\/product"}],"replies":[{"embeddable":true,"href":"https:\/\/totalblue.ro\/de\/wp-json\/wp\/v2\/comments?post=28235"}],"wp:featuredmedia":[{"embeddable":true,"href":"https:\/\/totalblue.ro\/de\/wp-json\/wp\/v2\/media\/28236"}],"wp:attachment":[{"href":"https:\/\/totalblue.ro\/de\/wp-json\/wp\/v2\/media?parent=28235"}],"wp:term":[{"taxonomy":"product_brand","embeddable":true,"href":"https:\/\/totalblue.ro\/de\/wp-json\/wp\/v2\/product_brand?post=28235"},{"taxonomy":"product_cat","embeddable":true,"href":"https:\/\/totalblue.ro\/de\/wp-json\/wp\/v2\/product_cat?post=28235"},{"taxonomy":"giftcard-category","embeddable":true,"href":"https:\/\/totalblue.ro\/de\/wp-json\/wp\/v2\/giftcard-category?post=28235"}],"curies":[{"name":"wp","href":"https:\/\/api.w.org\/{rel}","templated":true}]}}