{"id":28306,"date":"2021-04-01T16:51:07","date_gmt":"2021-04-01T13:51:07","guid":{"rendered":"https:\/\/totalblue.ro\/?post_type=product&#038;p=28306"},"modified":"2026-01-17T18:07:03","modified_gmt":"2026-01-17T16:07:03","slug":"condimente-conimex-mix-bami-speciaal-37g","status":"publish","type":"product","link":"https:\/\/totalblue.ro\/de\/produs\/condimente-conimex-mix-bami-speciaal-37g\/","title":{"rendered":"Condimente Conimex Mix bami Speciaal 37g"},"content":{"rendered":"<p>Conimex Mix bami speciaal 37g<br \/>\nCondimente Conimex Mix bami Speciaal 37g<br \/>\nTimp aproximativ de gatire 25 minute.<br \/>\nRecomandat pentru 3-4 persoane.<br \/>\n1 Cutie contine 1 plic amestec condimente, 1 plic amestec legume.<br \/>\n<strong>Inhaltsstoff:<\/strong> Amestec de condimente: sare, zahar, extract de drojdie (con\u021bine orz), aroma naturala, usturoi, ghimbir, pudra de sos de soia (sare, faina de grau, soia), amidon de cartofi, ceapa, coriandru, turmeric, praz, semin\u021be de chimen, rapita ulei. Amestec de legume: ceapa, morcov, praz, ulei de rapita.<br \/>\n<strong>Allergene:<\/strong> soia, orz, grau. Poate contine oua, lapte, cereale care contin gluten, telina, mustar.<br \/>\n<strong>Lagerung:<\/strong> An einem trockenen Ort bei Raumtemperatur aufbewahren.<\/p>\n<p><strong>Ern\u00e4hrung:<\/strong><br \/>\nEnergie 1208 kJ (286 kcal)<br \/>\nGrasime 2,2 g din care saturate 0,4 g<br \/>\nCarbohidrati 50 g din care zaharuri 23 g<br \/>\nBallaststoffe 11 g<br \/>\nEiwei\u00df 11 g<br \/>\nSare 22.1 g<\/p>\n<p><strong>Empfohlene Zubereitung:<\/strong><\/p>\n<p>1. Gatiti \/ fierbeti taietei \/ paste (conform instructiuni de la fiecare model ).Scurgeti pastele, apoi clatiti cu apa rece.<br \/>\n2. Taiati carne de porc in bucatele si prajiti-o rapid in tigaie.<br \/>\n3. Amestecati cubuletele de porc cu 2 linguri de ulei de wok ( orice alt ulei ) pana se rumenesc.<br \/>\n4. Adaugati pachetul de Bami Speciaal si amestecati timp de aproximativ 3 minute.<br \/>\n5. Adaugati si amestecul de legume impreuna cu 100 ml apa. Amestecati pana se evapora apa.<br \/>\n6. Adaugati pastele mentineti la foc mic. Timp aproximativ de gatire 25 minute.<\/p>\n<p>Conimex bezieht seit 1932 k\u00f6stliche authentische orientalische Aromen aus den Niederlanden und hat sich im Laufe der Jahre zu einer bekannten Marke mit einem inspirierenden Sortiment von \u00fcber 150 Produkten entwickelt. Viele der Rohstoffe werden direkt aus L\u00e4ndern des Fernen Ostens wie Indonesien, China und Thailand importiert. Mit den Produkten von Conimex k\u00f6nnen Sie in nur wenigen Schritten ein gro\u00dfartiges Gericht mit k\u00f6stlichen orientalischen Aromen zubereiten.<\/p>","protected":false},"excerpt":{"rendered":"<p>Conimex Mix bami speciaal 37g<br \/>\nCondimente Conimex Mix bami Speciaal 37g<\/p>","protected":false},"featured_media":28307,"comment_status":"open","ping_status":"closed","template":"","meta":{"_acf_changed":false,"_seopress_robots_primary_cat":"none","_seopress_titles_title":"","_seopress_titles_desc":"Comanda acum Conimex Mix bami speciaal 37g - Condimente Conimex Mix bami Speciaal 37g cu livrare rapida pana la usa ta","_seopress_robots_index":""},"product_brand":[1949],"product_cat":[1555,3280,1451,17494,1767],"giftcard-category":[],"class_list":{"0":"post-28306","1":"product","2":"type-product","3":"status-publish","4":"has-post-thumbnail","6":"product_brand-conimex","7":"product_cat-bacanie","8":"product_cat-condimente-sosuri","9":"product_cat-condimente-produse-instant","10":"product_cat-influente-asiatice","11":"product_cat-produse-olanda","13":"first","14":"outofstock","15":"taxable","16":"shipping-taxable","17":"purchasable","18":"product-type-simple"},"acf":[],"_links":{"self":[{"href":"https:\/\/totalblue.ro\/de\/wp-json\/wp\/v2\/product\/28306","targetHints":{"allow":["GET"]}}],"collection":[{"href":"https:\/\/totalblue.ro\/de\/wp-json\/wp\/v2\/product"}],"about":[{"href":"https:\/\/totalblue.ro\/de\/wp-json\/wp\/v2\/types\/product"}],"replies":[{"embeddable":true,"href":"https:\/\/totalblue.ro\/de\/wp-json\/wp\/v2\/comments?post=28306"}],"wp:featuredmedia":[{"embeddable":true,"href":"https:\/\/totalblue.ro\/de\/wp-json\/wp\/v2\/media\/28307"}],"wp:attachment":[{"href":"https:\/\/totalblue.ro\/de\/wp-json\/wp\/v2\/media?parent=28306"}],"wp:term":[{"taxonomy":"product_brand","embeddable":true,"href":"https:\/\/totalblue.ro\/de\/wp-json\/wp\/v2\/product_brand?post=28306"},{"taxonomy":"product_cat","embeddable":true,"href":"https:\/\/totalblue.ro\/de\/wp-json\/wp\/v2\/product_cat?post=28306"},{"taxonomy":"giftcard-category","embeddable":true,"href":"https:\/\/totalblue.ro\/de\/wp-json\/wp\/v2\/giftcard-category?post=28306"}],"curies":[{"name":"wp","href":"https:\/\/api.w.org\/{rel}","templated":true}]}}