{"id":28324,"date":"2021-04-02T10:53:01","date_gmt":"2021-04-02T07:53:01","guid":{"rendered":"https:\/\/totalblue.ro\/?post_type=product&#038;p=28324"},"modified":"2025-08-05T14:23:29","modified_gmt":"2025-08-05T11:23:29","slug":"supa-de-legume-thaise-cu-ciuperci-shiitake-conimex-570-ml","status":"publish","type":"product","link":"https:\/\/totalblue.ro\/de\/produs\/supa-de-legume-thaise-cu-ciuperci-shiitake-conimex-570-ml\/","title":{"rendered":"Supa de legume Thaise cu ciuperci Shiitake, Conimex 570 ml"},"content":{"rendered":"<p>Cantitatea ideala pentru 2 portii de supa.<br \/>\nConimex Thaise groentesoep 570 ml<br \/>\nSupa de legume Thaise cu ciuperci Shiitake, Conimex 570 ml<br \/>\nSupa de legume Thaise cu ciuperci Shiitake, dupa incalzire se poate orna cu frunze de coriandru proaspat tocate si \/ sau ceapa verde<br \/>\n<strong>Vorbereitung:<\/strong> Die Verpackung nicht in die Mikrowelle stellen! Die Suppe nicht kochen! Geben Sie die Suppe in eine Sch\u00fcssel und erhitzen Sie sie 3 Minuten lang bei ca. 600 Watt in der Mikrowelle oder erhitzen Sie sie direkt in einer Kasserolle oder einem Topf unter leichtem R\u00fchren. Nach dem Erhitzen ist sie bereit zum Genie\u00dfen!<br \/>\n<strong>Inhaltsstoff: <\/strong>apa, lapte de cocos 7,4%, legume 5,7% (ardei rosu 3,8%, ceapa de primavara), shiitake 2,4%, amidon de porumb modificat, ulei de rapita, zahar, condimente (ghimbir 0,4%, ardei iute rosu, usturoi, turmeric), lapte praf, sare, extract de drojdie, aroma, condimente (iarba de lamaie 0,2%, frunze de coriandru, frunze de tei kaffir), concentrat de suc de lamaie, stabilizator (E451, E452)<br \/>\n<strong>Mod pastrare:<\/strong> Dup\u0103 deschiderea pungii, aceast\u0103 sup\u0103 poate fi p\u0103strat\u0103 maxim 2 zile la frigider. Inchideti punga.<br \/>\n<strong>Allergene:<\/strong> Milch<br \/>\n<strong>Ern\u00e4hrung \/ 100ml:<\/strong><br \/>\nEnergie 207 kJ (48 kcal)<br \/>\nFett 3,4 g<br \/>\ndin care saturate 2,1 g<br \/>\nCarbohidrati 3,5 g<br \/>\ndin care zaharuri 1,9 g<br \/>\nFibre dietetice &lt;0,5 g<br \/>\nProteine \u200b\u200b1,1 g<br \/>\nSare 0,68 g<br \/>\n<strong>Produs certificat de Uniunea Vegetarian\u0103 European\u0103<br \/>\n<\/strong><\/p>\n<p><a href=\"https:\/\/totalblue.ro\/wp-content\/uploads\/2021\/02\/vegetarian.jpeg\"><img loading=\"lazy\" decoding=\"async\" class=\"alignnone wp-image-27413\" src=\"https:\/\/totalblue.ro\/wp-content\/uploads\/2021\/02\/vegetarian.jpeg\" alt=\"\" width=\"158\" height=\"158\" srcset=\"https:\/\/totalblue.ro\/wp-content\/uploads\/2021\/02\/vegetarian.jpeg 225w, https:\/\/totalblue.ro\/wp-content\/uploads\/2021\/02\/vegetarian-100x100.jpeg 100w\" sizes=\"auto, (max-width: 158px) 100vw, 158px\" \/><\/a><\/p>\n<p>&nbsp;<\/p>","protected":false},"excerpt":{"rendered":"<p>Conimex Thaise groentesoep 570 ml<br \/>\nSupa de legume Thaise cu ciuperci Shiitake, Conimex 570 ml<\/p>","protected":false},"featured_media":28325,"comment_status":"open","ping_status":"closed","template":"","meta":{"_acf_changed":false,"_seopress_robots_primary_cat":"none","_seopress_titles_title":"","_seopress_titles_desc":"Comanda acum online Conimex Thaise groentesoep 570 ml - Supa de legume Thaise cu ciuperci Shiitake, Conimex 570 ml","_seopress_robots_index":""},"product_brand":[1949],"product_cat":[1555,1683,3272,17494,1767],"giftcard-category":[],"class_list":{"0":"post-28324","1":"product","2":"type-product","3":"status-publish","4":"has-post-thumbnail","6":"product_brand-conimex","7":"product_cat-bacanie","8":"product_cat-conserve-mancare-gatita","9":"product_cat-conserve","10":"product_cat-influente-asiatice","11":"product_cat-produse-olanda","13":"first","14":"outofstock","15":"taxable","16":"shipping-taxable","17":"purchasable","18":"product-type-simple"},"acf":[],"_links":{"self":[{"href":"https:\/\/totalblue.ro\/de\/wp-json\/wp\/v2\/product\/28324","targetHints":{"allow":["GET"]}}],"collection":[{"href":"https:\/\/totalblue.ro\/de\/wp-json\/wp\/v2\/product"}],"about":[{"href":"https:\/\/totalblue.ro\/de\/wp-json\/wp\/v2\/types\/product"}],"replies":[{"embeddable":true,"href":"https:\/\/totalblue.ro\/de\/wp-json\/wp\/v2\/comments?post=28324"}],"wp:featuredmedia":[{"embeddable":true,"href":"https:\/\/totalblue.ro\/de\/wp-json\/wp\/v2\/media\/28325"}],"wp:attachment":[{"href":"https:\/\/totalblue.ro\/de\/wp-json\/wp\/v2\/media?parent=28324"}],"wp:term":[{"taxonomy":"product_brand","embeddable":true,"href":"https:\/\/totalblue.ro\/de\/wp-json\/wp\/v2\/product_brand?post=28324"},{"taxonomy":"product_cat","embeddable":true,"href":"https:\/\/totalblue.ro\/de\/wp-json\/wp\/v2\/product_cat?post=28324"},{"taxonomy":"giftcard-category","embeddable":true,"href":"https:\/\/totalblue.ro\/de\/wp-json\/wp\/v2\/giftcard-category?post=28324"}],"curies":[{"name":"wp","href":"https:\/\/api.w.org\/{rel}","templated":true}]}}