{"id":28393,"date":"2021-04-06T14:28:05","date_gmt":"2021-04-06T11:28:05","guid":{"rendered":"https:\/\/totalblue.ro\/?post_type=product&#038;p=28393"},"modified":"2026-03-26T10:14:44","modified_gmt":"2026-03-26T08:14:44","slug":"nestle-pyjamapapje-cu-biscuite-pentru-bebelusi-6-luni-3x250-ml","status":"publish","type":"product","link":"https:\/\/totalblue.ro\/de\/produs\/nestle-pyjamapapje-cu-biscuite-pentru-bebelusi-6-luni-3x250-ml\/","title":{"rendered":"Cereale gata preparate, Nestl\u00e9 Pyjamapapje, 6-36 luni, Biscuiti, 3\u00d7250ml"},"content":{"rendered":"<p>Nestl\u00e9 Pyjamapapje biscuit 6+ baby pap 3 x250 ml.<br \/>\nNestl\u00e9 Pyjamapapje cu biscuite pentru bebelusi +6 Luni 3&#215;250 ml<br \/>\nNestl\u00e9 Pyjamapapje cu biscuite, produs pe baza de lapte, cereale si 2,7% biscuiti.<br \/>\nNestl\u00e9 Pyjamapapje cu biscuite pentru bebelusi este un terci delicios gata preparat si contine vitamina D. Poate fi folosit in biberon, cana de invatare sau in farfurie. Ideal inainte de culcare!<br \/>\nRecomandat pentru bebelusi intre +6 Luni si 36 Luni<br \/>\nNestl\u00e9 Pyjamapapje cu biscuite pentru bebelusi este bogat in calciu, fier, vitamina D. Este important ca bebelusul dumneavoastra sa aiba o dieta variata \u0219i echilibrata, un stil de viata sanatos.<br \/>\nUn pachet 750 ml contine 3 bucati ( portii ) x 250 ml<br \/>\n<strong>Inhaltsstoff:\u00a0<\/strong> lapte 90,1% (apa, lapte degresat, amidon, uleiuri vegetale (floarea soarelui, nuca de cocos, rapita (acid erucic sc\u0103zut)), zer praf (lapte), zahar (0,83%), smantana, maltodextrina, vitamine , E, niacin\u0103, acid pantotenic, A, D, K, B1, B6, B2, acid folic, biotin\u0103, B12), pirofosfat de fier, sulfat de zinc, iodur\u0103 de potasiu), f\u0103in\u0103 de GR\u00c2U 7,8% (par\u021bial hidrolizat\u0103), caramel 0,96% (zah\u0103r, ap\u0103), uleiuri vegetale (floarea soarelui, nuc\u0103 de cocos, rapi\u021b\u0103 (acid erucic scazut)), carbonat de calciu, lapte praf degresat, vitamine (C, E, niacina, acid pantotenic, A, D, K, B1, B6, B2 , acid folic, biotina, B12), aroma: vanilina, pirofosfat de fier, sulfat de zinc, iodura de potasiu.<br \/>\n<strong>Allergene:<\/strong> Lapte, cereale care con\u021bin gluten, grau<br \/>\n<strong>Mod de Pregatire \/ Mod de utilizare:<\/strong><br \/>\n1) Agitati bine pachetul inainte de utilizare.<br \/>\n2) Rupeti sau taiati pachetul in partea de sus. Se toarna pasta intr-o sticla \/ biberon sau o can\u0103 de baut.<br \/>\n3) incalziti pasta intr-o sticla sau o cana de baut, intr-o incalzitor pentru sticle sau la cuptorul cu microunde, timp de 45 de secunde la 500 de wati.<br \/>\nVerificati intotdeauna temperatura inainte de a da Nestl\u00e9 Pyjamapapje cu biscuite bebelusului dumneavoastra. Nu incalziti pachetul direct in cuptorul cu microunde.<br \/>\nNestl\u00e9 Pyjamapapje cu biscuite se poate da \/ servi bebelusului, rece sau cald. Nestl\u00e9 PajamaPapje poate fi depozitat nedeschis la temperatura camerei.<br \/>\nA se pastra la frigider dup\u0103 deschidere (maxim 24 de ore). Nu pastrati resturile de mancare incalzita.<br \/>\n<strong>N\u00e4hrwertangaben:<\/strong><br \/>\nEnergie 372 kJ (89 kcal)<br \/>\nGrasime 2,6 g din care saturati 0,4 g<br \/>\nCarbohidrati 13 g din care zaharuri 5.4 g<br \/>\nBallaststoffe 0,5 g<br \/>\nEiwei\u00df 2,8 g<br \/>\nSalz 0,07 g<br \/>\nCalciu 122 mg 31%<br \/>\nFier 2,1 mg 35%<br \/>\nZinc 0,85 mg 21%<br \/>\nIod 17 \u00b5g 24%<br \/>\nVitamina A 89,1 \u00b5g 22%<br \/>\nVitamina D 1,6 \u00b5g 16%<br \/>\nVitamina E 1,2 mg 23%<br \/>\nVitamina K 5,1 \u00b5g 42%<br \/>\nVitamina C 13 mg 53%<br \/>\nVitamina B1 \/ tiamina 0,15 mg 30%<br \/>\nVitamina B2 \/ Riboflavina 0,15 mg 19%<br \/>\nVitamina B3 \/ Niacina 0,64 mg 7%<br \/>\nVitamina B5 \/ acid pantotenic 0,71 mg 24%<br \/>\nVitamina B6 \/ piridoxina 0,085 mg 12%<br \/>\nVitamina H \/ Biotina 2,5 \u00b5g 25%<br \/>\nVitamina B11 \/ acid folic 14,3 \u00b5g 14%<br \/>\nVitamina B12 \/ Ciano-Cobalamina 0,074 \u00b5g 11%<br \/>\nFabricat in Olanda de Nestl\u00e9 Nederland, Postbus 134, 1180 AC Amstelveen<br \/>\nEinf\u00fchrer und H\u00e4ndler Total Blue Impex SRL<\/p>","protected":false},"excerpt":{"rendered":"<p>Nestl\u00e9 Pyjamapapje biscuit 6+ baby pap 3 x250 ml.<br \/>\nNestl\u00e9 Pyjamapapje cu biscuite pentru bebelusi +6 Luni 3&#215;250 ml<\/p>","protected":false},"featured_media":39797,"comment_status":"open","ping_status":"closed","template":"","meta":{"_acf_changed":false,"_seopress_robots_primary_cat":"1767","_seopress_titles_title":"","_seopress_titles_desc":"Nestl\u00e9 Pyjamapapje biscuit 6+ baby pap 3 x250 ml. Nestl\u00e9 Pyjamapapje cu biscuite pentru bebelusi +6 Luni 3x250 ml","_seopress_robots_index":""},"product_brand":[6197],"product_cat":[1984,1520,5677,1767],"giftcard-category":[],"class_list":{"0":"post-28393","1":"product","2":"type-product","3":"status-publish","4":"has-post-thumbnail","6":"product_brand-nestle","7":"product_cat-hrana-bebelusi","8":"product_cat-mama-copilul","9":"product_cat-mancare-si-accesorii-bebe","10":"product_cat-produse-olanda","12":"first","13":"instock","14":"taxable","15":"shipping-taxable","16":"purchasable","17":"product-type-simple"},"acf":[],"_links":{"self":[{"href":"https:\/\/totalblue.ro\/de\/wp-json\/wp\/v2\/product\/28393","targetHints":{"allow":["GET"]}}],"collection":[{"href":"https:\/\/totalblue.ro\/de\/wp-json\/wp\/v2\/product"}],"about":[{"href":"https:\/\/totalblue.ro\/de\/wp-json\/wp\/v2\/types\/product"}],"replies":[{"embeddable":true,"href":"https:\/\/totalblue.ro\/de\/wp-json\/wp\/v2\/comments?post=28393"}],"wp:featuredmedia":[{"embeddable":true,"href":"https:\/\/totalblue.ro\/de\/wp-json\/wp\/v2\/media\/39797"}],"wp:attachment":[{"href":"https:\/\/totalblue.ro\/de\/wp-json\/wp\/v2\/media?parent=28393"}],"wp:term":[{"taxonomy":"product_brand","embeddable":true,"href":"https:\/\/totalblue.ro\/de\/wp-json\/wp\/v2\/product_brand?post=28393"},{"taxonomy":"product_cat","embeddable":true,"href":"https:\/\/totalblue.ro\/de\/wp-json\/wp\/v2\/product_cat?post=28393"},{"taxonomy":"giftcard-category","embeddable":true,"href":"https:\/\/totalblue.ro\/de\/wp-json\/wp\/v2\/giftcard-category?post=28393"}],"curies":[{"name":"wp","href":"https:\/\/api.w.org\/{rel}","templated":true}]}}